{"id":13,"date":"2026-04-03T22:47:54","date_gmt":"2026-04-03T20:47:54","guid":{"rendered":"https:\/\/me-cfs.se\/info\/?page_id=13"},"modified":"2026-04-03T23:13:38","modified_gmt":"2026-04-03T21:13:38","slug":"handledningar","status":"publish","type":"page","link":"https:\/\/me-cfs.se\/info\/myalgisk-encefalomyelit\/handledningar\/","title":{"rendered":"Handledningar"},"content":{"rendered":"<p>Handledningar f\u00f6r l\u00e4kare, sk\u00f6terskor och hemv\u00e5rdare f\u00f6r diagnos, behandling, v\u00e5rd och omsorg av patienter med myalgisk encefalomyelit (ME).<\/p>\n<h3>Internationella koncensuskriterierna f\u00f6r myalgisk encefalomyelit<\/h3>\n<p>Myalgic Encephalomyelitis: International Consensus Criteria. Bruce M Carruthers mfl. J Intern Med. 2011 Jul 20.<\/p>\n<p><a href=\"https:\/\/me-foreningen.se\/filer\/ME-criteria-2011.pdf\" target=\"_blank\" rel=\"noopener noreferrer\">Kriterierna p\u00e5 utskriftsv\u00e4nligt format<\/a><br \/><a href=\"http:\/\/onlinelibrary.wiley.com\/doi\/10.1111\/j.1365-2796.2011.02428.x\/pdf\" target=\"_blank\" rel=\"noopener noreferrer\">Hela artikeln<br \/><\/a><a href=\"\/info\/Filer\/ICC-2011-primer.pdf\" target=\"_blank\" rel=\"noopener noreferrer\">Introduktion f\u00f6r l\u00e4kare<\/a><\/p>\n<h3>Omh\u00e4ndertagande av patienter med sv\u00e5r ME<\/h3>\n<p>Montoya JG, Dowell TG, Mooney AE, Dimmock ME, Chu L. \u201cCaring for the Patient with Severe or Very Severe Myalgic Encephalomyelitis\/Chronic Fatigue Syndrome\u201d. Healthcare. 2021; 9(10):1331. <a title=\"Caring for the Patient with Severe or Very Severe Myalgic Encephalomyelitis\/Chronic Fatigue Syndrome \" href=\"https:\/\/doi.org\/10.3390\/healthcare9101331\" target=\"_blank\" rel=\"noopener noreferrer\">https:\/\/doi.org\/10.3390\/healthcare9101331<\/a><\/p>\n<h3>Kanadas koncensusdokument<\/h3>\n<p>En handledning f\u00f6r diagnos och behandling av ME patienter, som \u00e4r gjord av en internationell specialistgrupp p\u00e5 11 l\u00e4kare.<\/p>\n<h4>Diagnoskriterier p\u00e5 svenska<\/h4>\n<p><a href=\"\/info\/Filer\/Kanada_kriterier.pdf\" target=\"_blank\" rel=\"alternate noopener noreferrer\">Kanadas diagnoskriterier f\u00f6r myalgisk encefalomyelit (ME)<\/a><\/p>\n<h4>\u00d6versikt<\/h4>\n<p><a href=\"http:\/\/me-foreningen.se\/filer\/Overview-Canada-2003.pdf\" target=\"_blank\" rel=\"noopener noreferrer\">An Overview of the Canadian Consensus Document<\/a><\/p>\n<p><a href=\"http:\/\/www.mefmaction.com\/images\/stories\/Overviews\/ME-Overview-French3-12-2008.pdf\" target=\"_blank\" rel=\"noopener noreferrer\">Version p\u00e5 franska<\/a><br \/><a href=\"http:\/\/www.mefmaction.com\/images\/stories\/Overviews\/ME%2520Overview-Spanish.pdf\" target=\"_blank\" rel=\"noopener noreferrer\">Version p\u00e5 spanska<\/a><br \/><a href=\"http:\/\/www.mefmaction.com\/images\/stories\/Overviews\/ME-Overview-German-3-31-08.pdf\" target=\"_blank\" rel=\"noopener noreferrer\">Version p\u00e5 tyska<\/a><\/p>\n<h4>Hela dokumentet<\/h4>\n<p>Myalgic Encephalomyelitis\/Chronic Fatigue Syndrome: Clinical Working Case Definition, Diagnostic and Treatment Protocols, Carruthers et al, ISBN 0-7890-2207-9, 2003. Journal of Chronic Fatigue Syndrome, Volume 11, Number 1, 2003.<a href=\"http:\/\/me-foreningen.se\/filer\/Canada-2003.pdf\" target=\"_blank\" rel=\"noopener noreferrer\"><br \/>Kanadas Koncensusdokument<\/a><\/p>\n<h3>Introduktion f\u00f6r l\u00e4kare av IACFS\/ME<\/h3>\n<p>(Baseras p\u00e5 Kanadakriterierna)<\/p>\n<p><a href=\"http:\/\/www.iacfsme.org\/Portals\/0\/PDF\/PrimerFinal3.pdf\" target=\"_blank\" rel=\"noopener noreferrer\">Chronic Fatigue Syndrome\/Myalgic Encephalomyelitis (ME\/CFS): A Primer for Clinical Practitioners. 2012 International Association for Chronic Fatigue Syndrome\/Myalgic Encephalomyelitis (IACFS\/ME). Fred Friedberg mfl.<\/a><\/p>\n<h3>Handledning: barn och ungdomar med ME<\/h3>\n<p>Peter C Rowe, mfl. \u201cMyalgic Encephalomyelitis\/Chronic Fatigue Syndrome Diagnosis and Management in Young People: A Primer\u201d. Frontiers in Pediatrics 2017-06-19. <a href=\"http:\/\/journal.frontiersin.org\/article\/10.3389\/fped.2017.00121\/full\" target=\"_blank\" rel=\"noopener noreferrer\">(l\u00e4nk)<\/a><\/p>\n<h3>Pediatrisk ME handledning<\/h3>\n<p><em>A Pediatric Case Definition for Myalgic Encephalomyelitis and Chronic Fatigue Syndrome<\/em>, Leonard A. Jason et al., <a href=\"http:\/\/www.cfids-cab.org\/MESA\/Jason-1a.pdf\" target=\"_blank\" rel=\"noopener noreferrer\">http:\/\/www.cfids-cab.org\/MESA\/Jason-1a.pdf<\/a><\/p>\n<p>Dokumentet \u00e4r publicerat i b\u00e5de &#8221;Journal of Chronic Fatigue Syndrome&#8221; (The Haworth Medical Press, an imprint of The Haworth Press, Inc.) Vol. 13, No. 2\/3, 2006, pp. 1-44&#8243; och: &#8221;Pediatric Chronic Fatigue Syndrome&#8221; (ed: Kenny L. De Meirleir, Neil R. McGregor, and Elke L. S. Van Hoof)<\/p>\n<h3>Immunst\u00f6rningar kan f\u00f6rklara kroniskt tr\u00f6tthetssyndrom<\/h3>\n<p>Carl-Gerhard Gottfries, Michael Matousek, Olof Zachrisson. Immunst\u00f6rningar kan f\u00f6rklara kroniskt tr\u00f6tthetssyndrom. L\u00e4kartidningen 2009.<br \/><a href=\"http:\/\/www.lakartidningen.se\/07engine.php?articleId=12098\" target=\"_blank\" rel=\"noopener noreferrer\">L\u00e4nk h\u00e4r<\/a><br \/><a href=\"http:\/\/www.lakartidningen.se\/store\/articlepdf\/1\/12098\/2008KV1662f_rhands.pdf\" target=\"_blank\" rel=\"noopener noreferrer\">PDF version h\u00e4r<\/a><\/p>\n<h3>Susanne Merz &#8211; Handledning p\u00e5 svenska om ME<\/h3>\n<p>Behandling vid Chronic Fatigue Syndrome, Susanne Merz, 2008, <a href=\"\/info\/Filer\/2008-behandling-merz.pdf\" target=\"_blank\" rel=\"noopener noreferrer\">l\u00e4nk h\u00e4r<\/a><\/p>\n<h3>Sidsel Kreyberg &#8211; Oslo<\/h3>\n<h4>Svenska<\/h4>\n<ul>\n<li>12 grundregler vid ME (svenska), Sidsel Kreyberg 2005: <a href=\"\/info\/Filer\/grundregler-kreyberg.pdf\" target=\"_blank\" rel=\"noopener noreferrer\">grundregler-kreyberg.pdf<\/a><\/li>\n<li>Kreyberg S. Hanteringen av \u00bbChronic fatigue syndrome\u00bb reflekterar l\u00e4karens \u00bbillness beliefs\u00bb. L\u00e4kartidningen 1999;96:5342 (1999 nr 48 sid 5342). Hittas via l\u00e4kartidningens arkiv: <a href=\"http:\/\/ltarkiv.lakartidningen.se\/\" target=\"_blank\" rel=\"noopener noreferrer\">l\u00e4nk<\/a><\/li>\n<\/ul>\n<h4>Norska<\/h4>\n<ul>\n<li><a href=\"http:\/\/tidsskriftet.no\/article\/1072526\" target=\"_blank\" rel=\"noopener noreferrer\">Kronisk\/postviralt utmattelsessyndrom, Sidsel Kreyberg,<br \/>Tidsskr Nor L\u00e6geforen 2004; 124:2382-3<\/a><\/li>\n<li><a href=\"http:\/\/www.lulu.com\/spotlight\/les_me_meg\" target=\"_blank\" rel=\"noopener noreferrer\">Sidsel Kreyberg har skrifter samlade p\u00e5 Lulu<\/a><\/li>\n<\/ul>\n<h4>Engelska<\/h4>\n<ul>\n<li><a href=\"http:\/\/www.lulu.com\/spotlight\/les_me_meg\" target=\"_blank\" rel=\"noopener noreferrer\">Sidsel Kreyberg har skrifter samlade p\u00e5 Lulu<\/a><\/li>\n<\/ul>\n<h3>F\u00f6r anestesi och operation<\/h3>\n<p>Information ang\u00e5ende anestesi- och operation. Observera att det \u00e4ven g\u00e4ller tandl\u00e4kare.<\/p>\n<ul>\n<li>Prohealth: <em>Anesthesia Recommendations for Chronic Fatigue Syndrome &amp; Myalgic Encephalomyelitis<\/em><br \/><a href=\"http:\/\/www.prohealth.com\/me-cfs\/me-chronic-fatigue-syndrome-anesthesia-recommendations.cfm\" target=\"_blank\" rel=\"alternate noopener noreferrer\">ProHealth<\/a> | <a href=\"https:\/\/web.archive.org\/web\/20160320180507\/http:\/\/www.prohealth.com\/me-cfs\/me-chronic-fatigue-syndrome-anesthesia-recommendations.cfm\" target=\"_blank\" rel=\"alternate noopener noreferrer\">arkiverad<\/a><\/li>\n<li>Dr. Charles Lapp. 2010-01-15. <em>Recommendations for CFS or FM patient facing surgery?<\/em> <a href=\"http:\/\/www.prohealth.com\/me-cfs\/library\/showArticle.cfm?libid=15094\" target=\"_blank\" rel=\"alternate noopener noreferrer\">ProHealth libid=15094<\/a>\u00a0| <a href=\"https:\/\/web.archive.org\/web\/20160320192237\/http:\/\/www.prohealth.com\/me-cfs\/library\/showArticle.cfm?libid=15094\" target=\"_blank\" rel=\"alternate noopener noreferrer\">arkiverad<\/a><\/li>\n<li>Dr. Charles W. Lapp, MD, 2008-01-08<em> Recommendations for Persons with Chronic Fatigue Syndrome (or Fibromyalgia) Who Are Anticipating Surgery<\/em>\u00a0 <a href=\"http:\/\/www.prohealth.com\/library\/showarticle.cfm?libid=13409\" target=\"_blank\" rel=\"alternate noopener noreferrer\">ProHealth libid=13409<\/a>\u00a0| <a href=\"https:\/\/web.archive.org\/web\/20160320175002\/http:\/\/www.prohealth.com\/library\/showarticle.cfm?libid=13409\" target=\"_blank\" rel=\"alternate noopener noreferrer\">arkiverad<\/a><\/li>\n<li>\n<p><em>Surgery, Anesthesia and CFS\/FM\/MCS<\/em>. compiled by Melissa Kaplan<br \/><a href=\"http:\/\/www.anapsid.org\/cnd\/drugs\/anesthesia.html\" target=\"_blank\" rel=\"alternate noopener noreferrer\">l\u00e4nk<\/a> | <a href=\"https:\/\/web.archive.org\/web\/20160320175525\/http:\/\/www.anapsid.org\/cnd\/drugs\/anesthesia.html\" target=\"_blank\" rel=\"alternate noopener noreferrer\">arkiverad<\/a><\/p>\n<\/li>\n<li>Elisabeth A. Crean. 2000.<em> CFIDS and Anesthesia: What are the risks?<\/em>\u00a0 <a href=\"https:\/\/web.archive.org\/web\/20080704210209\/http:\/\/www.immunesupport.com\/articles\/imm15.cfm\" rel=\"alternate\">arkiverad<\/a><\/li>\n<li><em>Anesthesia &amp; Procedure Preparation Information for people with CFS, M.E., FMS, OI<\/em> <a href=\"http:\/\/www.cfsnova.com\/qnaAnesthesia.html\" target=\"_blank\" rel=\"alternate noopener noreferrer\">cfsnova.com<\/a> | <a href=\"https:\/\/web.archive.org\/web\/20160320182110\/http:\/\/www.cfsnova.com\/qnaAnesthesia.html\" rel=\"alternate\">arkiverad<\/a><\/li>\n<li><em>INFORMATION FOR PATIENTS AND HOSPITAL STAFF REGARDING TREATMENT OF PATIENTS WITH M.E.<\/em> <a href=\"http:\/\/www.thegracecharityforme.org\/UserFiles\/File\/HospitalBooklet2012.pdf\" target=\"_blank\" rel=\"alternate noopener noreferrer\">thegracecharityforme.org PDF<\/a> | <a href=\"https:\/\/web.archive.org\/web\/20160320182155\/http:\/\/www.thegracecharityforme.org\/UserFiles\/File\/HospitalBooklet2012.pdf\" rel=\"alternate\">arkiverad<\/a><\/li>\n<li>Kenny De Meirleir avr\u00e5der fr\u00e5n NO (kv\u00e4voxid) vid anestesi och rekommenderar glutation intraven\u00f6st ett par g\u00e5nger under veckan innan anestesi\/operation.<\/li>\n<\/ul>\n<h4>Hur acetylkolin p\u00e5verkar ME patienter:<\/h4>\n<ul>\n<li><em>Prolonged acetylcholine-induced vasodilatation in the peripheral microcirculation of patients with chronic fatigue syndrome<\/em>, Faisel Khan et al., Clin Physiol Funct Imaging (2003) 23, (PMID: 12950326) <a href=\"http:\/\/www.ncbi.nlm.nih.gov\/pubmed\/12950326\" target=\"_blank\" rel=\"noopener noreferrer\">l\u00e4nk<\/a><\/li>\n<li><em>Acetylcholine mediated vasodilatation in the microcirculation of patients with chronic fatigue syndrome<\/em>, V.A. Spence et al., Prostaglandins, Leukotrienes and Essential Fatty Acids 70 (2004), (PMID: 15041034), <a href=\"http:\/\/www.ncbi.nlm.nih.gov\/pubmed\/15041034\" target=\"_blank\" rel=\"noopener noreferrer\">l\u00e4nk<\/a><\/li>\n<\/ul>\n<h3>S\u00f6dra Australiens handledning f\u00f6r allm\u00e4npraktiserande l\u00e4kare<\/h3>\n<p><em>ME\/CFS Guidelines &#8211; Myalgic Encephalopathy (ME)\/Chronic Fatigue Syndrome (CFS) &#8211; Management Guidelines for General Practitioners<strong>,<\/strong><\/em> ISBN 0 7308 9334 0, \u00e5r 2004.<a href=\"http:\/\/www.co-cure.org\/AU_CFS.pdf\" target=\"_blank\" rel=\"noopener noreferrer\">l\u00e4nk<\/a><\/p>\n<p>En version p\u00e5 tyska: <a href=\"http:\/\/www.sacfs.asn.au\/download\/australischer_leitfaden_deutsch.pdf\" target=\"_blank\" rel=\"noopener noreferrer\">l\u00e4nk<\/a><\/p>\n<h3>\u00ab The purple booklet \u00bb<\/h3>\n<p>\u201cThe purple booklet\u201d \u00e4r en klinisk handledning med bland annat patoetiologi, diagnostik och handhavande\/behandling; gjord av l\u00e4karna Charles Shephard och Abhijit Chaudhuri i \u201cthe ME Association\u201d i f\u00f6renade kungad\u00f6met. Den uppdateras ofta (typ varje \u00e5r). <a href=\"http:\/\/www.meassociation.org.uk\/shop\/books\/clinical-practice\/\" target=\"_blank\" rel=\"noopener noreferrer\">ME\/CFS\/PVFS \u2014 An exploration of the Key Clinical Issues\u201d<\/a><\/p>\n<h3>Hantera mental tr\u00f6tthet<\/h3>\n<p><a href=\"\/info\/Filer\/strategier-mental-troetthet-GU.pdf\" target=\"_blank\" rel=\"noopener noreferrer\">Informationsmaterial av G\u00f6teborgs Universitet hur man hanterar mental tr\u00f6tthet<\/a><\/p>\n<p><a href=\"http:\/\/www.mf.gu.se\/\" target=\"_blank\" rel=\"noopener noreferrer\">Mer information om mental tr\u00f6tthet p\u00e5 G\u00f6teborgs Universitets sajt<\/a><\/p>\n<h3>V\u00e5rdguide f\u00f6r v\u00e5rd av ME-patienter<\/h3>\n<p>En skiss p\u00e5 v\u00e5rdguide av patient Kasper Ezelius.<\/p>\n<p>Handledning f\u00f6r v\u00e5rd av ME-patienter: <a href=\"\/info\/Filer\/Handledning.pdf\" target=\"_blank\" rel=\"noopener noreferrer\">h\u00e4r<\/a><\/p>\n<p>Hur olika kliniker b\u00f6r hantera ME: <a href=\"\/info\/Filer\/Klinik.pdf\" target=\"_blank\" rel=\"noopener noreferrer\">h\u00e4r<\/a><\/p>\n","protected":false},"excerpt":{"rendered":"<p>Handledningar f\u00f6r l\u00e4kare, sk\u00f6terskor och hemv\u00e5rdare f\u00f6r diagnos, behandling, v\u00e5rd och omsorg av patienter med myalgisk encefalomyelit (ME). Internationella koncensuskriterierna f\u00f6r myalgisk encefalomyelit Myalgic Encephalomyelitis: International Consensus Criteria. Bruce M Carruthers mfl. J Intern Med. 2011 Jul 20. Kriterierna p\u00e5 utskriftsv\u00e4nligt formatHela artikelnIntroduktion f\u00f6r l\u00e4kare Omh\u00e4ndertagande av patienter med sv\u00e5r ME Montoya JG, Dowell TG, [&hellip;]<\/p>\n","protected":false},"author":1,"featured_media":0,"parent":7,"menu_order":3,"comment_status":"closed","ping_status":"closed","template":"","meta":{"footnotes":""},"class_list":["post-13","page","type-page","status-publish","hentry"],"yoast_head":"<!-- This site is optimized with the Yoast SEO plugin v27.3 - https:\/\/yoast.com\/product\/yoast-seo-wordpress\/ -->\n<title>Handledningar - ME information<\/title>\n<meta name=\"robots\" content=\"index, follow, max-snippet:-1, max-image-preview:large, max-video-preview:-1\" \/>\n<link rel=\"canonical\" href=\"https:\/\/me-cfs.se\/info\/myalgisk-encefalomyelit\/handledningar\/\" \/>\n<meta property=\"og:locale\" content=\"sv_SE\" \/>\n<meta property=\"og:type\" content=\"article\" \/>\n<meta property=\"og:title\" content=\"Handledningar - ME information\" \/>\n<meta property=\"og:description\" content=\"Handledningar f\u00f6r l\u00e4kare, sk\u00f6terskor och hemv\u00e5rdare f\u00f6r diagnos, behandling, v\u00e5rd och omsorg av patienter med myalgisk encefalomyelit (ME). Internationella koncensuskriterierna f\u00f6r myalgisk encefalomyelit Myalgic Encephalomyelitis: International Consensus Criteria. Bruce M Carruthers mfl. J Intern Med. 2011 Jul 20. Kriterierna p\u00e5 utskriftsv\u00e4nligt formatHela artikelnIntroduktion f\u00f6r l\u00e4kare Omh\u00e4ndertagande av patienter med sv\u00e5r ME Montoya JG, Dowell TG, [&hellip;]\" \/>\n<meta property=\"og:url\" content=\"https:\/\/me-cfs.se\/info\/myalgisk-encefalomyelit\/handledningar\/\" \/>\n<meta property=\"og:site_name\" content=\"ME information\" \/>\n<meta property=\"article:modified_time\" content=\"2026-04-03T21:13:38+00:00\" \/>\n<meta name=\"twitter:card\" content=\"summary_large_image\" \/>\n<meta name=\"twitter:label1\" content=\"Ber\u00e4knad l\u00e4stid\" \/>\n\t<meta name=\"twitter:data1\" content=\"4 minuter\" \/>\n<script type=\"application\/ld+json\" class=\"yoast-schema-graph\">{\"@context\":\"https:\\\/\\\/schema.org\",\"@graph\":[{\"@type\":\"WebPage\",\"@id\":\"https:\\\/\\\/me-cfs.se\\\/info\\\/myalgisk-encefalomyelit\\\/handledningar\\\/\",\"url\":\"https:\\\/\\\/me-cfs.se\\\/info\\\/myalgisk-encefalomyelit\\\/handledningar\\\/\",\"name\":\"Handledningar - ME information\",\"isPartOf\":{\"@id\":\"https:\\\/\\\/me-cfs.se\\\/info\\\/#website\"},\"datePublished\":\"2026-04-03T20:47:54+00:00\",\"dateModified\":\"2026-04-03T21:13:38+00:00\",\"breadcrumb\":{\"@id\":\"https:\\\/\\\/me-cfs.se\\\/info\\\/myalgisk-encefalomyelit\\\/handledningar\\\/#breadcrumb\"},\"inLanguage\":\"sv-SE\",\"potentialAction\":[{\"@type\":\"ReadAction\",\"target\":[\"https:\\\/\\\/me-cfs.se\\\/info\\\/myalgisk-encefalomyelit\\\/handledningar\\\/\"]}]},{\"@type\":\"BreadcrumbList\",\"@id\":\"https:\\\/\\\/me-cfs.se\\\/info\\\/myalgisk-encefalomyelit\\\/handledningar\\\/#breadcrumb\",\"itemListElement\":[{\"@type\":\"ListItem\",\"position\":1,\"name\":\"Hem\",\"item\":\"https:\\\/\\\/me-cfs.se\\\/info\\\/\"},{\"@type\":\"ListItem\",\"position\":2,\"name\":\"Myalgisk Encefalomyelit\",\"item\":\"https:\\\/\\\/me-cfs.se\\\/info\\\/\"},{\"@type\":\"ListItem\",\"position\":3,\"name\":\"Handledningar\"}]},{\"@type\":\"WebSite\",\"@id\":\"https:\\\/\\\/me-cfs.se\\\/info\\\/#website\",\"url\":\"https:\\\/\\\/me-cfs.se\\\/info\\\/\",\"name\":\"ME information\",\"description\":\"\",\"publisher\":{\"@id\":\"https:\\\/\\\/me-cfs.se\\\/info\\\/#organization\"},\"alternateName\":\"Information om den neuroimmuna sjukdomen myalgisk encefalomyelit\",\"potentialAction\":[{\"@type\":\"SearchAction\",\"target\":{\"@type\":\"EntryPoint\",\"urlTemplate\":\"https:\\\/\\\/me-cfs.se\\\/info\\\/?s={search_term_string}\"},\"query-input\":{\"@type\":\"PropertyValueSpecification\",\"valueRequired\":true,\"valueName\":\"search_term_string\"}}],\"inLanguage\":\"sv-SE\"},{\"@type\":\"Organization\",\"@id\":\"https:\\\/\\\/me-cfs.se\\\/info\\\/#organization\",\"name\":\"ME information\",\"alternateName\":\"Information om den neuroimmuna sjukdomen myalgisk encefalomyelit\",\"url\":\"https:\\\/\\\/me-cfs.se\\\/info\\\/\",\"logo\":{\"@type\":\"ImageObject\",\"inLanguage\":\"sv-SE\",\"@id\":\"https:\\\/\\\/me-cfs.se\\\/info\\\/#\\\/schema\\\/logo\\\/image\\\/\",\"url\":\"https:\\\/\\\/me-cfs.se\\\/info\\\/wp-content\\\/uploads\\\/2026\\\/04\\\/favicon-mecfsse-v3-512x512-1.png\",\"contentUrl\":\"https:\\\/\\\/me-cfs.se\\\/info\\\/wp-content\\\/uploads\\\/2026\\\/04\\\/favicon-mecfsse-v3-512x512-1.png\",\"width\":512,\"height\":512,\"caption\":\"ME information\"},\"image\":{\"@id\":\"https:\\\/\\\/me-cfs.se\\\/info\\\/#\\\/schema\\\/logo\\\/image\\\/\"}}]}<\/script>\n<!-- \/ Yoast SEO plugin. -->","yoast_head_json":{"title":"Handledningar - ME information","robots":{"index":"index","follow":"follow","max-snippet":"max-snippet:-1","max-image-preview":"max-image-preview:large","max-video-preview":"max-video-preview:-1"},"canonical":"https:\/\/me-cfs.se\/info\/myalgisk-encefalomyelit\/handledningar\/","og_locale":"sv_SE","og_type":"article","og_title":"Handledningar - ME information","og_description":"Handledningar f\u00f6r l\u00e4kare, sk\u00f6terskor och hemv\u00e5rdare f\u00f6r diagnos, behandling, v\u00e5rd och omsorg av patienter med myalgisk encefalomyelit (ME). Internationella koncensuskriterierna f\u00f6r myalgisk encefalomyelit Myalgic Encephalomyelitis: International Consensus Criteria. Bruce M Carruthers mfl. J Intern Med. 2011 Jul 20. Kriterierna p\u00e5 utskriftsv\u00e4nligt formatHela artikelnIntroduktion f\u00f6r l\u00e4kare Omh\u00e4ndertagande av patienter med sv\u00e5r ME Montoya JG, Dowell TG, [&hellip;]","og_url":"https:\/\/me-cfs.se\/info\/myalgisk-encefalomyelit\/handledningar\/","og_site_name":"ME information","article_modified_time":"2026-04-03T21:13:38+00:00","twitter_card":"summary_large_image","twitter_misc":{"Ber\u00e4knad l\u00e4stid":"4 minuter"},"schema":{"@context":"https:\/\/schema.org","@graph":[{"@type":"WebPage","@id":"https:\/\/me-cfs.se\/info\/myalgisk-encefalomyelit\/handledningar\/","url":"https:\/\/me-cfs.se\/info\/myalgisk-encefalomyelit\/handledningar\/","name":"Handledningar - ME information","isPartOf":{"@id":"https:\/\/me-cfs.se\/info\/#website"},"datePublished":"2026-04-03T20:47:54+00:00","dateModified":"2026-04-03T21:13:38+00:00","breadcrumb":{"@id":"https:\/\/me-cfs.se\/info\/myalgisk-encefalomyelit\/handledningar\/#breadcrumb"},"inLanguage":"sv-SE","potentialAction":[{"@type":"ReadAction","target":["https:\/\/me-cfs.se\/info\/myalgisk-encefalomyelit\/handledningar\/"]}]},{"@type":"BreadcrumbList","@id":"https:\/\/me-cfs.se\/info\/myalgisk-encefalomyelit\/handledningar\/#breadcrumb","itemListElement":[{"@type":"ListItem","position":1,"name":"Hem","item":"https:\/\/me-cfs.se\/info\/"},{"@type":"ListItem","position":2,"name":"Myalgisk Encefalomyelit","item":"https:\/\/me-cfs.se\/info\/"},{"@type":"ListItem","position":3,"name":"Handledningar"}]},{"@type":"WebSite","@id":"https:\/\/me-cfs.se\/info\/#website","url":"https:\/\/me-cfs.se\/info\/","name":"ME information","description":"","publisher":{"@id":"https:\/\/me-cfs.se\/info\/#organization"},"alternateName":"Information om den neuroimmuna sjukdomen myalgisk encefalomyelit","potentialAction":[{"@type":"SearchAction","target":{"@type":"EntryPoint","urlTemplate":"https:\/\/me-cfs.se\/info\/?s={search_term_string}"},"query-input":{"@type":"PropertyValueSpecification","valueRequired":true,"valueName":"search_term_string"}}],"inLanguage":"sv-SE"},{"@type":"Organization","@id":"https:\/\/me-cfs.se\/info\/#organization","name":"ME information","alternateName":"Information om den neuroimmuna sjukdomen myalgisk encefalomyelit","url":"https:\/\/me-cfs.se\/info\/","logo":{"@type":"ImageObject","inLanguage":"sv-SE","@id":"https:\/\/me-cfs.se\/info\/#\/schema\/logo\/image\/","url":"https:\/\/me-cfs.se\/info\/wp-content\/uploads\/2026\/04\/favicon-mecfsse-v3-512x512-1.png","contentUrl":"https:\/\/me-cfs.se\/info\/wp-content\/uploads\/2026\/04\/favicon-mecfsse-v3-512x512-1.png","width":512,"height":512,"caption":"ME information"},"image":{"@id":"https:\/\/me-cfs.se\/info\/#\/schema\/logo\/image\/"}}]}},"_links":{"self":[{"href":"https:\/\/me-cfs.se\/info\/wp-json\/wp\/v2\/pages\/13","targetHints":{"allow":["GET"]}}],"collection":[{"href":"https:\/\/me-cfs.se\/info\/wp-json\/wp\/v2\/pages"}],"about":[{"href":"https:\/\/me-cfs.se\/info\/wp-json\/wp\/v2\/types\/page"}],"author":[{"embeddable":true,"href":"https:\/\/me-cfs.se\/info\/wp-json\/wp\/v2\/users\/1"}],"replies":[{"embeddable":true,"href":"https:\/\/me-cfs.se\/info\/wp-json\/wp\/v2\/comments?post=13"}],"version-history":[{"count":1,"href":"https:\/\/me-cfs.se\/info\/wp-json\/wp\/v2\/pages\/13\/revisions"}],"predecessor-version":[{"id":14,"href":"https:\/\/me-cfs.se\/info\/wp-json\/wp\/v2\/pages\/13\/revisions\/14"}],"up":[{"embeddable":true,"href":"https:\/\/me-cfs.se\/info\/wp-json\/wp\/v2\/pages\/7"}],"wp:attachment":[{"href":"https:\/\/me-cfs.se\/info\/wp-json\/wp\/v2\/media?parent=13"}],"curies":[{"name":"wp","href":"https:\/\/api.w.org\/{rel}","templated":true}]}}