{"id":19,"date":"2026-04-03T22:54:41","date_gmt":"2026-04-03T20:54:41","guid":{"rendered":"https:\/\/me-cfs.se\/info\/?page_id=19"},"modified":"2026-04-03T23:15:56","modified_gmt":"2026-04-03T21:15:56","slug":"forskning","status":"publish","type":"page","link":"https:\/\/me-cfs.se\/info\/myalgisk-encefalomyelit\/forskning\/","title":{"rendered":"Forskning om myalgisk encefalomyelit"},"content":{"rendered":"<h1><a id=\"me-forskning\" name=\"me-forskning\"><\/a>ME-forskning<\/h1>\n<h2>Vetenskaliga artiklar<\/h2>\n<p>S\u00f6kning p\u00e5 de senaste vetenskapliga artiklarna med &#8221;chronic fatigue syndrome&#8221; eller &#8221;myalgic encephalomyelitis&#8221; i titlen:<br \/><a href=\"https:\/\/pubmed.ncbi.nlm.nih.gov\/?term=%28%22chronic+fatigue+syndrome%22%5BTitle%5D+OR+%22myalgic+encephalomyelitis%22%5BTitle%5D%29&amp;sort=date&amp;size=200\" target=\"_blank\" rel=\"noopener noreferrer\">PubMed.gov (NIH National library of medicine USA)<\/a><\/p>\n<h2>Forskningsinstitut<\/h2>\n<p><strong>Das Fatigue Centrum der Charit\u00e9 \u2014 Universit\u00e4tsmedizin Berlin<br \/><\/strong><a href=\"https:\/\/cfc.charite.de\/\" target=\"_blank\" rel=\"noopener noreferrer\">https:\/\/cfc.charite.de\/<\/a><\/p>\n<p><strong>CureME research group <\/strong>at London School of Hygiene &amp; Tropical Medicine<br \/><a href=\"https:\/\/cureme.lshtm.ac.uk\/\" target=\"_blank\" rel=\"noopener noreferrer\">https:\/\/cureme.lshtm.ac.uk\/<\/a><\/p>\n<p><strong>Open Medicine Foundation<br \/><\/strong>Agoura Hills, Los Angeles, California, USA<br \/><a href=\"https:\/\/www.omf.ngo\" target=\"_blank\" rel=\"noopener noreferrer\">https:\/\/www.omf.ngo<\/a><\/p>\n<p><strong>Simmaron Research<\/strong><br \/>Incline Village, Nevada<br \/><a href=\"http:\/\/simmaronresearch.com\" target=\"_blank\" rel=\"noopener noreferrer\">http:\/\/simmaronresearch.com<\/a><\/p>\n<p><strong>Bateman Horne Center (BHC)<\/strong><br \/><a href=\"https:\/\/batemanhornecenter.org\/\" target=\"_blank\" rel=\"noopener noreferrer\">https:\/\/batemanhornecenter.org\/<\/a><\/p>\n<p><strong>Stanford Myalgic Encephalomyelitis\/Chronic Fatigue Syndrome Initiativ<\/strong><br \/><a href=\"https:\/\/med.stanford.edu\/chronicfatiguesyndrome.html\" target=\"_blank\" rel=\"noopener noreferrer\">https:\/\/med.stanford.edu\/chronicfatiguesyndrome.html<\/a><\/p>\n<p><strong>University of Nevada, Reno School of Medicine<\/strong><br \/><a href=\"https:\/\/med.unr.edu\/\" target=\"_blank\" rel=\"noopener noreferrer\">https:\/\/med.unr.edu\/<\/a><\/p>\n<p><strong>WPI<\/strong><br \/><a href=\"https:\/\/www.wpi.ngo\/\" target=\"_blank\" rel=\"noopener noreferrer\">https:\/\/www.wpi.ngo\/ <\/a><\/p>\n<h2 class=\"tat\">Forskningsfonder<\/h2>\n<p><strong>ME Research UK<br \/><\/strong>Perth, Scotland, United Kingdom<br \/><a href=\"http:\/\/www.meresearch.org.uk\/\" target=\"_blank\" rel=\"noopener noreferrer\">http:\/\/www.meresearch.org.uk\/<\/a><\/p>\n<p><strong>The Ramsay Research Fund of the ME Association<br \/><\/strong>Gawcott, England, United Kingdom<br \/><a href=\"http:\/\/www.meassociation.org.uk\/\" target=\"_blank\" rel=\"noopener noreferrer\">http:\/\/www.meassociation.org.uk\/<\/a><\/p>\n<p><strong>Solve ME\/CFS initiative Ramsay Award Program<\/strong><br \/>Los Angeles, California, USA<br \/><a href=\"https:\/\/solvecfs.org\/\" target=\"_blank\" rel=\"noopener noreferrer\">https:\/\/solvecfs.org\/<\/a><\/p>\n<p><strong>The National CFIDS Foundation<br \/><\/strong>Needham, Massachusetts, USA<br \/><a href=\"http:\/\/www.ncf-net.org\/\" target=\"_blank\" rel=\"noopener noreferrer\">http:\/\/www.ncf-net.org\/<\/a><\/p>\n<p><strong>The Enterovirus Foundation<br \/><\/strong>San Francisco, California, USA<br \/><a href=\"http:\/\/www.enterovirusfoundation.org\/\" target=\"_blank\" rel=\"noopener noreferrer\">http:\/\/www.enterovirusfoundation.org\/<\/a><\/p>\n<p><strong>HHV-6 Foundation<br \/><\/strong>Santa Barbara, California, USA<br \/><a href=\"https:\/\/hhv-6foundation.org\/\" target=\"_blank\" rel=\"noopener noreferrer\">https:\/\/hhv-6foundation.org\/<\/a><\/p>\n<h2>Organisationer<\/h2>\n<p><strong>International Association for CFS\/ME<br \/><\/strong>Chicago, Illinois<br \/>Organiserar internationell konferens p\u00e5 tre dagar vartannat \u00e5r.<br \/><a href=\"http:\/\/iacfsme.org\/\" target=\"_blank\" rel=\"noopener noreferrer\">http:\/\/iacfsme.org\/<\/a><\/p>\n<p><strong> European Network on ME\/CFS (EUROMENE)<\/strong><br \/><a href=\"https:\/\/euromene.eu\/\" target=\"_blank\" rel=\"noopener noreferrer\">https:\/\/euromene.eu\/<\/a><\/p>\n<p><strong>European ME Coalition (EMEC)<br \/><\/strong><a href=\"https:\/\/europeanmecoalition.com\/\" target=\"_blank\" rel=\"noopener noreferrer\">https:\/\/europeanmecoalition.com\/<\/a><\/p>\n<p><strong>European ME Alliance (EMEA), European ME CLinicians Council (EMECC) and European ME Research Group <\/strong><a href=\"https:\/\/europeanmeresearch.org\/\" target=\"_blank\" rel=\"noopener noreferrer\">https:\/\/europeanmeresearch.org\/<\/a><\/p>\n<h2>Mejllistor<\/h2>\n<p><strong>CureME &#8211; International research news mailing list<\/strong><\/p>\n<p>En mejl-lista p\u00e5 engelska. Det g\u00e5r att v\u00e4lja s\u00e5 att man bara f\u00e5r mejl som ber\u00f6r forskning. <a href=\"\/info\/..\/cureme\/\" target=\"_blank\" rel=\"alternate noopener noreferrer\">CureME<\/a><\/p>\n","protected":false},"excerpt":{"rendered":"<p>ME-forskning Vetenskaliga artiklar S\u00f6kning p\u00e5 de senaste vetenskapliga artiklarna med &#8221;chronic fatigue syndrome&#8221; eller &#8221;myalgic encephalomyelitis&#8221; i titlen:PubMed.gov (NIH National library of medicine USA) Forskningsinstitut Das Fatigue Centrum der Charit\u00e9 \u2014 Universit\u00e4tsmedizin Berlinhttps:\/\/cfc.charite.de\/ CureME research group at London School of Hygiene &amp; Tropical Medicinehttps:\/\/cureme.lshtm.ac.uk\/ Open Medicine FoundationAgoura Hills, Los Angeles, California, USAhttps:\/\/www.omf.ngo Simmaron ResearchIncline Village, [&hellip;]<\/p>\n","protected":false},"author":1,"featured_media":0,"parent":7,"menu_order":6,"comment_status":"closed","ping_status":"closed","template":"","meta":{"footnotes":""},"class_list":["post-19","page","type-page","status-publish","hentry"],"yoast_head":"<!-- This site is optimized with the Yoast SEO plugin v27.3 - https:\/\/yoast.com\/product\/yoast-seo-wordpress\/ -->\n<title>Forskning om myalgisk encefalomyelit - ME information<\/title>\n<meta name=\"robots\" content=\"index, follow, max-snippet:-1, max-image-preview:large, max-video-preview:-1\" \/>\n<link rel=\"canonical\" href=\"https:\/\/me-cfs.se\/info\/myalgisk-encefalomyelit\/forskning\/\" \/>\n<meta property=\"og:locale\" content=\"sv_SE\" \/>\n<meta property=\"og:type\" content=\"article\" \/>\n<meta property=\"og:title\" content=\"Forskning om myalgisk encefalomyelit - ME information\" \/>\n<meta property=\"og:description\" content=\"ME-forskning Vetenskaliga artiklar S\u00f6kning p\u00e5 de senaste vetenskapliga artiklarna med &#8221;chronic fatigue syndrome&#8221; eller &#8221;myalgic encephalomyelitis&#8221; i titlen:PubMed.gov (NIH National library of medicine USA) Forskningsinstitut Das Fatigue Centrum der Charit\u00e9 \u2014 Universit\u00e4tsmedizin Berlinhttps:\/\/cfc.charite.de\/ CureME research group at London School of Hygiene &amp; Tropical Medicinehttps:\/\/cureme.lshtm.ac.uk\/ Open Medicine FoundationAgoura Hills, Los Angeles, California, USAhttps:\/\/www.omf.ngo Simmaron ResearchIncline Village, [&hellip;]\" \/>\n<meta property=\"og:url\" content=\"https:\/\/me-cfs.se\/info\/myalgisk-encefalomyelit\/forskning\/\" \/>\n<meta property=\"og:site_name\" content=\"ME information\" \/>\n<meta property=\"article:modified_time\" content=\"2026-04-03T21:15:56+00:00\" \/>\n<meta name=\"twitter:card\" content=\"summary_large_image\" \/>\n<meta name=\"twitter:label1\" content=\"Ber\u00e4knad l\u00e4stid\" \/>\n\t<meta name=\"twitter:data1\" content=\"1 minut\" \/>\n<script type=\"application\/ld+json\" class=\"yoast-schema-graph\">{\"@context\":\"https:\\\/\\\/schema.org\",\"@graph\":[{\"@type\":\"WebPage\",\"@id\":\"https:\\\/\\\/me-cfs.se\\\/info\\\/myalgisk-encefalomyelit\\\/forskning\\\/\",\"url\":\"https:\\\/\\\/me-cfs.se\\\/info\\\/myalgisk-encefalomyelit\\\/forskning\\\/\",\"name\":\"Forskning om myalgisk encefalomyelit - ME information\",\"isPartOf\":{\"@id\":\"https:\\\/\\\/me-cfs.se\\\/info\\\/#website\"},\"datePublished\":\"2026-04-03T20:54:41+00:00\",\"dateModified\":\"2026-04-03T21:15:56+00:00\",\"breadcrumb\":{\"@id\":\"https:\\\/\\\/me-cfs.se\\\/info\\\/myalgisk-encefalomyelit\\\/forskning\\\/#breadcrumb\"},\"inLanguage\":\"sv-SE\",\"potentialAction\":[{\"@type\":\"ReadAction\",\"target\":[\"https:\\\/\\\/me-cfs.se\\\/info\\\/myalgisk-encefalomyelit\\\/forskning\\\/\"]}]},{\"@type\":\"BreadcrumbList\",\"@id\":\"https:\\\/\\\/me-cfs.se\\\/info\\\/myalgisk-encefalomyelit\\\/forskning\\\/#breadcrumb\",\"itemListElement\":[{\"@type\":\"ListItem\",\"position\":1,\"name\":\"Hem\",\"item\":\"https:\\\/\\\/me-cfs.se\\\/info\\\/\"},{\"@type\":\"ListItem\",\"position\":2,\"name\":\"Myalgisk Encefalomyelit\",\"item\":\"https:\\\/\\\/me-cfs.se\\\/info\\\/\"},{\"@type\":\"ListItem\",\"position\":3,\"name\":\"Forskning om myalgisk encefalomyelit\"}]},{\"@type\":\"WebSite\",\"@id\":\"https:\\\/\\\/me-cfs.se\\\/info\\\/#website\",\"url\":\"https:\\\/\\\/me-cfs.se\\\/info\\\/\",\"name\":\"ME information\",\"description\":\"\",\"publisher\":{\"@id\":\"https:\\\/\\\/me-cfs.se\\\/info\\\/#organization\"},\"alternateName\":\"Information om den neuroimmuna sjukdomen myalgisk encefalomyelit\",\"potentialAction\":[{\"@type\":\"SearchAction\",\"target\":{\"@type\":\"EntryPoint\",\"urlTemplate\":\"https:\\\/\\\/me-cfs.se\\\/info\\\/?s={search_term_string}\"},\"query-input\":{\"@type\":\"PropertyValueSpecification\",\"valueRequired\":true,\"valueName\":\"search_term_string\"}}],\"inLanguage\":\"sv-SE\"},{\"@type\":\"Organization\",\"@id\":\"https:\\\/\\\/me-cfs.se\\\/info\\\/#organization\",\"name\":\"ME information\",\"alternateName\":\"Information om den neuroimmuna sjukdomen myalgisk encefalomyelit\",\"url\":\"https:\\\/\\\/me-cfs.se\\\/info\\\/\",\"logo\":{\"@type\":\"ImageObject\",\"inLanguage\":\"sv-SE\",\"@id\":\"https:\\\/\\\/me-cfs.se\\\/info\\\/#\\\/schema\\\/logo\\\/image\\\/\",\"url\":\"https:\\\/\\\/me-cfs.se\\\/info\\\/wp-content\\\/uploads\\\/2026\\\/04\\\/favicon-mecfsse-v3-512x512-1.png\",\"contentUrl\":\"https:\\\/\\\/me-cfs.se\\\/info\\\/wp-content\\\/uploads\\\/2026\\\/04\\\/favicon-mecfsse-v3-512x512-1.png\",\"width\":512,\"height\":512,\"caption\":\"ME information\"},\"image\":{\"@id\":\"https:\\\/\\\/me-cfs.se\\\/info\\\/#\\\/schema\\\/logo\\\/image\\\/\"}}]}<\/script>\n<!-- \/ Yoast SEO plugin. -->","yoast_head_json":{"title":"Forskning om myalgisk encefalomyelit - ME information","robots":{"index":"index","follow":"follow","max-snippet":"max-snippet:-1","max-image-preview":"max-image-preview:large","max-video-preview":"max-video-preview:-1"},"canonical":"https:\/\/me-cfs.se\/info\/myalgisk-encefalomyelit\/forskning\/","og_locale":"sv_SE","og_type":"article","og_title":"Forskning om myalgisk encefalomyelit - ME information","og_description":"ME-forskning Vetenskaliga artiklar S\u00f6kning p\u00e5 de senaste vetenskapliga artiklarna med &#8221;chronic fatigue syndrome&#8221; eller &#8221;myalgic encephalomyelitis&#8221; i titlen:PubMed.gov (NIH National library of medicine USA) Forskningsinstitut Das Fatigue Centrum der Charit\u00e9 \u2014 Universit\u00e4tsmedizin Berlinhttps:\/\/cfc.charite.de\/ CureME research group at London School of Hygiene &amp; Tropical Medicinehttps:\/\/cureme.lshtm.ac.uk\/ Open Medicine FoundationAgoura Hills, Los Angeles, California, USAhttps:\/\/www.omf.ngo Simmaron ResearchIncline Village, [&hellip;]","og_url":"https:\/\/me-cfs.se\/info\/myalgisk-encefalomyelit\/forskning\/","og_site_name":"ME information","article_modified_time":"2026-04-03T21:15:56+00:00","twitter_card":"summary_large_image","twitter_misc":{"Ber\u00e4knad l\u00e4stid":"1 minut"},"schema":{"@context":"https:\/\/schema.org","@graph":[{"@type":"WebPage","@id":"https:\/\/me-cfs.se\/info\/myalgisk-encefalomyelit\/forskning\/","url":"https:\/\/me-cfs.se\/info\/myalgisk-encefalomyelit\/forskning\/","name":"Forskning om myalgisk encefalomyelit - ME information","isPartOf":{"@id":"https:\/\/me-cfs.se\/info\/#website"},"datePublished":"2026-04-03T20:54:41+00:00","dateModified":"2026-04-03T21:15:56+00:00","breadcrumb":{"@id":"https:\/\/me-cfs.se\/info\/myalgisk-encefalomyelit\/forskning\/#breadcrumb"},"inLanguage":"sv-SE","potentialAction":[{"@type":"ReadAction","target":["https:\/\/me-cfs.se\/info\/myalgisk-encefalomyelit\/forskning\/"]}]},{"@type":"BreadcrumbList","@id":"https:\/\/me-cfs.se\/info\/myalgisk-encefalomyelit\/forskning\/#breadcrumb","itemListElement":[{"@type":"ListItem","position":1,"name":"Hem","item":"https:\/\/me-cfs.se\/info\/"},{"@type":"ListItem","position":2,"name":"Myalgisk Encefalomyelit","item":"https:\/\/me-cfs.se\/info\/"},{"@type":"ListItem","position":3,"name":"Forskning om myalgisk encefalomyelit"}]},{"@type":"WebSite","@id":"https:\/\/me-cfs.se\/info\/#website","url":"https:\/\/me-cfs.se\/info\/","name":"ME information","description":"","publisher":{"@id":"https:\/\/me-cfs.se\/info\/#organization"},"alternateName":"Information om den neuroimmuna sjukdomen myalgisk encefalomyelit","potentialAction":[{"@type":"SearchAction","target":{"@type":"EntryPoint","urlTemplate":"https:\/\/me-cfs.se\/info\/?s={search_term_string}"},"query-input":{"@type":"PropertyValueSpecification","valueRequired":true,"valueName":"search_term_string"}}],"inLanguage":"sv-SE"},{"@type":"Organization","@id":"https:\/\/me-cfs.se\/info\/#organization","name":"ME information","alternateName":"Information om den neuroimmuna sjukdomen myalgisk encefalomyelit","url":"https:\/\/me-cfs.se\/info\/","logo":{"@type":"ImageObject","inLanguage":"sv-SE","@id":"https:\/\/me-cfs.se\/info\/#\/schema\/logo\/image\/","url":"https:\/\/me-cfs.se\/info\/wp-content\/uploads\/2026\/04\/favicon-mecfsse-v3-512x512-1.png","contentUrl":"https:\/\/me-cfs.se\/info\/wp-content\/uploads\/2026\/04\/favicon-mecfsse-v3-512x512-1.png","width":512,"height":512,"caption":"ME information"},"image":{"@id":"https:\/\/me-cfs.se\/info\/#\/schema\/logo\/image\/"}}]}},"_links":{"self":[{"href":"https:\/\/me-cfs.se\/info\/wp-json\/wp\/v2\/pages\/19","targetHints":{"allow":["GET"]}}],"collection":[{"href":"https:\/\/me-cfs.se\/info\/wp-json\/wp\/v2\/pages"}],"about":[{"href":"https:\/\/me-cfs.se\/info\/wp-json\/wp\/v2\/types\/page"}],"author":[{"embeddable":true,"href":"https:\/\/me-cfs.se\/info\/wp-json\/wp\/v2\/users\/1"}],"replies":[{"embeddable":true,"href":"https:\/\/me-cfs.se\/info\/wp-json\/wp\/v2\/comments?post=19"}],"version-history":[{"count":2,"href":"https:\/\/me-cfs.se\/info\/wp-json\/wp\/v2\/pages\/19\/revisions"}],"predecessor-version":[{"id":21,"href":"https:\/\/me-cfs.se\/info\/wp-json\/wp\/v2\/pages\/19\/revisions\/21"}],"up":[{"embeddable":true,"href":"https:\/\/me-cfs.se\/info\/wp-json\/wp\/v2\/pages\/7"}],"wp:attachment":[{"href":"https:\/\/me-cfs.se\/info\/wp-json\/wp\/v2\/media?parent=19"}],"curies":[{"name":"wp","href":"https:\/\/api.w.org\/{rel}","templated":true}]}}