{"id":23,"date":"2026-04-03T23:22:24","date_gmt":"2026-04-03T21:22:24","guid":{"rendered":"https:\/\/me-cfs.se\/info\/?page_id=23"},"modified":"2026-04-03T23:27:47","modified_gmt":"2026-04-03T21:27:47","slug":"referenser","status":"publish","type":"page","link":"https:\/\/me-cfs.se\/info\/myalgisk-encefalomyelit\/referenser\/","title":{"rendered":"Referenser"},"content":{"rendered":"<p><strong>Inneh\u00e5ll:<\/strong><\/p>\n<p class=\"tat\"><a href=\"#_referenser\">Referenser<\/a><\/p>\n<p class=\"tat\"><a href=\"#_forskning\">Forskning<\/a><\/p>\n<p class=\"tat\"><a href=\"#_video\">Video<\/a><\/p>\n<p class=\"tat\"><a href=\"#_litteratur\">Litteratur<\/a><\/p>\n<p class=\"tat\"><a href=\"#_historiska-dokument\">Historiska dokument<\/a><\/p>\n<p class=\"tat\"><a href=\"#_epidemier\">ME epidemier<\/a><\/p>\n<h1><a name=\"_referenser\"><\/a>Referenser<\/h1>\n<h3>Informationsmaterial<\/h3>\n<ul>\n<li>Invaliditetsskala f\u00f6r ME <a href=\"\/info\/Filer\/ahummingbirds-ability-scale.pdf\" target=\"_blank\" rel=\"noopener noreferrer\">http:\/\/me-cfs.se\/Filer\/ahummingbirds-ability-scale.pdf<\/a><\/li>\n<li>Powerpointf\u00f6redrag om ME och v\u00e5rd: <a href=\"\/info\/dok\/presentation.pps\" target=\"_blank\" rel=\"noopener noreferrer\">http:\/\/me-cfs.se\/dok\/presentation.pps<\/a><\/li>\n<li><a href=\"\/info\/Filer\/renees-rad-till-ME.pdf\" target=\"_blank\" rel=\"noopener noreferrer\">Ren\u00e9es r\u00e5d till ME- och fibromyalgipatiente<\/a>r<\/li>\n<li><a href=\"\/info\/Filer\/renees-rad-till-narstaende.pdf\" target=\"_blank\" rel=\"noopener noreferrer\">Ren\u00e9es r\u00e5d till n\u00e4rst\u00e5ende<\/a><\/li>\n<li>Broschyrer p\u00e5 Danska om ME: <a href=\"http:\/\/www.kronisktraethedssyndrom.dk\/download_brochurer.htm\" target=\"_blank\" rel=\"noopener noreferrer\">http:\/\/www.kronisktraethedssyndrom.dk\/download_brochurer.htm<\/a><\/li>\n<li>Prolonged acetylcholine-induced vasodilatation in the peripheral microcirculation of patients with chronic fatigue syndrome, Faisel Khan et al., Clin Physiol Funct Imaging, 2003 Sep;23(5):282-5: <a href=\"http:\/\/www.ncbi.nlm.nih.gov\/pubmed\/12950326\" target=\"_blank\" rel=\"noopener noreferrer\">abstract pubmed<\/a><\/li>\n<li>Acetylcholine mediated vasodilatation in the microcirculation of patients with chronic fatigue syndrome, V.A. Spence et al., Prostaglandins, Leukotrienes and Essential Fatty Acids 70, 2004 Apr;70(4):403-7: <a href=\"http:\/\/www.ncbi.nlm.nih.gov\/pubmed\/15041034\" target=\"_blank\" rel=\"noopener noreferrer\">abstract pubmed<\/a><\/li>\n<li>Using Serial Cardiopulmonary Exercise Tests to Support a Diagnosis of Chronic Fatigue Syndrome, J. Mark VanNess et al, Medicine &amp; Science in Sports &amp; Exercise:Volume 38(5) Supplement, May 2006p S85: <a href=\"http:\/\/journals.lww.com\/acsm-msse\/Citation\/2006\/05001\/Using_Serial_Cardiopulmonary_Exercise_Tests_to.1259.aspx\" target=\"_blank\" rel=\"noopener noreferrer\">l\u00e4nk<\/a><\/li>\n<li>David Bells invaliditetsskala f\u00f6r myalgisk encefalomyelit: <a href=\"\/info\/Filer\/david-bell-invaliditesskala.pdf\" target=\"_blank\" rel=\"noopener noreferrer\">http:\/\/me-cfs.se\/Filer\/david-bell-invaliditesskala.pdf<\/a><\/li>\n<li>A rating scale for fibromyalgia and chronic fatigue syndrome (the FibroFatigue scale), Olof Zachrisson et al, J Psychosom Res. 2002 Jun;52(6):501-9: <a href=\"http:\/\/www.ncbi.nlm.nih.gov\/pubmed\/12069875\" target=\"_blank\" rel=\"noopener noreferrer\">abstract pubmed<\/a><\/li>\n<li>Behandling vid Chronic Fatigue Syndrome, Susanne Merz, 2008, <a href=\"\/info\/Filer\/2008-behandling-merz.pdf\" target=\"_blank\" rel=\"noopener noreferrer\">l\u00e4nk h\u00e4r<\/a><\/li>\n<\/ul>\n<h3>B\u00f6cker<\/h3>\n<ul>\n<li>Chronic Fatigue Syndrome &#8211; A Biological Approach, Patrick Englebienne et al, 2002, CRC Press (<a href=\"http:\/\/www.crcpress.com\/\" target=\"_blank\" rel=\"noopener noreferrer\">http:\/\/www.crcpress.com<\/a>) , ISBN 0-8493-1046-6.<\/li>\n<li>Enteroviral and toxin mediated myalgic encephalomyelitis\/chronic fatigue syndrome and other organ pathologies, John Richardson, 2001, Haworth Medical Press, ISBN 0-7890-1127.<\/li>\n<li>Chronic Fatigue Syndrome, Genes, and Infection, The Eta-1\/Op paradigm, Roberto Patarca Montero, Haworth Press 2003.<\/li>\n<li>The clinical and scientific basis of myalgic encephalomyelitis chronic fatigue syndrome, Byron Hyde, 1992, The Nightinggale Research Foundation, ISBN 0-9695662-0-4: <a href=\"http:\/\/www.nightingale.ca\/\" target=\"_blank\" rel=\"noopener noreferrer\">http:\/\/www.nightingale.ca<\/a><\/li>\n<li>Fennell Four Phase Treatment (FFPT):<em> Managing Chronic Illness Using the Four-Phase Treatment Approach: A Mental Health Professional&#8217;s Guide to Helping Chronically Ill People<\/em>, Patricia A. Fennell, 2003, ISBN: 978-0-471-46277-4, <a href=\"http:\/\/eu.wiley.com\/WileyCDA\/WileyTitle\/productCd-0471462772.html\" target=\"_blank\" rel=\"noopener noreferrer\">http:\/\/eu.wiley.com\/WileyCDA\/WileyTitle\/productCd-0471462772.html<\/a><\/li>\n<li><strong>Reviving the Broken Marionette<\/strong> &#8211; Treatments for CFS\/ME and Fibromyalgia &#8211; Features over 250 medications. <strong>Maija Haavisto<\/strong> 2008. ISBN: 978-1-4092-0335-3. (<a href=\"http:\/\/www.brokenmarionettebook.com\/\" target=\"_blank\" rel=\"noopener noreferrer\">bokens hemsida<\/a>) (<a href=\"http:\/\/www.lulu.com\/shop\/maija-haavisto\/reviving-the-broken-marionette-treatments-for-cfsme-and-fibromyalgia\/paperback\/product-2730642.html\" target=\"_blank\" rel=\"noopener noreferrer\">bok<\/a>) (<a href=\"http:\/\/www.lulu.com\/shop\/maija-haavisto\/reviving-the-broken-marionette-treatments-for-cfsme-and-fibromyalgia\/ebook\/product-17471634.html\" target=\"_blank\" rel=\"noopener noreferrer\">e-bok<\/a>)<\/li>\n<li>Emily Rose Collingridge.<strong> Severe ME\/CFS: A Guide to Living<\/strong>. <a href=\"http:\/\/www.severeme.info\/\" target=\"_blank\" rel=\"noopener noreferrer\">(bokens hemsida)<\/a><\/li>\n<li>Greg Crowhurst. <strong>Care for Someone with Severe ME<\/strong>. <a href=\"http:\/\/www.stonebird.co.uk\/howtosevereme.html\" target=\"_blank\" rel=\"noopener noreferrer\">(bokens hemsida)<\/a><\/li>\n<\/ul>\n<h3>DVD skivor<\/h3>\n<ul>\n<li>8e IACFS konferensen i Florida 2007: <a href=\"http:\/\/www.instatapes.com\/IACFS\/\" target=\"_blank\" rel=\"noopener noreferrer\">http:\/\/www.instatapes.com\/IACFS\/<\/a> och <a href=\"http:\/\/www.iacfs.net\/\" target=\"_blank\" rel=\"noopener noreferrer\">http:\/\/www.iacfs.net\/<\/a><\/li>\n<li>IiME konferensen i London 2007: <a href=\"http:\/\/www.investinme.org\/IIME%20International%20ME%20Conference%202007%20Home.htm\" target=\"_blank\" rel=\"noopener noreferrer\">IiME konferens 2007<\/a><\/li>\n<li>CFS: Is oxygen the problem? Paul Cheney, Fairfax 25th April 2009. (<a href=\"http:\/\/www.dfwcfids.org\/publications.shtml\" target=\"_blank\" rel=\"noopener noreferrer\">l\u00e4nk<\/a>) (<a href=\"http:\/\/www.kunaki.com\/MSales.asp?PublisherId=119572\" target=\"_blank\" rel=\"noopener noreferrer\">k\u00f6pa<\/a>)<\/li>\n<\/ul>\n<h1><a name=\"_forskning\"><\/a>Forskning<\/h1>\n<h3>John Gow och Abhijit Chaudhuri<\/h3>\n<p>John Gow och Abhijit Chaudhuri i England har s\u00f6kt patent p\u00e5 en behandlingsmetod f\u00f6r ME den 2006-08-10. Materials and Methods for Diagnosis and Treatment of Chronic Fatigue Syndrome, Publication number: WO2006082390: <a href=\"http:\/\/v3.espacenet.com\/textdoc?DB=EPODOC&amp;IDX=WO2006082390&amp;F=0&amp;QPN=WO2006082390\" target=\"_blank\" rel=\"noopener noreferrer\">European Patent Office<\/a><\/p>\n<h3>Jonathan Kerr<\/h3>\n<p>Dr. Jonathan Kerr i England har hittat 16 avvikelser hos halter av mRNA (messenger RNA) hos ME patienter. Dessa avvikelser relaterar till immuno, neurologiska, mitokondrie, apotosis och peroxisome. Dr. Kerr \u00e4r v\u00e4ldigt optimistisk och hoppas kunna ta fram ett diagnostiskt test. Han tror \u00e4ven det finns m\u00f6jlighet att hitta ett s\u00e4tt att bota\/lindra ME patienter. Hans f\u00f6rsta f\u00f6rs\u00f6k p\u00e5 l\u00e4kemedel \u00e4r Interferon-beta.<\/p>\n<p><a href=\"http:\/\/www.investinme.org\/ResearchCurrentProjects.htm\" target=\"_blank\" rel=\"noopener noreferrer\">http:\/\/www.investinme.org\/ResearchCurrentProjects.htm<\/a><\/p>\n<p><a href=\"http:\/\/jcp.bmjjournals.com\/content\/58\/8\/826.abstract\" target=\"_blank\" rel=\"noopener noreferrer\">http:\/\/jcp.bmjjournals.com\/cgi\/content\/abstract\/58\/8\/826<\/a><\/p>\n<h1><a name=\"_video\"><\/a>Video<\/h1>\n<h3>ME konferens i London 2006 &#8211; DVDs tillg\u00e4ngliga<\/h3>\n<p>Det var en ME konferens i London i maj 2006 som nu finns dokumenterat p\u00e5 DVD. Det \u00e4r tre DVD skivor av f\u00f6redragen samt en DVD med transparanger och annat. Jag har sett p\u00e5 detta material och det \u00e4r verkligen toppen. Jag rekommenderar det starkt. F\u00f6rs\u00f6k att ta detta fina tillf\u00e4lle att f\u00e5 en uppdaterad och modern bild av vad ME handlar om. Materialet kan best\u00e4llas via: <a href=\"http:\/\/www.investinme.org\/IIME%20Campaigning-MEConference%20Review.htm\" target=\"_blank\" rel=\"noopener noreferrer\">http:\/\/www.investinme.org\/IIME%20Campaigning-MEConference%20Review.htm<\/a><\/p>\n<h3>F\u00f6redrag av Dr. Cheney om diastolisk dysfunktion hos ME patienter<\/h3>\n<p>Det finns ett tre timmar l\u00e5ngt f\u00f6redrag av Dr. Cheney i USA som har en teori om att ME patienter p\u00e5verkas av diastolisk dysfunktion hos hj\u00e4rtat. Se f\u00f6ljande hemsida: <a href=\"http:\/\/www.cfids-cab.org\/MESA\/Lerner.html\" target=\"_blank\" rel=\"noopener noreferrer\">http:\/\/www.cfids-cab.org\/MESA\/Lerner.html<\/a> D\u00e4r finns bakgrund och l\u00e4nk till videon som kan spelas upp via bredband. Videon n\u00e5s \u00e4ven direkt via: <a href=\"http:\/\/www.cfids-cab.org\/MESA\/CFS_Dist.htm\" target=\"_blank\" rel=\"noopener noreferrer\">http:\/\/www.cfids-cab.org\/MESA\/CFS_Dist.htm<\/a><\/p>\n<p>Han s\u00e4ger n\u00e5got i b\u00f6rjan av f\u00f6redraget att ME patienter \u00e4r en av de mest funtionsnedsatta patienterna. Bland annat v\u00e4rre \u00e4n cancer och HIV. Under f\u00f6rsta timmen ber\u00e4ttar han \u00e4ven lite om hur sjukdomen ME yttrar sig. Det \u00e4r ett bra komplement till de men livl\u00f6sa beskrivningarna i textform i bland annat kriteriebeskrivningarna.<\/p>\n<h1><a name=\"_litteratur\"><\/a>Litteratur<\/h1>\n<h3>Bok: Pedriatric Chronic Fatigue Syndrome<\/h3>\n<p><em>Pedriatric Chronic Fatigue Syndrome<\/em>, Kenny De Meirleir et al, 2006\/2007, The Haworth Press (<a href=\"http:\/\/www.haworthpress.com\/\" target=\"_blank\" rel=\"noopener noreferrer\">www.haworthpress.com<\/a>).<\/p>\n<h3>Bok: Chronic Fatigue Syndrome &#8211; A Biological Approach<\/h3>\n<p><em>Chronic Fatigue Syndrome &#8211; A Biological Approach<\/em>, Patrick Englebienne et al, 2002, CRC Press (<a href=\"http:\/\/www.crcpress.com\/\" target=\"_blank\" rel=\"noopener noreferrer\">www.crcpress.com<\/a>). ISBN 0-8493-1046-6<\/p>\n<h3>Bok: Enteroviral and toxin mediated myalgic encephalomyelitis\/chronic fatigue syndrome and other organ pathologies<\/h3>\n<p>Enteroviral and toxin mediated myalgic encephalomyelitis\/chronic fatigue syndrome and other organ pathologies, John Richardson, 2001, Haworth Medical Press, ISBN 0-7890-1127.<\/p>\n<h3>Bok: Chronic Fatigue Syndrome, Genes, and Infection, The Eta-1\/Op paradigm<\/h3>\n<p><em>Chronic Fatigue Syndrome, Genes, and Infection, The Eta-1\/Op paradigm<\/em>, Roberto Patarca Montero, Haworth Press 2003.<\/p>\n<h3>Bok: The clinical and scientific basis of myalgic encephalomyelitis chronic fatigue syndrome<\/h3>\n<p><em>The clinical and scientific basis of myalgic encephalomyelitis chronic fatigue syndrome<\/em>, Byron Hyde, 1992, The Nightinggale Research Foundation, ISBN 0-9695662-0-4 (<a href=\"http:\/\/www.nightingale.ca\/\" target=\"_blank\" rel=\"noopener noreferrer\">http:\/\/www.nightingale.ca<\/a>).<\/p>\n<h3>Bok: Fennell Four Phase Treatment (FFPT)<\/h3>\n<p class=\"MsoNormal\">Patricia Fenell har gjort en modell f\u00f6r hur man tar hand om personer med kroniska sjukdomar i v\u00e5rden. Modellen heter Fennell Four Phase Treatment (FFPT).<\/p>\n<p>Managing Chronic Illness Using the Four-Phase Treatment Approach: A Mental Health Professional&#8217;s Guide to Helping Chronically Ill People, Patricia A. Fennell, 2003, ISBN: 978-0-471-46277-4, <a href=\"http:\/\/eu.wiley.com\/WileyCDA\/WileyTitle\/productCd-0471462772.html\" target=\"_blank\" rel=\"noopener noreferrer\">http:\/\/eu.wiley.com\/WileyCDA\/WileyTitle\/productCd-0471462772.html<\/a><\/p>\n<h1><a name=\"_historiska-dokument\"><\/a>Historiska dokument<\/h1>\n<h3>A Melvin Ramsay<\/h3>\n<p><em>Icelandic disease (benign myalgic encephalomyelitis or Royal Free disease)<\/em><br \/>Ramsay AM, Dowsett EG, Dadswell JV, Lyle WH, Parish JG<br \/>Br Med J. 1977 May 21;1(6072):1350<br \/><a href=\"http:\/\/www.pubmedcentral.nih.gov\/picrender.fcgi?artid=1607215&amp;blobtype=pdf\" target=\"_blank\" rel=\"noopener noreferrer\">fulltext PDF<\/a><\/p>\n<p><em>Clinical and biochemical findings in ten patients with benign myalgic encephalomyelitis<\/em><br \/>Ramsay AM, Rundle A.<br \/>Postgrad Med J. 1979 Dec;55(654):856-7<\/p>\n<p><em>Myalgic encephalomyelitis: a baffling syndrome<\/em><br \/>Ramsay M.<br \/>Nurs Mirror. 1981 Oct 7;153(15):40-1<\/p>\n<p><em>Myalgic Encephalomyelitis: A Baffling Syndrome With a Tragic Aftermath<\/em><br \/>Melvin Ramsay M.D., Hon Consultant Physician, Infectious Diseases Dept., Royal Free Hospital, (Pub. 1986)<\/p>\n<p><em>Postviral Fatigue Sydrome &#8211; The saga of Royal Free disease<\/em><br \/>A. Melvin Ramsay<br \/>1986? Gower Medical Publishing, London for the Myalgic Encephalomyelitis Association<\/p>\n<p><em>Myalgic Encephalomyelitis and Postviral Fatigue States: The Sage of Royal Free disease<\/em><br \/>A. Melvin Ramsay<br \/>2nd edition, Gower Medical Publishing, London 1988. S\u00e4jes av <a href=\"http:\/\/www.meassociation.org.uk\/\" target=\"_blank\" rel=\"noopener noreferrer\">ME Association<\/a><\/p>\n<p><em>Myalgic encephalomyelitis or What?<\/em> <br \/>AM Ramsay<br \/>Lancet 1988:100<\/p>\n<p><em>Myalgic encephalomyelitis&#8211;a persistent enteroviral infection?<\/em><br \/>Dowsett EG, Ramsay AM, McCartney RA, Bell EJ<br \/>Postgrad Med J. 1990 Jul;66(777):526-30<br \/><a href=\"http:\/\/www.ncbi.nlm.nih.gov\/pubmed\/2170962\" target=\"_blank\" rel=\"noopener noreferrer\">sammanfattning<\/a><\/p>\n<h3><b>Ernest Donald Acheson<\/b><\/h3>\n<p>The Clinical Syndrome Variously Called Benign Myalgic Encephalomyelitis, Iceland Disease and Epidemic Neuromyasthenia. Acheson ED. American Journal of Medicine 1959; 26: 569\u201395. <a href=\"http:\/\/www.meresearch.org.uk\/information\/keypubs\/Acheson_AmJMed.pdf\">Acheson<\/a><\/p>\n<h1><a name=\"_epidemier\"><\/a>ME epidemier<\/h1>\n<p>Det finns cirka 60 stycken dokumenterade epidemier med ME. N\u00e5gra exempel \u00e4r:<\/p>\n<table>\n<caption>N\u00e5gra ME-epidemier<\/caption>\n<colgroup>\n<col style=\"width: 40%;\" \/>\n<col style=\"width: 15%;\" \/>\n<col style=\"width: 15%;\" \/>\n<col style=\"width: 30%;\" \/> <\/colgroup>\n<thead>\n<tr>\n<th>Plats<\/th>\n<th>\u00c5r<\/th>\n<th>Antal rappor\u00adterade eller stud\u00aderade fall<\/th>\n<th>Typ av utbrott<\/th>\n<\/tr>\n<\/thead>\n<tbody>\n<tr>\n<td>Los Angeles<\/td>\n<td>1934<\/td>\n<td align=\"right\">198<\/td>\n<td>Sjukhus\u00adpersonal, samh\u00e4lle<\/td>\n<\/tr>\n<tr>\n<td>Island<\/td>\n<td>1948-49<\/td>\n<td align=\"right\">1090<\/td>\n<td>Samh\u00e4lle<\/td>\n<\/tr>\n<tr>\n<td>Adelaide &#8211; Australien<\/td>\n<td>1949-51<\/td>\n<td align=\"right\">800<\/td>\n<td>Samh\u00e4lle<\/td>\n<\/tr>\n<tr>\n<td>Danmark<\/td>\n<td>1952<\/td>\n<td align=\"right\">10<\/td>\n<td>Samh\u00e4lle<\/td>\n<\/tr>\n<tr>\n<td>Tallahassee &#8211; Florida &#8211; USA<\/td>\n<td>1954<\/td>\n<td align=\"right\">450<\/td>\n<td>Samh\u00e4lle<\/td>\n<\/tr>\n<tr>\n<td>Seward &#8211; Alaska &#8211; USA<\/td>\n<td>1954<\/td>\n<td align=\"right\">175<\/td>\n<td>Samh\u00e4lle<\/td>\n<\/tr>\n<tr>\n<td>Berlin &#8211; Tyskland<\/td>\n<td>1955<\/td>\n<td align=\"right\">7<\/td>\n<td>Barack\u00adboendes<\/td>\n<\/tr>\n<tr>\n<td>Royal Free Hospital &#8211; London<\/td>\n<td>1955<\/td>\n<td align=\"right\">300<\/td>\n<td>Sjukhus\u00adpersonal, samh\u00e4lle<\/td>\n<\/tr>\n<tr>\n<td>Durban &#8211; Sydafrika<\/td>\n<td>1955<\/td>\n<td align=\"right\">140<\/td>\n<td>Sjukhus\u00adpersonal, samh\u00e4lle<\/td>\n<\/tr>\n<tr>\n<td>Punta Gorda &#8211; Florida &#8211; USA<\/td>\n<td>1956<\/td>\n<td align=\"right\">124<\/td>\n<td>Samh\u00e4lle<\/td>\n<\/tr>\n<tr>\n<td>Aten &#8211; Grekland<\/td>\n<td>1958<\/td>\n<td align=\"right\">27<\/td>\n<td>Sjuk\u00adhus\u00adpersonal<\/td>\n<\/tr>\n<tr>\n<td>Incline Village &#8211; Lake Tahoe Nevada &#8211; USA<\/td>\n<td>1984<\/td>\n<td align=\"right\">\u00a0<\/td>\n<td>Sam\u00adh\u00e4lls\u00adepidemi som startade i ett tjej\u00adbasket\u00adlag<\/td>\n<\/tr>\n<tr>\n<td>Montreal &#8211; Quebec-Ontario &#8211; Kanada<\/td>\n<td>1984<\/td>\n<td align=\"right\">500<\/td>\n<td>Samh\u00e4lle<\/td>\n<\/tr>\n<\/tbody>\n<\/table>\n","protected":false},"excerpt":{"rendered":"<p>Inneh\u00e5ll: Referenser Forskning Video Litteratur Historiska dokument ME epidemier Referenser Informationsmaterial Invaliditetsskala f\u00f6r ME http:\/\/me-cfs.se\/Filer\/ahummingbirds-ability-scale.pdf Powerpointf\u00f6redrag om ME och v\u00e5rd: http:\/\/me-cfs.se\/dok\/presentation.pps Ren\u00e9es r\u00e5d till ME- och fibromyalgipatienter Ren\u00e9es r\u00e5d till n\u00e4rst\u00e5ende Broschyrer p\u00e5 Danska om ME: http:\/\/www.kronisktraethedssyndrom.dk\/download_brochurer.htm Prolonged acetylcholine-induced vasodilatation in the peripheral microcirculation of patients with chronic fatigue syndrome, Faisel Khan et al., Clin [&hellip;]<\/p>\n","protected":false},"author":1,"featured_media":0,"parent":7,"menu_order":7,"comment_status":"closed","ping_status":"closed","template":"","meta":{"footnotes":""},"class_list":["post-23","page","type-page","status-publish","hentry"],"yoast_head":"<!-- This site is optimized with the Yoast SEO plugin v27.3 - https:\/\/yoast.com\/product\/yoast-seo-wordpress\/ -->\n<title>Referenser - ME information<\/title>\n<meta name=\"robots\" content=\"index, follow, max-snippet:-1, max-image-preview:large, max-video-preview:-1\" \/>\n<link rel=\"canonical\" href=\"https:\/\/me-cfs.se\/info\/myalgisk-encefalomyelit\/referenser\/\" \/>\n<meta property=\"og:locale\" content=\"sv_SE\" \/>\n<meta property=\"og:type\" content=\"article\" \/>\n<meta property=\"og:title\" content=\"Referenser - ME information\" \/>\n<meta property=\"og:description\" content=\"Inneh\u00e5ll: Referenser Forskning Video Litteratur Historiska dokument ME epidemier Referenser Informationsmaterial Invaliditetsskala f\u00f6r ME http:\/\/me-cfs.se\/Filer\/ahummingbirds-ability-scale.pdf Powerpointf\u00f6redrag om ME och v\u00e5rd: http:\/\/me-cfs.se\/dok\/presentation.pps Ren\u00e9es r\u00e5d till ME- och fibromyalgipatienter Ren\u00e9es r\u00e5d till n\u00e4rst\u00e5ende Broschyrer p\u00e5 Danska om ME: http:\/\/www.kronisktraethedssyndrom.dk\/download_brochurer.htm Prolonged acetylcholine-induced vasodilatation in the peripheral microcirculation of patients with chronic fatigue syndrome, Faisel Khan et al., Clin [&hellip;]\" \/>\n<meta property=\"og:url\" content=\"https:\/\/me-cfs.se\/info\/myalgisk-encefalomyelit\/referenser\/\" \/>\n<meta property=\"og:site_name\" content=\"ME information\" \/>\n<meta property=\"article:modified_time\" content=\"2026-04-03T21:27:47+00:00\" \/>\n<meta name=\"twitter:card\" content=\"summary_large_image\" \/>\n<meta name=\"twitter:label1\" content=\"Ber\u00e4knad l\u00e4stid\" \/>\n\t<meta name=\"twitter:data1\" content=\"6 minuter\" \/>\n<script type=\"application\/ld+json\" class=\"yoast-schema-graph\">{\"@context\":\"https:\\\/\\\/schema.org\",\"@graph\":[{\"@type\":\"WebPage\",\"@id\":\"https:\\\/\\\/me-cfs.se\\\/info\\\/myalgisk-encefalomyelit\\\/referenser\\\/\",\"url\":\"https:\\\/\\\/me-cfs.se\\\/info\\\/myalgisk-encefalomyelit\\\/referenser\\\/\",\"name\":\"Referenser - ME information\",\"isPartOf\":{\"@id\":\"https:\\\/\\\/me-cfs.se\\\/info\\\/#website\"},\"datePublished\":\"2026-04-03T21:22:24+00:00\",\"dateModified\":\"2026-04-03T21:27:47+00:00\",\"breadcrumb\":{\"@id\":\"https:\\\/\\\/me-cfs.se\\\/info\\\/myalgisk-encefalomyelit\\\/referenser\\\/#breadcrumb\"},\"inLanguage\":\"sv-SE\",\"potentialAction\":[{\"@type\":\"ReadAction\",\"target\":[\"https:\\\/\\\/me-cfs.se\\\/info\\\/myalgisk-encefalomyelit\\\/referenser\\\/\"]}]},{\"@type\":\"BreadcrumbList\",\"@id\":\"https:\\\/\\\/me-cfs.se\\\/info\\\/myalgisk-encefalomyelit\\\/referenser\\\/#breadcrumb\",\"itemListElement\":[{\"@type\":\"ListItem\",\"position\":1,\"name\":\"Hem\",\"item\":\"https:\\\/\\\/me-cfs.se\\\/info\\\/\"},{\"@type\":\"ListItem\",\"position\":2,\"name\":\"Myalgisk Encefalomyelit\",\"item\":\"https:\\\/\\\/me-cfs.se\\\/info\\\/\"},{\"@type\":\"ListItem\",\"position\":3,\"name\":\"Referenser\"}]},{\"@type\":\"WebSite\",\"@id\":\"https:\\\/\\\/me-cfs.se\\\/info\\\/#website\",\"url\":\"https:\\\/\\\/me-cfs.se\\\/info\\\/\",\"name\":\"ME information\",\"description\":\"\",\"publisher\":{\"@id\":\"https:\\\/\\\/me-cfs.se\\\/info\\\/#organization\"},\"alternateName\":\"Information om den neuroimmuna sjukdomen myalgisk encefalomyelit\",\"potentialAction\":[{\"@type\":\"SearchAction\",\"target\":{\"@type\":\"EntryPoint\",\"urlTemplate\":\"https:\\\/\\\/me-cfs.se\\\/info\\\/?s={search_term_string}\"},\"query-input\":{\"@type\":\"PropertyValueSpecification\",\"valueRequired\":true,\"valueName\":\"search_term_string\"}}],\"inLanguage\":\"sv-SE\"},{\"@type\":\"Organization\",\"@id\":\"https:\\\/\\\/me-cfs.se\\\/info\\\/#organization\",\"name\":\"ME information\",\"alternateName\":\"Information om den neuroimmuna sjukdomen myalgisk encefalomyelit\",\"url\":\"https:\\\/\\\/me-cfs.se\\\/info\\\/\",\"logo\":{\"@type\":\"ImageObject\",\"inLanguage\":\"sv-SE\",\"@id\":\"https:\\\/\\\/me-cfs.se\\\/info\\\/#\\\/schema\\\/logo\\\/image\\\/\",\"url\":\"https:\\\/\\\/me-cfs.se\\\/info\\\/wp-content\\\/uploads\\\/2026\\\/04\\\/favicon-mecfsse-v3-512x512-1.png\",\"contentUrl\":\"https:\\\/\\\/me-cfs.se\\\/info\\\/wp-content\\\/uploads\\\/2026\\\/04\\\/favicon-mecfsse-v3-512x512-1.png\",\"width\":512,\"height\":512,\"caption\":\"ME information\"},\"image\":{\"@id\":\"https:\\\/\\\/me-cfs.se\\\/info\\\/#\\\/schema\\\/logo\\\/image\\\/\"}}]}<\/script>\n<!-- \/ Yoast SEO plugin. -->","yoast_head_json":{"title":"Referenser - ME information","robots":{"index":"index","follow":"follow","max-snippet":"max-snippet:-1","max-image-preview":"max-image-preview:large","max-video-preview":"max-video-preview:-1"},"canonical":"https:\/\/me-cfs.se\/info\/myalgisk-encefalomyelit\/referenser\/","og_locale":"sv_SE","og_type":"article","og_title":"Referenser - ME information","og_description":"Inneh\u00e5ll: Referenser Forskning Video Litteratur Historiska dokument ME epidemier Referenser Informationsmaterial Invaliditetsskala f\u00f6r ME http:\/\/me-cfs.se\/Filer\/ahummingbirds-ability-scale.pdf Powerpointf\u00f6redrag om ME och v\u00e5rd: http:\/\/me-cfs.se\/dok\/presentation.pps Ren\u00e9es r\u00e5d till ME- och fibromyalgipatienter Ren\u00e9es r\u00e5d till n\u00e4rst\u00e5ende Broschyrer p\u00e5 Danska om ME: http:\/\/www.kronisktraethedssyndrom.dk\/download_brochurer.htm Prolonged acetylcholine-induced vasodilatation in the peripheral microcirculation of patients with chronic fatigue syndrome, Faisel Khan et al., Clin [&hellip;]","og_url":"https:\/\/me-cfs.se\/info\/myalgisk-encefalomyelit\/referenser\/","og_site_name":"ME information","article_modified_time":"2026-04-03T21:27:47+00:00","twitter_card":"summary_large_image","twitter_misc":{"Ber\u00e4knad l\u00e4stid":"6 minuter"},"schema":{"@context":"https:\/\/schema.org","@graph":[{"@type":"WebPage","@id":"https:\/\/me-cfs.se\/info\/myalgisk-encefalomyelit\/referenser\/","url":"https:\/\/me-cfs.se\/info\/myalgisk-encefalomyelit\/referenser\/","name":"Referenser - ME information","isPartOf":{"@id":"https:\/\/me-cfs.se\/info\/#website"},"datePublished":"2026-04-03T21:22:24+00:00","dateModified":"2026-04-03T21:27:47+00:00","breadcrumb":{"@id":"https:\/\/me-cfs.se\/info\/myalgisk-encefalomyelit\/referenser\/#breadcrumb"},"inLanguage":"sv-SE","potentialAction":[{"@type":"ReadAction","target":["https:\/\/me-cfs.se\/info\/myalgisk-encefalomyelit\/referenser\/"]}]},{"@type":"BreadcrumbList","@id":"https:\/\/me-cfs.se\/info\/myalgisk-encefalomyelit\/referenser\/#breadcrumb","itemListElement":[{"@type":"ListItem","position":1,"name":"Hem","item":"https:\/\/me-cfs.se\/info\/"},{"@type":"ListItem","position":2,"name":"Myalgisk Encefalomyelit","item":"https:\/\/me-cfs.se\/info\/"},{"@type":"ListItem","position":3,"name":"Referenser"}]},{"@type":"WebSite","@id":"https:\/\/me-cfs.se\/info\/#website","url":"https:\/\/me-cfs.se\/info\/","name":"ME information","description":"","publisher":{"@id":"https:\/\/me-cfs.se\/info\/#organization"},"alternateName":"Information om den neuroimmuna sjukdomen myalgisk encefalomyelit","potentialAction":[{"@type":"SearchAction","target":{"@type":"EntryPoint","urlTemplate":"https:\/\/me-cfs.se\/info\/?s={search_term_string}"},"query-input":{"@type":"PropertyValueSpecification","valueRequired":true,"valueName":"search_term_string"}}],"inLanguage":"sv-SE"},{"@type":"Organization","@id":"https:\/\/me-cfs.se\/info\/#organization","name":"ME information","alternateName":"Information om den neuroimmuna sjukdomen myalgisk encefalomyelit","url":"https:\/\/me-cfs.se\/info\/","logo":{"@type":"ImageObject","inLanguage":"sv-SE","@id":"https:\/\/me-cfs.se\/info\/#\/schema\/logo\/image\/","url":"https:\/\/me-cfs.se\/info\/wp-content\/uploads\/2026\/04\/favicon-mecfsse-v3-512x512-1.png","contentUrl":"https:\/\/me-cfs.se\/info\/wp-content\/uploads\/2026\/04\/favicon-mecfsse-v3-512x512-1.png","width":512,"height":512,"caption":"ME information"},"image":{"@id":"https:\/\/me-cfs.se\/info\/#\/schema\/logo\/image\/"}}]}},"_links":{"self":[{"href":"https:\/\/me-cfs.se\/info\/wp-json\/wp\/v2\/pages\/23","targetHints":{"allow":["GET"]}}],"collection":[{"href":"https:\/\/me-cfs.se\/info\/wp-json\/wp\/v2\/pages"}],"about":[{"href":"https:\/\/me-cfs.se\/info\/wp-json\/wp\/v2\/types\/page"}],"author":[{"embeddable":true,"href":"https:\/\/me-cfs.se\/info\/wp-json\/wp\/v2\/users\/1"}],"replies":[{"embeddable":true,"href":"https:\/\/me-cfs.se\/info\/wp-json\/wp\/v2\/comments?post=23"}],"version-history":[{"count":1,"href":"https:\/\/me-cfs.se\/info\/wp-json\/wp\/v2\/pages\/23\/revisions"}],"predecessor-version":[{"id":24,"href":"https:\/\/me-cfs.se\/info\/wp-json\/wp\/v2\/pages\/23\/revisions\/24"}],"up":[{"embeddable":true,"href":"https:\/\/me-cfs.se\/info\/wp-json\/wp\/v2\/pages\/7"}],"wp:attachment":[{"href":"https:\/\/me-cfs.se\/info\/wp-json\/wp\/v2\/media?parent=23"}],"curies":[{"name":"wp","href":"https:\/\/api.w.org\/{rel}","templated":true}]}}