{"id":25,"date":"2026-04-03T23:23:57","date_gmt":"2026-04-03T21:23:57","guid":{"rendered":"https:\/\/me-cfs.se\/info\/?page_id=25"},"modified":"2026-04-03T23:28:32","modified_gmt":"2026-04-03T21:28:32","slug":"livskvalite-vid-myalgisk-encefalomyelit","status":"publish","type":"page","link":"https:\/\/me-cfs.se\/info\/myalgisk-encefalomyelit\/livskvalite-vid-myalgisk-encefalomyelit\/","title":{"rendered":"Livskvalit\u00e9 vid myalgisk encefalomyelit"},"content":{"rendered":"<p>Enligt studier \u00e4r livskvalit\u00e9n vid ME miserabel. Vid j\u00e4mf\u00f6relse med andra sjukdomar \u00e4r ME den som f\u00e5r l\u00e4gst livskvalit\u00e9.<\/p>\n<p>Det \u00e4r viktigt att vara medveten om att sv\u00e5righetsgraden kan variera oerh\u00f6rt mycket mellan individer. Med l\u00e4tt ME g\u00e5r det kanske fortfarande bra att arbeta, men att man drar in p\u00e5 det privata livet ist\u00e4llet. Mycket sv\u00e5r ME kan inneb\u00e4ra att man ligger i ett m\u00f6rkt och tyst rum, f\u00f6r att ljud och ljus upplevs som tortyr och orsakar postanstr\u00e4ngningsskov, och att man inte ens orkar med att ta sig till toaletten.<\/p>\n<p>(Egentligen borde man vid s\u00e5dana h\u00e4r studier ta h\u00e4nsyn till sv\u00e5righetsgraden, f\u00f6r s\u00e4kerligen \u00e4r livskvalit\u00e9n v\u00e4sentligt s\u00e4mre vid mycket sv\u00e5r ME \u00e4n vid l\u00e4tt ME.)<\/p>\n<p>\u00a0<\/p>\n<p><strong>Studien av Nacul med flera 2011:<\/strong> Se figur 1 p\u00e5 sidan 6, d\u00e4r man ser att ME ger markant s\u00e4mre po\u00e4ng inom fyra dom\u00e4ner (fysisk funktion, sm\u00e4rta, allm\u00e4n h\u00e4lsa, vitalitet, social funktion, emotionellt, och mentalt) \u00e4n personer med cancer, depression, reumatiod artrit (RA). <br \/> <a href=\"https:\/\/doi.org\/10.1186\/1471-2458-11-402\" target=\"_blank\" rel=\"noopener noreferrer\">https:\/\/doi.org\/10.1186\/1471-2458-11-402<\/a><\/p>\n<p><strong>Studien av Hvudberg med flera 2015:<\/strong> Se figur 3 sidan 11. Personer med ME har markant s\u00e4mre po\u00e4ng vad g\u00e4ller h\u00e4lsorelaterad livskvalitet (EQ-5D-3L) \u00e4n 20 andra sjukdomar som anses allvarliga. <br \/> <a href=\"https:\/\/doi.org\/10.1371\/journal.pone.0132421\" target=\"_blank\" rel=\"noopener noreferrer\">https:\/\/doi.org\/10.1371\/journal.pone.0132421<\/a><\/p>\n<p><strong>Studien av livskvalit\u00e9 hos ungdomar med ME, Rowe med flera 2019: <\/strong>Slutsatsen var att personer med ME har l\u00e4gre h\u00e4lsorelaterad livskvalit\u00e9 \u00e4n personer med astma, diabetes mellitus, epilepsi, esinofil gastroenterit och cystisk fibros.<br \/><a href=\"https:\/\/doi.org\/10.3389\/fped.2019.00026\" target=\"_blank\" rel=\"noopener noreferrer\">https:\/\/doi.org\/10.3389\/fped.2019.00026<\/a><\/p>\n<p><strong>Vyas, Finlay med flera 2022, Llivsvalit\u00e9 hos personer med ME och deras partner:<\/strong> Den st\u00f6rsta studien om livskvalit\u00e9n f\u00f6r personer med ME och deras familjemedlemmar. Studien visar p\u00e5 stort lidande. (Dock en varning: data samlades in via webbsida p\u00e5 internet, vilket g\u00f6r att urvalet kan vara skevt.)<br \/> <a href=\"https:\/\/doi.org\/10.1136\/bmjopen-2021-058128\" target=\"_blank\" rel=\"noopener noreferrer\">https:\/\/doi.org\/10.1136\/bmjopen-2021-058128<\/a><\/p>\n<p>\u00a0<\/p>\n","protected":false},"excerpt":{"rendered":"<p>Enligt studier \u00e4r livskvalit\u00e9n vid ME miserabel. Vid j\u00e4mf\u00f6relse med andra sjukdomar \u00e4r ME den som f\u00e5r l\u00e4gst livskvalit\u00e9. Det \u00e4r viktigt att vara medveten om att sv\u00e5righetsgraden kan variera oerh\u00f6rt mycket mellan individer. Med l\u00e4tt ME g\u00e5r det kanske fortfarande bra att arbeta, men att man drar in p\u00e5 det privata livet ist\u00e4llet. Mycket [&hellip;]<\/p>\n","protected":false},"author":1,"featured_media":0,"parent":7,"menu_order":13,"comment_status":"closed","ping_status":"closed","template":"","meta":{"footnotes":""},"class_list":["post-25","page","type-page","status-publish","hentry"],"yoast_head":"<!-- This site is optimized with the Yoast SEO plugin v27.3 - https:\/\/yoast.com\/product\/yoast-seo-wordpress\/ -->\n<title>Livskvalit\u00e9 vid myalgisk encefalomyelit - ME information<\/title>\n<meta name=\"robots\" content=\"index, follow, max-snippet:-1, max-image-preview:large, max-video-preview:-1\" \/>\n<link rel=\"canonical\" href=\"https:\/\/me-cfs.se\/info\/myalgisk-encefalomyelit\/livskvalite-vid-myalgisk-encefalomyelit\/\" \/>\n<meta property=\"og:locale\" content=\"sv_SE\" \/>\n<meta property=\"og:type\" content=\"article\" \/>\n<meta property=\"og:title\" content=\"Livskvalit\u00e9 vid myalgisk encefalomyelit - ME information\" \/>\n<meta property=\"og:description\" content=\"Enligt studier \u00e4r livskvalit\u00e9n vid ME miserabel. Vid j\u00e4mf\u00f6relse med andra sjukdomar \u00e4r ME den som f\u00e5r l\u00e4gst livskvalit\u00e9. Det \u00e4r viktigt att vara medveten om att sv\u00e5righetsgraden kan variera oerh\u00f6rt mycket mellan individer. Med l\u00e4tt ME g\u00e5r det kanske fortfarande bra att arbeta, men att man drar in p\u00e5 det privata livet ist\u00e4llet. Mycket [&hellip;]\" \/>\n<meta property=\"og:url\" content=\"https:\/\/me-cfs.se\/info\/myalgisk-encefalomyelit\/livskvalite-vid-myalgisk-encefalomyelit\/\" \/>\n<meta property=\"og:site_name\" content=\"ME information\" \/>\n<meta property=\"article:modified_time\" content=\"2026-04-03T21:28:32+00:00\" \/>\n<meta name=\"twitter:card\" content=\"summary_large_image\" \/>\n<meta name=\"twitter:label1\" content=\"Ber\u00e4knad l\u00e4stid\" \/>\n\t<meta name=\"twitter:data1\" content=\"2 minuter\" \/>\n<script type=\"application\/ld+json\" class=\"yoast-schema-graph\">{\"@context\":\"https:\\\/\\\/schema.org\",\"@graph\":[{\"@type\":\"WebPage\",\"@id\":\"https:\\\/\\\/me-cfs.se\\\/info\\\/myalgisk-encefalomyelit\\\/livskvalite-vid-myalgisk-encefalomyelit\\\/\",\"url\":\"https:\\\/\\\/me-cfs.se\\\/info\\\/myalgisk-encefalomyelit\\\/livskvalite-vid-myalgisk-encefalomyelit\\\/\",\"name\":\"Livskvalit\u00e9 vid myalgisk encefalomyelit - ME information\",\"isPartOf\":{\"@id\":\"https:\\\/\\\/me-cfs.se\\\/info\\\/#website\"},\"datePublished\":\"2026-04-03T21:23:57+00:00\",\"dateModified\":\"2026-04-03T21:28:32+00:00\",\"breadcrumb\":{\"@id\":\"https:\\\/\\\/me-cfs.se\\\/info\\\/myalgisk-encefalomyelit\\\/livskvalite-vid-myalgisk-encefalomyelit\\\/#breadcrumb\"},\"inLanguage\":\"sv-SE\",\"potentialAction\":[{\"@type\":\"ReadAction\",\"target\":[\"https:\\\/\\\/me-cfs.se\\\/info\\\/myalgisk-encefalomyelit\\\/livskvalite-vid-myalgisk-encefalomyelit\\\/\"]}]},{\"@type\":\"BreadcrumbList\",\"@id\":\"https:\\\/\\\/me-cfs.se\\\/info\\\/myalgisk-encefalomyelit\\\/livskvalite-vid-myalgisk-encefalomyelit\\\/#breadcrumb\",\"itemListElement\":[{\"@type\":\"ListItem\",\"position\":1,\"name\":\"Hem\",\"item\":\"https:\\\/\\\/me-cfs.se\\\/info\\\/\"},{\"@type\":\"ListItem\",\"position\":2,\"name\":\"Myalgisk Encefalomyelit\",\"item\":\"https:\\\/\\\/me-cfs.se\\\/info\\\/\"},{\"@type\":\"ListItem\",\"position\":3,\"name\":\"Livskvalit\u00e9 vid myalgisk encefalomyelit\"}]},{\"@type\":\"WebSite\",\"@id\":\"https:\\\/\\\/me-cfs.se\\\/info\\\/#website\",\"url\":\"https:\\\/\\\/me-cfs.se\\\/info\\\/\",\"name\":\"ME information\",\"description\":\"\",\"publisher\":{\"@id\":\"https:\\\/\\\/me-cfs.se\\\/info\\\/#organization\"},\"alternateName\":\"Information om den neuroimmuna sjukdomen myalgisk encefalomyelit\",\"potentialAction\":[{\"@type\":\"SearchAction\",\"target\":{\"@type\":\"EntryPoint\",\"urlTemplate\":\"https:\\\/\\\/me-cfs.se\\\/info\\\/?s={search_term_string}\"},\"query-input\":{\"@type\":\"PropertyValueSpecification\",\"valueRequired\":true,\"valueName\":\"search_term_string\"}}],\"inLanguage\":\"sv-SE\"},{\"@type\":\"Organization\",\"@id\":\"https:\\\/\\\/me-cfs.se\\\/info\\\/#organization\",\"name\":\"ME information\",\"alternateName\":\"Information om den neuroimmuna sjukdomen myalgisk encefalomyelit\",\"url\":\"https:\\\/\\\/me-cfs.se\\\/info\\\/\",\"logo\":{\"@type\":\"ImageObject\",\"inLanguage\":\"sv-SE\",\"@id\":\"https:\\\/\\\/me-cfs.se\\\/info\\\/#\\\/schema\\\/logo\\\/image\\\/\",\"url\":\"https:\\\/\\\/me-cfs.se\\\/info\\\/wp-content\\\/uploads\\\/2026\\\/04\\\/favicon-mecfsse-v3-512x512-1.png\",\"contentUrl\":\"https:\\\/\\\/me-cfs.se\\\/info\\\/wp-content\\\/uploads\\\/2026\\\/04\\\/favicon-mecfsse-v3-512x512-1.png\",\"width\":512,\"height\":512,\"caption\":\"ME information\"},\"image\":{\"@id\":\"https:\\\/\\\/me-cfs.se\\\/info\\\/#\\\/schema\\\/logo\\\/image\\\/\"}}]}<\/script>\n<!-- \/ Yoast SEO plugin. -->","yoast_head_json":{"title":"Livskvalit\u00e9 vid myalgisk encefalomyelit - ME information","robots":{"index":"index","follow":"follow","max-snippet":"max-snippet:-1","max-image-preview":"max-image-preview:large","max-video-preview":"max-video-preview:-1"},"canonical":"https:\/\/me-cfs.se\/info\/myalgisk-encefalomyelit\/livskvalite-vid-myalgisk-encefalomyelit\/","og_locale":"sv_SE","og_type":"article","og_title":"Livskvalit\u00e9 vid myalgisk encefalomyelit - ME information","og_description":"Enligt studier \u00e4r livskvalit\u00e9n vid ME miserabel. Vid j\u00e4mf\u00f6relse med andra sjukdomar \u00e4r ME den som f\u00e5r l\u00e4gst livskvalit\u00e9. Det \u00e4r viktigt att vara medveten om att sv\u00e5righetsgraden kan variera oerh\u00f6rt mycket mellan individer. Med l\u00e4tt ME g\u00e5r det kanske fortfarande bra att arbeta, men att man drar in p\u00e5 det privata livet ist\u00e4llet. Mycket [&hellip;]","og_url":"https:\/\/me-cfs.se\/info\/myalgisk-encefalomyelit\/livskvalite-vid-myalgisk-encefalomyelit\/","og_site_name":"ME information","article_modified_time":"2026-04-03T21:28:32+00:00","twitter_card":"summary_large_image","twitter_misc":{"Ber\u00e4knad l\u00e4stid":"2 minuter"},"schema":{"@context":"https:\/\/schema.org","@graph":[{"@type":"WebPage","@id":"https:\/\/me-cfs.se\/info\/myalgisk-encefalomyelit\/livskvalite-vid-myalgisk-encefalomyelit\/","url":"https:\/\/me-cfs.se\/info\/myalgisk-encefalomyelit\/livskvalite-vid-myalgisk-encefalomyelit\/","name":"Livskvalit\u00e9 vid myalgisk encefalomyelit - ME information","isPartOf":{"@id":"https:\/\/me-cfs.se\/info\/#website"},"datePublished":"2026-04-03T21:23:57+00:00","dateModified":"2026-04-03T21:28:32+00:00","breadcrumb":{"@id":"https:\/\/me-cfs.se\/info\/myalgisk-encefalomyelit\/livskvalite-vid-myalgisk-encefalomyelit\/#breadcrumb"},"inLanguage":"sv-SE","potentialAction":[{"@type":"ReadAction","target":["https:\/\/me-cfs.se\/info\/myalgisk-encefalomyelit\/livskvalite-vid-myalgisk-encefalomyelit\/"]}]},{"@type":"BreadcrumbList","@id":"https:\/\/me-cfs.se\/info\/myalgisk-encefalomyelit\/livskvalite-vid-myalgisk-encefalomyelit\/#breadcrumb","itemListElement":[{"@type":"ListItem","position":1,"name":"Hem","item":"https:\/\/me-cfs.se\/info\/"},{"@type":"ListItem","position":2,"name":"Myalgisk Encefalomyelit","item":"https:\/\/me-cfs.se\/info\/"},{"@type":"ListItem","position":3,"name":"Livskvalit\u00e9 vid myalgisk encefalomyelit"}]},{"@type":"WebSite","@id":"https:\/\/me-cfs.se\/info\/#website","url":"https:\/\/me-cfs.se\/info\/","name":"ME information","description":"","publisher":{"@id":"https:\/\/me-cfs.se\/info\/#organization"},"alternateName":"Information om den neuroimmuna sjukdomen myalgisk encefalomyelit","potentialAction":[{"@type":"SearchAction","target":{"@type":"EntryPoint","urlTemplate":"https:\/\/me-cfs.se\/info\/?s={search_term_string}"},"query-input":{"@type":"PropertyValueSpecification","valueRequired":true,"valueName":"search_term_string"}}],"inLanguage":"sv-SE"},{"@type":"Organization","@id":"https:\/\/me-cfs.se\/info\/#organization","name":"ME information","alternateName":"Information om den neuroimmuna sjukdomen myalgisk encefalomyelit","url":"https:\/\/me-cfs.se\/info\/","logo":{"@type":"ImageObject","inLanguage":"sv-SE","@id":"https:\/\/me-cfs.se\/info\/#\/schema\/logo\/image\/","url":"https:\/\/me-cfs.se\/info\/wp-content\/uploads\/2026\/04\/favicon-mecfsse-v3-512x512-1.png","contentUrl":"https:\/\/me-cfs.se\/info\/wp-content\/uploads\/2026\/04\/favicon-mecfsse-v3-512x512-1.png","width":512,"height":512,"caption":"ME information"},"image":{"@id":"https:\/\/me-cfs.se\/info\/#\/schema\/logo\/image\/"}}]}},"_links":{"self":[{"href":"https:\/\/me-cfs.se\/info\/wp-json\/wp\/v2\/pages\/25","targetHints":{"allow":["GET"]}}],"collection":[{"href":"https:\/\/me-cfs.se\/info\/wp-json\/wp\/v2\/pages"}],"about":[{"href":"https:\/\/me-cfs.se\/info\/wp-json\/wp\/v2\/types\/page"}],"author":[{"embeddable":true,"href":"https:\/\/me-cfs.se\/info\/wp-json\/wp\/v2\/users\/1"}],"replies":[{"embeddable":true,"href":"https:\/\/me-cfs.se\/info\/wp-json\/wp\/v2\/comments?post=25"}],"version-history":[{"count":1,"href":"https:\/\/me-cfs.se\/info\/wp-json\/wp\/v2\/pages\/25\/revisions"}],"predecessor-version":[{"id":26,"href":"https:\/\/me-cfs.se\/info\/wp-json\/wp\/v2\/pages\/25\/revisions\/26"}],"up":[{"embeddable":true,"href":"https:\/\/me-cfs.se\/info\/wp-json\/wp\/v2\/pages\/7"}],"wp:attachment":[{"href":"https:\/\/me-cfs.se\/info\/wp-json\/wp\/v2\/media?parent=25"}],"curies":[{"name":"wp","href":"https:\/\/api.w.org\/{rel}","templated":true}]}}