{"id":29,"date":"2026-04-03T23:26:18","date_gmt":"2026-04-03T21:26:18","guid":{"rendered":"https:\/\/me-cfs.se\/info\/?page_id=29"},"modified":"2026-04-03T23:28:00","modified_gmt":"2026-04-03T21:28:00","slug":"smartbehandling-vid-me","status":"publish","type":"page","link":"https:\/\/me-cfs.se\/info\/myalgisk-encefalomyelit\/smartbehandling-vid-me\/","title":{"rendered":"Sm\u00e4rtbehandling vid ME"},"content":{"rendered":"<p>V\u00e4rk vid ME kan sitta i huvud, muskler och\/eller utbrett. V\u00e4rken kan vara ytlig eller intern respektive konkret eller ogreppbar. Det finns m\u00e5nga varianter p\u00e5 v\u00e4rken &#8211; v\u00e4rken kommer i m\u00e5nga olika &#8217;smaker\/f\u00e4rger&#8217;. V\u00e4rken kan t.ex. upplevas som inflammatorisk. Det finns patienter med ME som beg\u00e5tt sj\u00e4lvmord. Att ha sv\u00e5r, pl\u00e5gsam, tortyrliknande, l\u00e5ngvarig v\u00e4rk, som aldrig g\u00f6r uppeh\u00e5ll, \u00e4r sv\u00e5rt att st\u00e5 ut med. \u00c4ven om det inte g\u00e5r att bota en sjukdom, skall patienterna ha fullt st\u00f6d f\u00f6r att lindra sm\u00e4rta.<\/p>\n<p>Ofta g\u00e5r allodyni i hand i hand med v\u00e4rken. Allodyni inneb\u00e4r att ett stimuli som normalt inte \u00e4r sm\u00e4rtsamt upplevs som sm\u00e4rtsamt. Allodyni kan f\u00f6rekomma f\u00f6r ber\u00f6ring, ljud och synintryck. T.ex. en l\u00e4tt smekning p\u00e5 armen kan upplevas s\u00e5 intensivt att det \u00e4r outh\u00e4rdligt; en varm hand kan br\u00e4nna lika intensivt som ett varmt strykj\u00e4rn.<\/p>\n<p>Behandling av sm\u00e4rta vid myalgisk encefalomyelit (ME) \u00e4r inte alltid det l\u00e4ttaste. Ett problem kan vara att en del l\u00e4kemedel f\u00f6rlorar effekt efter l\u00e5ngvarig anv\u00e4ndning och att dosen m\u00e5ste h\u00f6jas allteftersom f\u00f6r bibeh\u00e5llen effekt. Ett mycket vanligt problem \u00e4r att patienterna ofta \u00e4r intoleranta emot m\u00e5nga typer av l\u00e4kemedel. Vad patienterna \u00e4r intoleranta emot \u00e4r individuellt, men vissa l\u00e4kemedel orsakar intolerans oftare \u00e4n andra.<\/p>\n<p>Intolerans yttrar sig olika mellan patienter, men ocks\u00e5 olika mellan olika preparat. N\u00e4r en patient \u00e4r intolerant, kan den uppleva \u00f6kad v\u00e4rk och \u00f6kad sjukdomsk\u00e4nsla. Det kan upplevas som bakfylla kombinerad med en mycket sv\u00e5r influensa. Det \u00e4r inte ovanligt att patienterna initialt tolererar ett preparat f\u00f6r att sedan med tiden utveckla intolerans.<\/p>\n<p>En viktig sak att f\u00f6ra fram \u00e4r vikten av att utreda patienterna ordentligt. Det kan t.ex. vara s\u00e5 att v\u00e4rken orsakas av en infektion. Det finns exempel p\u00e5 patienter som efter l\u00e5ng tids sjukdom visat sig ha en behandlingsbar infektion. S\u00e5dana fall \u00e4r katastrofer f\u00f6r den enskilda patienten, men ocks\u00e5 ett underbetyg till de som utf\u00f6rt utredningen.<\/p>\n<p>Om en patient lider av depressiva symtom, men ocks\u00e5 av v\u00e4rk, b\u00f6r i allm\u00e4nhet v\u00e4rken behandlas f\u00f6rst. Flera av l\u00e4kemedlen emot v\u00e4rk har \u00e4ven effekt emot depressiva symtom. Dessutom kan l\u00e5ngvarig v\u00e4rk utl\u00f6sa depressiva symtom.<\/p>\n<h3>Specifik behandling emot v\u00e4rk<\/h3>\n<p>F\u00f6rstahandsvalen paracetamol och\u00a0icke-steroida antiinflammatoriska och sm\u00e4rtstillande l\u00e4kemedel (NSAID), s\u00e5som acetylsalicylsyra, ibuprofen och naproxen, har oftast ingen effekt alls eller mycket begr\u00e4nsad effekt.<\/p>\n<p>En mycket l\u00e5g dos av tricykliskt antidepressivt preparat (TCA) kan fungera emot v\u00e4rk. Oftast anv\u00e4nds amitriptylin (Saroten), men \u00e4ven mianserin. Dessa preparat har f\u00f6rdelen att de inte medf\u00f6r tillv\u00e4njning, och kan d\u00e4rmed tas under obegr\u00e4nsad tid. Tyv\u00e4rr \u00e4r det m\u00e5nga patienter som inte tolererar dessa preparat.<\/p>\n<p>L\u00e4kemedel som p\u00e5verkar oms\u00e4ttningen av dopamin och anv\u00e4nds emot epilepsi har i kliniska studier visat fungera vid fibromyalgi, och studier f\u00f6r ME \u00e4r p\u00e5 g\u00e5ng. Det g\u00e4ller gabapentin (Neurontin) och pregabilin (Lyrica).<\/p>\n<p>Duloxetin (Cymbalta) p\u00e5verkar \u00e5terupptaget av serotonin och norandrenalin (SNRI) och till en viss del dopamin. Tre dubbelblindade positiva studier vid fibromyalgi finns, och studier f\u00f6r ME \u00e4r p\u00e5 g\u00e5ng.<\/p>\n<p>Cannabis (THC + CBD) fungerar emot v\u00e4rk och har dessutom anti-inflamatoriska och neuroprotektiva egenskaper. Cannabis p\u00e5verkar cannabioniodreceptorerna (CB1 + CB2) och skiljer sig d\u00e4rmed fr\u00e5n \u00f6vriga l\u00e4kemedel som p\u00e5verkar serotonin-, adrenalin- eller dopamin-receptorerna. Allm\u00e4n anv\u00e4ndning av cannabis hos ungdomar i berusningssyfte kan absolut inte rekommenderas, men det g\u00e4ller ocks\u00e5 m\u00e5nga andra l\u00e4kemedel.<\/p>\n<p>Opioider: Tramadol ger nog effekt i de flesta fall, men m\u00e5nga patienter s\u00e4ger de \u00e4r intoleranta emot tramadol. Efter effekten sl\u00e4pper k\u00e4nner de sig mycket d\u00e5liga. N\u00e5gra s\u00e4tter insjuknande eller permanent f\u00f6rs\u00e4mring i samband med anv\u00e4ndning av tramadol. Det finns dock en och annan som anv\u00e4nder tramadol framg\u00e5ngsrikt. Morfin anv\u00e4nds av n\u00e5gra emot sm\u00e4rta, \u00e4ven l\u00e5ngvarigt. N\u00e5gon patient anv\u00e4nder opioiden buprenorfin emot sm\u00e4rta. Opioider kan kr\u00e4va att dosen h\u00f6js med tiden f\u00f6r bibeh\u00e5llen effekt, vilket kan ge problem vid l\u00e5ngtidsbehandling.<\/p>\n<h4>Administering<\/h4>\n<ul>\n<li>Amitriptylin: 5-100 mg\/dag. B\u00f6rja med 5 mg vid s\u00e4ng\u00e5ende. \u00d6ka gradvis med 5 mg varje vecka.<\/li>\n<li>Gabapentin: 2\u00d7100 &#8211; 3\u00d7300 mg\/dag. B\u00f6rja med en halv 100 mg kapsel per dag. \u00d6ka till tv\u00e5 halva kapslar per dag efter en vecka. Tre halva kapslar efter ytterligare en vecka. Och s\u00e5 vidare.<\/li>\n<\/ul>\n<h3>Immunomodulatorer<\/h3>\n<p>En del patienter k\u00e4nner sig b\u00e4ttre av immunomodulatorer. De f\u00e5r d\u00e5 ocks\u00e5 mindre v\u00e4rk. Det handlar om t.ex. l\u00e5g dos naltrexon (LDN), rintatolimod (Ampligen), kutapressin, hepapressin, curcumin, probiotika eller GcMAF (Gc protein-derived macrophage activating factor).<\/p>\n<p>Prednisolon kan eventuellt fungera ifall inflammation eller autoimmunitet bidrar till v\u00e4rken. Prednisolon \u00e4r en syntetisk glukokortikoid och ett derivat av kortisol (=hydrokortison). Prednisolon har antiinflammatorisk och immunosuppressiv verkan. Anv\u00e4ndning medf\u00f6r binjurebarksh\u00e4mmning\u00a0 och efter mer \u00e4n 1-3 m\u00e5naders anv\u00e4ndning kan det ta upp till ett \u00e5r att \u00e5terst\u00e4lla normal binjurebarksreaktivitet, och ibland kan neds\u00e4ttningen bli permanent.<\/p>\n<h4>Administering<\/h4>\n<ul>\n<li>Naltrexon: 0,5 &#8211; 4 mg per dag. B\u00f6rja med 0,5 mg och v\u00e4nta en vecka innan stegar upp. F\u00f6r att uppn\u00e5 den l\u00e5ga dosen, kan en halv 50 mg tablett l\u00f6sas upp i 50 ml vatten f\u00f6r att p\u00e5 s\u00e5 s\u00e4tt uppn\u00e5 koncentrationen 0,5 mg\/ml. N\u00e4r tabletten l\u00f6st upp sig, kan man dra upp \u00f6nskad m\u00e4ngd l\u00f6sning med en spruta. Om ett steriliserat k\u00e4rl av glas och steriliserat vatten anv\u00e4nds och l\u00f6sningen sparas i ett kylsk\u00e5p 4\u00b0C, visar erfarenheten att det g\u00e5r att spara l\u00f6sningen i ett par veckor. Det g\u00e5r \u00e4ven att f\u00e5 naltrexon i \u00f6nskad dos genom extempore f\u00f6rskrivning (APL tillverkar extemporel\u00e4kemedel).<\/li>\n<li>Curcumin: 500 mg per dag.<\/li>\n<li>Prednisolon: 1,25 &#8211; 10 mg per dag.<\/li>\n<\/ul>\n<p>\u00a0<\/p>\n<p>Notera: Denna artikel \u00e4r skriven av en lekman och \u00e4r inte granskad av en l\u00e4kare.<\/p>\n","protected":false},"excerpt":{"rendered":"<p>V\u00e4rk vid ME kan sitta i huvud, muskler och\/eller utbrett. V\u00e4rken kan vara ytlig eller intern respektive konkret eller ogreppbar. Det finns m\u00e5nga varianter p\u00e5 v\u00e4rken &#8211; v\u00e4rken kommer i m\u00e5nga olika &#8217;smaker\/f\u00e4rger&#8217;. V\u00e4rken kan t.ex. upplevas som inflammatorisk. Det finns patienter med ME som beg\u00e5tt sj\u00e4lvmord. Att ha sv\u00e5r, pl\u00e5gsam, tortyrliknande, l\u00e5ngvarig v\u00e4rk, som [&hellip;]<\/p>\n","protected":false},"author":1,"featured_media":0,"parent":7,"menu_order":9,"comment_status":"closed","ping_status":"closed","template":"","meta":{"footnotes":""},"class_list":["post-29","page","type-page","status-publish","hentry"],"yoast_head":"<!-- This site is optimized with the Yoast SEO plugin v27.3 - https:\/\/yoast.com\/product\/yoast-seo-wordpress\/ -->\n<title>Sm\u00e4rtbehandling vid ME - ME information<\/title>\n<meta name=\"robots\" content=\"index, follow, max-snippet:-1, max-image-preview:large, max-video-preview:-1\" \/>\n<link rel=\"canonical\" href=\"https:\/\/me-cfs.se\/info\/myalgisk-encefalomyelit\/smartbehandling-vid-me\/\" \/>\n<meta property=\"og:locale\" content=\"sv_SE\" \/>\n<meta property=\"og:type\" content=\"article\" \/>\n<meta property=\"og:title\" content=\"Sm\u00e4rtbehandling vid ME - ME information\" \/>\n<meta property=\"og:description\" content=\"V\u00e4rk vid ME kan sitta i huvud, muskler och\/eller utbrett. V\u00e4rken kan vara ytlig eller intern respektive konkret eller ogreppbar. Det finns m\u00e5nga varianter p\u00e5 v\u00e4rken &#8211; v\u00e4rken kommer i m\u00e5nga olika &#8217;smaker\/f\u00e4rger&#8217;. V\u00e4rken kan t.ex. upplevas som inflammatorisk. Det finns patienter med ME som beg\u00e5tt sj\u00e4lvmord. Att ha sv\u00e5r, pl\u00e5gsam, tortyrliknande, l\u00e5ngvarig v\u00e4rk, som [&hellip;]\" \/>\n<meta property=\"og:url\" content=\"https:\/\/me-cfs.se\/info\/myalgisk-encefalomyelit\/smartbehandling-vid-me\/\" \/>\n<meta property=\"og:site_name\" content=\"ME information\" \/>\n<meta property=\"article:modified_time\" content=\"2026-04-03T21:28:00+00:00\" \/>\n<meta name=\"twitter:card\" content=\"summary_large_image\" \/>\n<meta name=\"twitter:label1\" content=\"Ber\u00e4knad l\u00e4stid\" \/>\n\t<meta name=\"twitter:data1\" content=\"5 minuter\" \/>\n<script type=\"application\/ld+json\" class=\"yoast-schema-graph\">{\"@context\":\"https:\\\/\\\/schema.org\",\"@graph\":[{\"@type\":\"WebPage\",\"@id\":\"https:\\\/\\\/me-cfs.se\\\/info\\\/myalgisk-encefalomyelit\\\/smartbehandling-vid-me\\\/\",\"url\":\"https:\\\/\\\/me-cfs.se\\\/info\\\/myalgisk-encefalomyelit\\\/smartbehandling-vid-me\\\/\",\"name\":\"Sm\u00e4rtbehandling vid ME - ME information\",\"isPartOf\":{\"@id\":\"https:\\\/\\\/me-cfs.se\\\/info\\\/#website\"},\"datePublished\":\"2026-04-03T21:26:18+00:00\",\"dateModified\":\"2026-04-03T21:28:00+00:00\",\"breadcrumb\":{\"@id\":\"https:\\\/\\\/me-cfs.se\\\/info\\\/myalgisk-encefalomyelit\\\/smartbehandling-vid-me\\\/#breadcrumb\"},\"inLanguage\":\"sv-SE\",\"potentialAction\":[{\"@type\":\"ReadAction\",\"target\":[\"https:\\\/\\\/me-cfs.se\\\/info\\\/myalgisk-encefalomyelit\\\/smartbehandling-vid-me\\\/\"]}]},{\"@type\":\"BreadcrumbList\",\"@id\":\"https:\\\/\\\/me-cfs.se\\\/info\\\/myalgisk-encefalomyelit\\\/smartbehandling-vid-me\\\/#breadcrumb\",\"itemListElement\":[{\"@type\":\"ListItem\",\"position\":1,\"name\":\"Hem\",\"item\":\"https:\\\/\\\/me-cfs.se\\\/info\\\/\"},{\"@type\":\"ListItem\",\"position\":2,\"name\":\"Myalgisk Encefalomyelit\",\"item\":\"https:\\\/\\\/me-cfs.se\\\/info\\\/\"},{\"@type\":\"ListItem\",\"position\":3,\"name\":\"Sm\u00e4rtbehandling vid ME\"}]},{\"@type\":\"WebSite\",\"@id\":\"https:\\\/\\\/me-cfs.se\\\/info\\\/#website\",\"url\":\"https:\\\/\\\/me-cfs.se\\\/info\\\/\",\"name\":\"ME information\",\"description\":\"\",\"publisher\":{\"@id\":\"https:\\\/\\\/me-cfs.se\\\/info\\\/#organization\"},\"alternateName\":\"Information om den neuroimmuna sjukdomen myalgisk encefalomyelit\",\"potentialAction\":[{\"@type\":\"SearchAction\",\"target\":{\"@type\":\"EntryPoint\",\"urlTemplate\":\"https:\\\/\\\/me-cfs.se\\\/info\\\/?s={search_term_string}\"},\"query-input\":{\"@type\":\"PropertyValueSpecification\",\"valueRequired\":true,\"valueName\":\"search_term_string\"}}],\"inLanguage\":\"sv-SE\"},{\"@type\":\"Organization\",\"@id\":\"https:\\\/\\\/me-cfs.se\\\/info\\\/#organization\",\"name\":\"ME information\",\"alternateName\":\"Information om den neuroimmuna sjukdomen myalgisk encefalomyelit\",\"url\":\"https:\\\/\\\/me-cfs.se\\\/info\\\/\",\"logo\":{\"@type\":\"ImageObject\",\"inLanguage\":\"sv-SE\",\"@id\":\"https:\\\/\\\/me-cfs.se\\\/info\\\/#\\\/schema\\\/logo\\\/image\\\/\",\"url\":\"https:\\\/\\\/me-cfs.se\\\/info\\\/wp-content\\\/uploads\\\/2026\\\/04\\\/favicon-mecfsse-v3-512x512-1.png\",\"contentUrl\":\"https:\\\/\\\/me-cfs.se\\\/info\\\/wp-content\\\/uploads\\\/2026\\\/04\\\/favicon-mecfsse-v3-512x512-1.png\",\"width\":512,\"height\":512,\"caption\":\"ME information\"},\"image\":{\"@id\":\"https:\\\/\\\/me-cfs.se\\\/info\\\/#\\\/schema\\\/logo\\\/image\\\/\"}}]}<\/script>\n<!-- \/ Yoast SEO plugin. -->","yoast_head_json":{"title":"Sm\u00e4rtbehandling vid ME - ME information","robots":{"index":"index","follow":"follow","max-snippet":"max-snippet:-1","max-image-preview":"max-image-preview:large","max-video-preview":"max-video-preview:-1"},"canonical":"https:\/\/me-cfs.se\/info\/myalgisk-encefalomyelit\/smartbehandling-vid-me\/","og_locale":"sv_SE","og_type":"article","og_title":"Sm\u00e4rtbehandling vid ME - ME information","og_description":"V\u00e4rk vid ME kan sitta i huvud, muskler och\/eller utbrett. V\u00e4rken kan vara ytlig eller intern respektive konkret eller ogreppbar. Det finns m\u00e5nga varianter p\u00e5 v\u00e4rken &#8211; v\u00e4rken kommer i m\u00e5nga olika &#8217;smaker\/f\u00e4rger&#8217;. V\u00e4rken kan t.ex. upplevas som inflammatorisk. Det finns patienter med ME som beg\u00e5tt sj\u00e4lvmord. Att ha sv\u00e5r, pl\u00e5gsam, tortyrliknande, l\u00e5ngvarig v\u00e4rk, som [&hellip;]","og_url":"https:\/\/me-cfs.se\/info\/myalgisk-encefalomyelit\/smartbehandling-vid-me\/","og_site_name":"ME information","article_modified_time":"2026-04-03T21:28:00+00:00","twitter_card":"summary_large_image","twitter_misc":{"Ber\u00e4knad l\u00e4stid":"5 minuter"},"schema":{"@context":"https:\/\/schema.org","@graph":[{"@type":"WebPage","@id":"https:\/\/me-cfs.se\/info\/myalgisk-encefalomyelit\/smartbehandling-vid-me\/","url":"https:\/\/me-cfs.se\/info\/myalgisk-encefalomyelit\/smartbehandling-vid-me\/","name":"Sm\u00e4rtbehandling vid ME - ME information","isPartOf":{"@id":"https:\/\/me-cfs.se\/info\/#website"},"datePublished":"2026-04-03T21:26:18+00:00","dateModified":"2026-04-03T21:28:00+00:00","breadcrumb":{"@id":"https:\/\/me-cfs.se\/info\/myalgisk-encefalomyelit\/smartbehandling-vid-me\/#breadcrumb"},"inLanguage":"sv-SE","potentialAction":[{"@type":"ReadAction","target":["https:\/\/me-cfs.se\/info\/myalgisk-encefalomyelit\/smartbehandling-vid-me\/"]}]},{"@type":"BreadcrumbList","@id":"https:\/\/me-cfs.se\/info\/myalgisk-encefalomyelit\/smartbehandling-vid-me\/#breadcrumb","itemListElement":[{"@type":"ListItem","position":1,"name":"Hem","item":"https:\/\/me-cfs.se\/info\/"},{"@type":"ListItem","position":2,"name":"Myalgisk Encefalomyelit","item":"https:\/\/me-cfs.se\/info\/"},{"@type":"ListItem","position":3,"name":"Sm\u00e4rtbehandling vid ME"}]},{"@type":"WebSite","@id":"https:\/\/me-cfs.se\/info\/#website","url":"https:\/\/me-cfs.se\/info\/","name":"ME information","description":"","publisher":{"@id":"https:\/\/me-cfs.se\/info\/#organization"},"alternateName":"Information om den neuroimmuna sjukdomen myalgisk encefalomyelit","potentialAction":[{"@type":"SearchAction","target":{"@type":"EntryPoint","urlTemplate":"https:\/\/me-cfs.se\/info\/?s={search_term_string}"},"query-input":{"@type":"PropertyValueSpecification","valueRequired":true,"valueName":"search_term_string"}}],"inLanguage":"sv-SE"},{"@type":"Organization","@id":"https:\/\/me-cfs.se\/info\/#organization","name":"ME information","alternateName":"Information om den neuroimmuna sjukdomen myalgisk encefalomyelit","url":"https:\/\/me-cfs.se\/info\/","logo":{"@type":"ImageObject","inLanguage":"sv-SE","@id":"https:\/\/me-cfs.se\/info\/#\/schema\/logo\/image\/","url":"https:\/\/me-cfs.se\/info\/wp-content\/uploads\/2026\/04\/favicon-mecfsse-v3-512x512-1.png","contentUrl":"https:\/\/me-cfs.se\/info\/wp-content\/uploads\/2026\/04\/favicon-mecfsse-v3-512x512-1.png","width":512,"height":512,"caption":"ME information"},"image":{"@id":"https:\/\/me-cfs.se\/info\/#\/schema\/logo\/image\/"}}]}},"_links":{"self":[{"href":"https:\/\/me-cfs.se\/info\/wp-json\/wp\/v2\/pages\/29","targetHints":{"allow":["GET"]}}],"collection":[{"href":"https:\/\/me-cfs.se\/info\/wp-json\/wp\/v2\/pages"}],"about":[{"href":"https:\/\/me-cfs.se\/info\/wp-json\/wp\/v2\/types\/page"}],"author":[{"embeddable":true,"href":"https:\/\/me-cfs.se\/info\/wp-json\/wp\/v2\/users\/1"}],"replies":[{"embeddable":true,"href":"https:\/\/me-cfs.se\/info\/wp-json\/wp\/v2\/comments?post=29"}],"version-history":[{"count":1,"href":"https:\/\/me-cfs.se\/info\/wp-json\/wp\/v2\/pages\/29\/revisions"}],"predecessor-version":[{"id":30,"href":"https:\/\/me-cfs.se\/info\/wp-json\/wp\/v2\/pages\/29\/revisions\/30"}],"up":[{"embeddable":true,"href":"https:\/\/me-cfs.se\/info\/wp-json\/wp\/v2\/pages\/7"}],"wp:attachment":[{"href":"https:\/\/me-cfs.se\/info\/wp-json\/wp\/v2\/media?parent=29"}],"curies":[{"name":"wp","href":"https:\/\/api.w.org\/{rel}","templated":true}]}}