{"id":33,"date":"2026-04-04T13:12:55","date_gmt":"2026-04-04T11:12:55","guid":{"rendered":"https:\/\/me-cfs.se\/info\/?page_id=33"},"modified":"2026-04-04T13:18:14","modified_gmt":"2026-04-04T11:18:14","slug":"viktigaste-lankarna","status":"publish","type":"page","link":"https:\/\/me-cfs.se\/info\/viktigaste-lankarna\/","title":{"rendered":"Viktigaste l\u00e4nkarna"},"content":{"rendered":"<h3>Information<\/h3>\n<p><a href=\"https:\/\/me-foreningen.se\/pdf\/sjukdomen.pdf\" target=\"_blank\" rel=\"noopener noreferrer\">Informationsfolder<\/a><\/p>\n<p><a href=\"\/info\/Filer\/forsta-mig.pdf\" target=\"_blank\" rel=\"noopener noreferrer\">F\u00f6rst\u00e5 mig!<\/a><\/p>\n<p><a href=\"\/info\/Filer\/grundregler-kreyberg.pdf\" target=\"_blank\" rel=\"noopener noreferrer\">12 grundregler vid ME<\/a><\/p>\n<p><a href=\"\/info\/Filer\/strategier-mental-troetthet-GU.pdf\" target=\"_blank\" rel=\"noopener noreferrer\">Hantera mental tr\u00f6tthet<\/a><\/p>\n<h3>Diagnos<\/h3>\n<h4>ICC kriterier<\/h4>\n<p><a href=\"https:\/\/me-foreningen.se\/filer\/ME-criteria-2011.pdf\" target=\"_blank\" rel=\"noopener noreferrer\">Internationella koncensuskriterierna 2011 (engelska)<\/a><\/p>\n<p><a href=\"\/info\/Filer\/ICC-2011-primer.pdf\" target=\"_blank\" rel=\"noopener noreferrer\">Introduktion f\u00f6r l\u00e4kare av Internationella koncensuskrtierierna 2011<\/a><\/p>\n<h4>Kanadakriterier<\/h4>\n<p><a href=\"\/info\/Filer\/Kanada_kriterier.pdf\" target=\"_blank\" rel=\"noopener noreferrer\">Kanadadefinitionen 2003 (svenska)<\/a><\/p>\n<p><a href=\"https:\/\/www.iacfsme.org\/Portals\/0\/PDF\/PrimerFinal3.pdf\" target=\"_blank\" rel=\"noopener noreferrer\">IACFS handledning f\u00f6r l\u00e4kare 2012 (baserar sig p\u00e5 Kanadakriterierna)<\/a><\/p>\n<p><a href=\"https:\/\/me-foreningen.se\/filer\/Overview-Canada-2003.pdf\" target=\"_blank\" rel=\"noopener noreferrer\">Introduktion f\u00f6r l\u00e4kare av Kanadadefinitionen 2003<\/a><\/p>\n<h3>Fler l\u00e4nkar<\/h3>\n<p><a href=\"https:\/\/me-foreningen.se\/\" target=\"_blank\" rel=\"noopener noreferrer\">ME-f\u00f6reningen<\/a><\/p>\n<p><a href=\"https:\/\/me-foreningen.se\/fonden.php\" target=\"_blank\" rel=\"noopener noreferrer\">ME-fonden<\/a><\/p>\n","protected":false},"excerpt":{"rendered":"<p>Information Informationsfolder F\u00f6rst\u00e5 mig! 12 grundregler vid ME Hantera mental tr\u00f6tthet Diagnos ICC kriterier Internationella koncensuskriterierna 2011 (engelska) Introduktion f\u00f6r l\u00e4kare av Internationella koncensuskrtierierna 2011 Kanadakriterier Kanadadefinitionen 2003 (svenska) IACFS handledning f\u00f6r l\u00e4kare 2012 (baserar sig p\u00e5 Kanadakriterierna) Introduktion f\u00f6r l\u00e4kare av Kanadadefinitionen 2003 Fler l\u00e4nkar ME-f\u00f6reningen ME-fonden<\/p>\n","protected":false},"author":1,"featured_media":0,"parent":0,"menu_order":1,"comment_status":"closed","ping_status":"closed","template":"","meta":{"footnotes":""},"class_list":["post-33","page","type-page","status-publish","hentry"],"yoast_head":"<!-- This site is optimized with the Yoast SEO plugin v27.3 - https:\/\/yoast.com\/product\/yoast-seo-wordpress\/ -->\n<title>Viktigaste l\u00e4nkarna - ME information<\/title>\n<meta name=\"robots\" content=\"index, follow, max-snippet:-1, max-image-preview:large, max-video-preview:-1\" \/>\n<link rel=\"canonical\" href=\"https:\/\/me-cfs.se\/info\/viktigaste-lankarna\/\" \/>\n<meta property=\"og:locale\" content=\"sv_SE\" \/>\n<meta property=\"og:type\" content=\"article\" \/>\n<meta property=\"og:title\" content=\"Viktigaste l\u00e4nkarna - ME information\" \/>\n<meta property=\"og:description\" content=\"Information Informationsfolder F\u00f6rst\u00e5 mig! 12 grundregler vid ME Hantera mental tr\u00f6tthet Diagnos ICC kriterier Internationella koncensuskriterierna 2011 (engelska) Introduktion f\u00f6r l\u00e4kare av Internationella koncensuskrtierierna 2011 Kanadakriterier Kanadadefinitionen 2003 (svenska) IACFS handledning f\u00f6r l\u00e4kare 2012 (baserar sig p\u00e5 Kanadakriterierna) Introduktion f\u00f6r l\u00e4kare av Kanadadefinitionen 2003 Fler l\u00e4nkar ME-f\u00f6reningen ME-fonden\" \/>\n<meta property=\"og:url\" content=\"https:\/\/me-cfs.se\/info\/viktigaste-lankarna\/\" \/>\n<meta property=\"og:site_name\" content=\"ME information\" \/>\n<meta property=\"article:modified_time\" content=\"2026-04-04T11:18:14+00:00\" \/>\n<meta name=\"twitter:card\" content=\"summary_large_image\" \/>\n<script type=\"application\/ld+json\" class=\"yoast-schema-graph\">{\"@context\":\"https:\\\/\\\/schema.org\",\"@graph\":[{\"@type\":\"WebPage\",\"@id\":\"https:\\\/\\\/me-cfs.se\\\/info\\\/viktigaste-lankarna\\\/\",\"url\":\"https:\\\/\\\/me-cfs.se\\\/info\\\/viktigaste-lankarna\\\/\",\"name\":\"Viktigaste l\u00e4nkarna - ME information\",\"isPartOf\":{\"@id\":\"https:\\\/\\\/me-cfs.se\\\/info\\\/#website\"},\"datePublished\":\"2026-04-04T11:12:55+00:00\",\"dateModified\":\"2026-04-04T11:18:14+00:00\",\"breadcrumb\":{\"@id\":\"https:\\\/\\\/me-cfs.se\\\/info\\\/viktigaste-lankarna\\\/#breadcrumb\"},\"inLanguage\":\"sv-SE\",\"potentialAction\":[{\"@type\":\"ReadAction\",\"target\":[\"https:\\\/\\\/me-cfs.se\\\/info\\\/viktigaste-lankarna\\\/\"]}]},{\"@type\":\"BreadcrumbList\",\"@id\":\"https:\\\/\\\/me-cfs.se\\\/info\\\/viktigaste-lankarna\\\/#breadcrumb\",\"itemListElement\":[{\"@type\":\"ListItem\",\"position\":1,\"name\":\"Hem\",\"item\":\"https:\\\/\\\/me-cfs.se\\\/info\\\/\"},{\"@type\":\"ListItem\",\"position\":2,\"name\":\"Viktigaste l\u00e4nkarna\"}]},{\"@type\":\"WebSite\",\"@id\":\"https:\\\/\\\/me-cfs.se\\\/info\\\/#website\",\"url\":\"https:\\\/\\\/me-cfs.se\\\/info\\\/\",\"name\":\"ME information\",\"description\":\"\",\"publisher\":{\"@id\":\"https:\\\/\\\/me-cfs.se\\\/info\\\/#organization\"},\"alternateName\":\"Information om den neuroimmuna sjukdomen myalgisk encefalomyelit\",\"potentialAction\":[{\"@type\":\"SearchAction\",\"target\":{\"@type\":\"EntryPoint\",\"urlTemplate\":\"https:\\\/\\\/me-cfs.se\\\/info\\\/?s={search_term_string}\"},\"query-input\":{\"@type\":\"PropertyValueSpecification\",\"valueRequired\":true,\"valueName\":\"search_term_string\"}}],\"inLanguage\":\"sv-SE\"},{\"@type\":\"Organization\",\"@id\":\"https:\\\/\\\/me-cfs.se\\\/info\\\/#organization\",\"name\":\"ME information\",\"alternateName\":\"Information om den neuroimmuna sjukdomen myalgisk encefalomyelit\",\"url\":\"https:\\\/\\\/me-cfs.se\\\/info\\\/\",\"logo\":{\"@type\":\"ImageObject\",\"inLanguage\":\"sv-SE\",\"@id\":\"https:\\\/\\\/me-cfs.se\\\/info\\\/#\\\/schema\\\/logo\\\/image\\\/\",\"url\":\"https:\\\/\\\/me-cfs.se\\\/info\\\/wp-content\\\/uploads\\\/2026\\\/04\\\/favicon-mecfsse-v3-512x512-1.png\",\"contentUrl\":\"https:\\\/\\\/me-cfs.se\\\/info\\\/wp-content\\\/uploads\\\/2026\\\/04\\\/favicon-mecfsse-v3-512x512-1.png\",\"width\":512,\"height\":512,\"caption\":\"ME information\"},\"image\":{\"@id\":\"https:\\\/\\\/me-cfs.se\\\/info\\\/#\\\/schema\\\/logo\\\/image\\\/\"}}]}<\/script>\n<!-- \/ Yoast SEO plugin. -->","yoast_head_json":{"title":"Viktigaste l\u00e4nkarna - ME information","robots":{"index":"index","follow":"follow","max-snippet":"max-snippet:-1","max-image-preview":"max-image-preview:large","max-video-preview":"max-video-preview:-1"},"canonical":"https:\/\/me-cfs.se\/info\/viktigaste-lankarna\/","og_locale":"sv_SE","og_type":"article","og_title":"Viktigaste l\u00e4nkarna - ME information","og_description":"Information Informationsfolder F\u00f6rst\u00e5 mig! 12 grundregler vid ME Hantera mental tr\u00f6tthet Diagnos ICC kriterier Internationella koncensuskriterierna 2011 (engelska) Introduktion f\u00f6r l\u00e4kare av Internationella koncensuskrtierierna 2011 Kanadakriterier Kanadadefinitionen 2003 (svenska) IACFS handledning f\u00f6r l\u00e4kare 2012 (baserar sig p\u00e5 Kanadakriterierna) Introduktion f\u00f6r l\u00e4kare av Kanadadefinitionen 2003 Fler l\u00e4nkar ME-f\u00f6reningen ME-fonden","og_url":"https:\/\/me-cfs.se\/info\/viktigaste-lankarna\/","og_site_name":"ME information","article_modified_time":"2026-04-04T11:18:14+00:00","twitter_card":"summary_large_image","schema":{"@context":"https:\/\/schema.org","@graph":[{"@type":"WebPage","@id":"https:\/\/me-cfs.se\/info\/viktigaste-lankarna\/","url":"https:\/\/me-cfs.se\/info\/viktigaste-lankarna\/","name":"Viktigaste l\u00e4nkarna - ME information","isPartOf":{"@id":"https:\/\/me-cfs.se\/info\/#website"},"datePublished":"2026-04-04T11:12:55+00:00","dateModified":"2026-04-04T11:18:14+00:00","breadcrumb":{"@id":"https:\/\/me-cfs.se\/info\/viktigaste-lankarna\/#breadcrumb"},"inLanguage":"sv-SE","potentialAction":[{"@type":"ReadAction","target":["https:\/\/me-cfs.se\/info\/viktigaste-lankarna\/"]}]},{"@type":"BreadcrumbList","@id":"https:\/\/me-cfs.se\/info\/viktigaste-lankarna\/#breadcrumb","itemListElement":[{"@type":"ListItem","position":1,"name":"Hem","item":"https:\/\/me-cfs.se\/info\/"},{"@type":"ListItem","position":2,"name":"Viktigaste l\u00e4nkarna"}]},{"@type":"WebSite","@id":"https:\/\/me-cfs.se\/info\/#website","url":"https:\/\/me-cfs.se\/info\/","name":"ME information","description":"","publisher":{"@id":"https:\/\/me-cfs.se\/info\/#organization"},"alternateName":"Information om den neuroimmuna sjukdomen myalgisk encefalomyelit","potentialAction":[{"@type":"SearchAction","target":{"@type":"EntryPoint","urlTemplate":"https:\/\/me-cfs.se\/info\/?s={search_term_string}"},"query-input":{"@type":"PropertyValueSpecification","valueRequired":true,"valueName":"search_term_string"}}],"inLanguage":"sv-SE"},{"@type":"Organization","@id":"https:\/\/me-cfs.se\/info\/#organization","name":"ME information","alternateName":"Information om den neuroimmuna sjukdomen myalgisk encefalomyelit","url":"https:\/\/me-cfs.se\/info\/","logo":{"@type":"ImageObject","inLanguage":"sv-SE","@id":"https:\/\/me-cfs.se\/info\/#\/schema\/logo\/image\/","url":"https:\/\/me-cfs.se\/info\/wp-content\/uploads\/2026\/04\/favicon-mecfsse-v3-512x512-1.png","contentUrl":"https:\/\/me-cfs.se\/info\/wp-content\/uploads\/2026\/04\/favicon-mecfsse-v3-512x512-1.png","width":512,"height":512,"caption":"ME information"},"image":{"@id":"https:\/\/me-cfs.se\/info\/#\/schema\/logo\/image\/"}}]}},"_links":{"self":[{"href":"https:\/\/me-cfs.se\/info\/wp-json\/wp\/v2\/pages\/33","targetHints":{"allow":["GET"]}}],"collection":[{"href":"https:\/\/me-cfs.se\/info\/wp-json\/wp\/v2\/pages"}],"about":[{"href":"https:\/\/me-cfs.se\/info\/wp-json\/wp\/v2\/types\/page"}],"author":[{"embeddable":true,"href":"https:\/\/me-cfs.se\/info\/wp-json\/wp\/v2\/users\/1"}],"replies":[{"embeddable":true,"href":"https:\/\/me-cfs.se\/info\/wp-json\/wp\/v2\/comments?post=33"}],"version-history":[{"count":1,"href":"https:\/\/me-cfs.se\/info\/wp-json\/wp\/v2\/pages\/33\/revisions"}],"predecessor-version":[{"id":34,"href":"https:\/\/me-cfs.se\/info\/wp-json\/wp\/v2\/pages\/33\/revisions\/34"}],"wp:attachment":[{"href":"https:\/\/me-cfs.se\/info\/wp-json\/wp\/v2\/media?parent=33"}],"curies":[{"name":"wp","href":"https:\/\/api.w.org\/{rel}","templated":true}]}}