{"id":45,"date":"2026-04-04T13:47:48","date_gmt":"2026-04-04T11:47:48","guid":{"rendered":"https:\/\/me-cfs.se\/info\/?page_id=45"},"modified":"2026-04-05T21:55:04","modified_gmt":"2026-04-05T19:55:04","slug":"dag-for-dag-hand-i-hand","status":"publish","type":"page","link":"https:\/\/me-cfs.se\/info\/patienters-berattelser\/dag-for-dag-hand-i-hand\/","title":{"rendered":"Dag f\u00f6r dag, hand i hand"},"content":{"rendered":"<p>T\u00e4nk dig att du vaknar upp en morgon med feber, influensa och huvudv\u00e4rk. T\u00e4nk dig att du dessutom \u00e4r rej\u00e4lt bakfull och har hamnat i slagsm\u00e5l kv\u00e4llen innan. Varenda muskel och led i hela kroppen v\u00e4rker, du \u00e4r yr och illam\u00e5ende och du k\u00e4nner av en extrem tr\u00f6tthet som g\u00f6r dig of\u00f6rm\u00f6gen till att g\u00f6ra n\u00e5gonting annat \u00e4n att ligga kvar i s\u00e4ngen. T\u00e4nk dig om detta inte skulle g\u00e5 \u00f6ver efter n\u00e5gra dagars vilande, utan att du forts\u00e4tter att m\u00e5 lika d\u00e5ligt varje ny dag som kommer. Att det skulle p\u00e5g\u00e5 i m\u00e5nader, \u00e5r och till och med \u00e5rtionden. V\u00e4lkommen till min v\u00e4rld.<\/p>\n<p>Jag heter Fanny, \u00e4r 24 \u00e5r gammal och lider av sjukdomarna ME (Myalgisk Encefalomyelit) och <a href=\u201dhttp:\/\/fibromyalgi.se\u201d target=\u201d_blank\u201d>Fibromyalgi<\/a>. Dessutom har jag st\u00e4ndig v\u00e4rk i ryggen som efter m\u00e5nga \u00e5r diagnostiserades som Segmentell R\u00f6relsesm\u00e4rta. Det tog mig 6 \u00e5r innan jag fick veta vad det var f\u00f6r fel p\u00e5 mig. Jag kastades runt i v\u00e5rden som en vante och ingen tog mig p\u00e5 allvar. En av de vanligaste kommentarerna jag fick h\u00f6ra var att man inte kan vara sjuk n\u00e4r man \u00e4r s\u00e5 ung som jag var. Att jag inte kan vara sjuk eftersom det inte syns p\u00e5 mig. Jag skickades runt mellan olika l\u00e4kare, ortopeder, sjukgymnaster och arbetsterapeuter. Ingen kunde konstatera mer \u00e4n att man inte kan m\u00e4ta sm\u00e4rta, utan jag skulle g\u00e5 hem och \u00e4ta v\u00e4rktabletter samt stabiliseringstr\u00e4na min mage och rygg. Eftersom ingen trodde p\u00e5 att jag verkligen var sjuk s\u00e5 gjorde det till slut att jag b\u00f6rjade fundera p\u00e5 om jag bara inbillade mig alltihop. I efterhand inser jag att det var det v\u00e4rsta som kunde h\u00e4nda, att jag slutade tro p\u00e5 mig sj\u00e4lv.<\/p>\n<p>Allting b\u00f6rjade n\u00e4r jag var 17 \u00e5r gammal. Jag gick andra \u00e5ret p\u00e5 musikalprogramet p\u00e5 gymnasiet och jag \u00e4lskade det! Min st\u00f6rsta dr\u00f6m var att bli professionell dansare och jag gjorde allt f\u00f6r att n\u00e5 det m\u00e5let.<\/p>\n<p>Jag blev tvungen att sluta dansa omedelbart. N\u00e5gra \u00e5r senare fick jag \u00e4ven avsluta mina nyss p\u00e5b\u00f6rjade studier till grundskoll\u00e4rare, sluta p\u00e5 mitt arbete och flytta hem till min mamma. Jag var 23 \u00e5r och klarade inte l\u00e4ngre av att bo sj\u00e4lv utan beh\u00f6vde fr\u00e5n och med nu hj\u00e4lp med precis allt. Alla mina l\u00e4karbes\u00f6k, alla hush\u00e5llssysslor, laga mat till mig, g\u00e5 l\u00e5nga promenader med min hund, h\u00e4mta ut mina mediciner och tv\u00e4tta mitt h\u00e5r. Hur skulle jag klara mig utan min mamma? Skulle jag f\u00e5 hemtj\u00e4nst?<\/p>\n<p>F\u00f6rr var livet annorlunda. Numera \u00e4r alla dagar v\u00e4ldigt lika varandra. Jag \u00e4ter m\u00e5ltider som \u00e4r l\u00e4tta att tillreda\/v\u00e4rma, sover och vilar mycket samt ser p\u00e5 tv f\u00f6r att f\u00f6rdriva tiden. Jag kan inte laga mat, st\u00e4da, handla, promenera, jobba, studera eller g\u00f6ra utflykter. V\u00e4nner tr\u00e4ffar jag s\u00e4llan eftersom det tar s\u00e5 otroligt mycket kraft f\u00f6r mig att b\u00e5de prata och att lyssna, samt att eventuellt ta mig hemifr\u00e5n. N\u00e4r jag g\u00e5r ut med min hund p\u00e5 dagarna s\u00e5 \u00e4r det bara utmed gr\u00e4smattan utanf\u00f6r eftersom jag inte orkar g\u00e5 s\u00e5 m\u00e5nga meter l\u00e4ngre. Med en extremt handikappande utmattning och sm\u00e4rta i kroppen klarar jag knappt av att g\u00f6ra n\u00e5gonting. Att lyfta kaffekoppen till munnen \u00e4r som ett tr\u00e4ningspass f\u00f6r mig \u2013 hur kan man f\u00e5 spr\u00e4ngande mj\u00f6lksyra av det? Jag klarar med stora sv\u00e5righeter av att ta hand om min personliga hygien, borsta t\u00e4nderna och att \u00e4ta sj\u00e4lv. Mellan varje liten aktivitet m\u00e5ste jag vila eftersom jag blir s\u00e5 fruktansv\u00e4rt utmattad. Tipset jag fick en dag, att krypa in i en morgonrock ist\u00e4llet f\u00f6r att torka mig med en tung handduk efter duschen f\u00f6r att spara kraft, \u00e4r n\u00e5got som har gjort stor skillnad.<\/p>\n<p>Oavsett hur mycket jag vilar eller sover s\u00e5 k\u00e4nner jag mig aldrig ens i n\u00e4rheten av utvilad. Med sjukdomarna kommer \u00e4ven en hj\u00e4rntr\u00f6tthet som \u00e4r sv\u00e5r att f\u00f6rklara f\u00f6r dem som inte har upplevt det. T\u00e4nk dig att huvudet \u00e4r fyllt med n\u00e5gon slags kletig och tjock gr\u00f6t ist\u00e4llet f\u00f6r en hj\u00e4rna. Du f\u00e5r sv\u00e5rt att koncentrera dig, komma ih\u00e5g saker, ta in information och du tappar ord eller s\u00e4ger helt andra saker \u00e4n vad du egentligen menar. Du t\u00e4nker en sak i huvudet men en annan mening eller ett annat ord kommer ut ur munnen. Som en tjock dimma som aldrig klarnar upp. Att sitta framf\u00f6r en dator \u00e4r v\u00e4ldigt sv\u00e5rt f\u00f6r mig eftersom jag, trots solglas\u00f6gon, f\u00e5r horribelt ont i mina \u00f6gon och i huvudet av sk\u00e4rmar. Det \u00e4r v\u00e4ldigt fysiskt och mentalt utmattande att skriva. Dessutom \u00e4r jag v\u00e4ldigt ljus- och ljudk\u00e4nslig vilket inneb\u00e4r att jag oftast m\u00e5ste ha persiennerna nere, solglas\u00f6gon p\u00e5, \u00f6ronproppar n\u00e4ra till hands samt att det \u00e4r viktigt att m\u00e4nniskor runt omkring mig pratar med l\u00e5g r\u00f6st och inte slamrar med saker. Ljudet av ett glas som st\u00e4lls ner p\u00e5 bordet kan sk\u00e4ra sm\u00e4rtsamt i mina \u00f6ron och dagsljuset g\u00f6r att mina \u00f6gon v\u00e4rker och skapar huvudv\u00e4rk. Med tiden l\u00e4r man sig att man faktiskt kan g\u00f6ra en del av det man kunnat tidigare s\u00e5 l\u00e4nge man planerar och vilar ordentligt emellan. Det \u00e4r dock l\u00e4tt att ibland g\u00f6ra lite f\u00f6r mycket eftersom kroppen vid vissa tillf\u00e4llen s\u00e4nder ut f\u00f6r mycket adrenalin, s\u00e5 den stora utmaningen \u00e4r att l\u00e4ra sig att anv\u00e4nda sig av s\u00e5 kallad pacing och l\u00e4ra sig att stoppa i tid. G\u00f6r jag mer \u00e4n vad kroppen klarar av s\u00e5 f\u00e5r jag \u00f6kade symptom n\u00e4stf\u00f6ljande dag, men ibland \u00e4ven n\u00e4rmaste veckan eller permanent. Allt beroende p\u00e5 hur mycket \u201df\u00f6r mycket\u201d jag har gjort. \u00c4tit lunch eller tr\u00e4ffat en v\u00e4n? Allt har olika pris.<\/p>\n<p>Det positiva med mina sjukdomar \u00e4r att jag ser livet fr\u00e5n en helt annan vinkel numera. Tidigare uppskattade jag inte saker p\u00e5 samma s\u00e4tt eftersom jag hade f\u00f6r fullt upp med att leva f\u00f6r att hinna stanna upp och k\u00e4nna efter. Jag dansade, jag jobbade, studerade och umgicks med v\u00e4nner. Jag sprang ifr\u00e5n mig sj\u00e4lv och k\u00f6rde bara p\u00e5, i hopp om att allting en dag bara skulle f\u00f6rsvinna och jag skulle bli frisk. Det var inte f\u00f6rr\u00e4n jag \u00e4ntligen fick tr\u00e4ffa en bra specialistl\u00e4kare som satte diagnoserna som jag fick reda p\u00e5 att jag inte alls inbillande mig sj\u00e4lv att jag var sjuk utan att det var p\u00e5 riktigt. Det var fr\u00e5n och med d\u00e5 som jag verkligen f\u00f6rstod allvaret i det hela och det gick upp f\u00f6r mig att jag h\u00f6ll p\u00e5 att f\u00f6rst\u00f6ra min kropp. Ins\u00e5g att om man har ME inneb\u00e4r det att all sorts aktivitet f\u00f6r\u00e4mrar dig och antr\u00e4ngningen beh\u00f6ver inte ens vara stor. Det kan r\u00e4cka med att kl\u00e4 p\u00e5 sig f\u00f6r att den dagens energi ska vara helt borta. Ibland kan man samla ihop krafter genom att helt vila i ett par veckor f\u00f6r att kunna g\u00e5 p\u00e5 en middag eller tr\u00e4ffa en v\u00e4n, men man m\u00e5ste vara beredd p\u00e5 att lika l\u00e5ng vila oftast kr\u00e4vs \u00e4ven efter aktiviteten. Livet handlar st\u00e4ndigt om val. Pest eller kolera? Vill jag kunna f\u00e5 duscha eller vill jag kunna \u00e4ta lunch? Det \u00e4r de vardagliga valen, men det finns ett mycket st\u00f6rre och viktigare val i livet f\u00f6r oss som \u00e4r sjuka.<\/p>\n<p>Jag har funnit otroligt mycket st\u00f6d i andra som har samma sjukdomar som jag. Trots att vi inte har krafter nog f\u00f6r att tr\u00e4ffas s\u00e5 kan vi ha kontakt genom olika forum via n\u00e4tet, vilket \u00e4r helt ov\u00e4rdeligt. Jag hade aldrig kunnat hantera detta livet utan dem. Vi hj\u00e4lper varandra att g\u00e5 igenom tuffa peridoder och vi ger tips p\u00e5 allt ifr\u00e5n mediciner, vitaminer och l\u00e4kare till hur man p\u00e5 b\u00e4sta s\u00e4tt ska f\u00f6rklara f\u00f6r sina n\u00e4rst\u00e5ende hur sjukdomarna p\u00e5verkar oss. Att veta att man inte \u00e4r ensam i kampen \u00e4r en av de viktigaste sakerna jag har f\u00e5tt l\u00e4ra mig. Att det alltid finns andra som f\u00f6rst\u00e5r precis hur man m\u00e5r. Vi m\u00e5 vara m\u00e5nga som har s\u00e4llsynta diagnoser men det \u00e4r inte m\u00e5nga som vet vad sjukdomarna inneb\u00e4r eller ens har h\u00f6rt deras namn, inte ens sjukv\u00e5rdspersonal. Med sjukdomar som inte kan botas s\u00e5 \u00e4r man inte intressant f\u00f6r de flesta l\u00e4kare, det har vi bittert nog f\u00e5tt uppleva genom \u00e5ren. D\u00e4rf\u00f6r \u00e4r det s\u00e5 otroligt viktigt att vi har varandras st\u00f6d och k\u00e4rlek.<\/p>\n<p>Jag har l\u00e4rt mig att n\u00e4r man blir ifr\u00e5ntagen livet s\u00e5 finns det alltid fler v\u00e4gar att g\u00e5. Det kanske inte \u00e4r s\u00e5 som du hade velat att det skulle vara, men du l\u00e4r dig att se det fina i det lilla. S\u00e5nt som friska m\u00e4nniskor inte ens t\u00e4nker p\u00e5 att de kan g\u00f6ra \u00e4r min st\u00f6rsta \u00f6nskan att f\u00e5 tillbaka. Nuf\u00f6rtiden blir jag lycklig som ett barn p\u00e5 julafton den dagen jag sitter nyduschad i en mjuk och go pyjamas under en filt i soffan. Att f\u00e5 mitt morgonkaffe. Att ibland promenera en stund i skogen med min elrullstol. N\u00e4r min syster kommer och h\u00e4lsar p\u00e5. Att k\u00e4nna doften och k\u00e4nslan av ett nytv\u00e4ttat h\u00e5r. Att ha en hund som kryper n\u00e4ra och vill gosa. Att f\u00e5 \u00e4ta en god middag tillsammans med min mamma framf\u00f6r en bra film. Att ibland kunna f\u00e5 tr\u00e4ffa mina v\u00e4nner och deras barn en stund. Jag har verkligen l\u00e4rt mig att ta tillvara p\u00e5 vardagslyckan och jag \u00e4r s\u00e5 tacksam f\u00f6r dessa till synes sm\u00e5 saker som jag f\u00e5r uppleva. Saker som friska m\u00e4nniskor inte ens t\u00e4nker p\u00e5 att de g\u00f6r och som de ofta inte \u00e4r tacksamma f\u00f6r att de kan g\u00f6ra.<\/p>\n<p>Jag vet att mitt liv just nu mest best\u00e5r av stark v\u00e4rk i hela kroppen, en fruktansv\u00e4rd utmattning, yrsel, ryggsm\u00e4rtor och ett allm\u00e4nt uselt m\u00e5ende. Just nu kanske det \u00e4r menat f\u00f6r mig att ligga i s\u00e4ngen eller soffan st\u00f6rsta delen av dygnet och att knappt klara av att g\u00f6ra n\u00e5gonting. Jag t\u00e4nker att med tiden s\u00e5 kommer det f\u00f6r\u00e4ndras och jag kommer f\u00f6rst\u00e5 varf\u00f6r jag fick denna b\u00f6rda och jag kommer hitta en v\u00e4g till ett b\u00e4ttre liv.<\/p>\n<p>Min st\u00f6rsta \u00f6nskan \u00e4r s\u00e5klart att bli frisk, men om jag inte kan bli det s\u00e5 vill jag i alla fall f\u00f6rs\u00f6ka g\u00f6ra det b\u00e4sta av det jag har f\u00e5tt. Jag tar mig igenom dagarna med en positiv inst\u00e4llning. T\u00e4nker att en dag ska jag ocks\u00e5 kunna f\u00e5 g\u00e5 p\u00e5 restaurang igen. Kunna ta en kortare promenad \u2013 utan min rullstol eller mina kryckor. Kanske till och med kunna jobba n\u00e5gra timmar i veckan. Jag har bytt ut min dr\u00f6m om att bli dansare till en dr\u00f6m om att en dag kunna bli stark nog att kunna bilda familj. Att f\u00e5 tillbaka om s\u00e5 bara en liten bit av det liv jag hade innan. Kunna \u00e5ka hemifr\u00e5n och hitta p\u00e5 roliga saker med m\u00e4nniskor jag tycker om. S\u00e5 l\u00e4nge jag har st\u00f6d och f\u00f6rst\u00e5else fr\u00e5n min familj och mina v\u00e4nner s\u00e5 orkar jag k\u00e4mpa vidare. Jag t\u00e4nker aldrig ge upp hoppet om att det en dag ska bli b\u00e4ttre! Jag t\u00e4nker forts\u00e4tta hj\u00e4lpa andra i samma situation och ta hand om mig sj\u00e4lv. Det \u00e4r det minsta jag kan g\u00f6ra<\/p>\n<p><a href=\u201dhttp:\/\/trotsalltarjagstark.blogg.se\u201d target=\u201d_blank\u201d>Fanny W\u00e4ndahl<\/a><\/p>\n","protected":false},"excerpt":{"rendered":"<p>T\u00e4nk dig att du vaknar upp en morgon med feber, influensa och huvudv\u00e4rk. T\u00e4nk dig att du dessutom \u00e4r rej\u00e4lt bakfull och har hamnat i slagsm\u00e5l kv\u00e4llen innan. Varenda muskel och led i hela kroppen v\u00e4rker, du \u00e4r yr och illam\u00e5ende och du k\u00e4nner av en extrem tr\u00f6tthet som g\u00f6r dig of\u00f6rm\u00f6gen till att g\u00f6ra [&hellip;]<\/p>\n","protected":false},"author":1,"featured_media":0,"parent":42,"menu_order":3,"comment_status":"closed","ping_status":"closed","template":"","meta":{"footnotes":""},"class_list":["post-45","page","type-page","status-publish","hentry"],"yoast_head":"<!-- This site is optimized with the Yoast SEO plugin v27.4 - https:\/\/yoast.com\/product\/yoast-seo-wordpress\/ -->\n<title>Dag f\u00f6r dag, hand i hand - ME information<\/title>\n<meta name=\"robots\" content=\"index, follow, max-snippet:-1, max-image-preview:large, max-video-preview:-1\" \/>\n<link rel=\"canonical\" href=\"https:\/\/me-cfs.se\/info\/patienters-berattelser\/dag-for-dag-hand-i-hand\/\" \/>\n<meta property=\"og:locale\" content=\"sv_SE\" \/>\n<meta property=\"og:type\" content=\"article\" \/>\n<meta property=\"og:title\" content=\"Dag f\u00f6r dag, hand i hand - ME information\" \/>\n<meta property=\"og:description\" content=\"T\u00e4nk dig att du vaknar upp en morgon med feber, influensa och huvudv\u00e4rk. T\u00e4nk dig att du dessutom \u00e4r rej\u00e4lt bakfull och har hamnat i slagsm\u00e5l kv\u00e4llen innan. Varenda muskel och led i hela kroppen v\u00e4rker, du \u00e4r yr och illam\u00e5ende och du k\u00e4nner av en extrem tr\u00f6tthet som g\u00f6r dig of\u00f6rm\u00f6gen till att g\u00f6ra [&hellip;]\" \/>\n<meta property=\"og:url\" content=\"https:\/\/me-cfs.se\/info\/patienters-berattelser\/dag-for-dag-hand-i-hand\/\" \/>\n<meta property=\"og:site_name\" content=\"ME information\" \/>\n<meta property=\"article:modified_time\" content=\"2026-04-05T19:55:04+00:00\" \/>\n<meta name=\"twitter:card\" content=\"summary_large_image\" \/>\n<meta name=\"twitter:label1\" content=\"Ber\u00e4knad l\u00e4stid\" \/>\n\t<meta name=\"twitter:data1\" content=\"11 minuter\" \/>\n<script type=\"application\/ld+json\" class=\"yoast-schema-graph\">{\"@context\":\"https:\\\/\\\/schema.org\",\"@graph\":[{\"@type\":\"WebPage\",\"@id\":\"https:\\\/\\\/me-cfs.se\\\/info\\\/patienters-berattelser\\\/dag-for-dag-hand-i-hand\\\/\",\"url\":\"https:\\\/\\\/me-cfs.se\\\/info\\\/patienters-berattelser\\\/dag-for-dag-hand-i-hand\\\/\",\"name\":\"Dag f\u00f6r dag, hand i hand - ME information\",\"isPartOf\":{\"@id\":\"https:\\\/\\\/me-cfs.se\\\/info\\\/#website\"},\"datePublished\":\"2026-04-04T11:47:48+00:00\",\"dateModified\":\"2026-04-05T19:55:04+00:00\",\"breadcrumb\":{\"@id\":\"https:\\\/\\\/me-cfs.se\\\/info\\\/patienters-berattelser\\\/dag-for-dag-hand-i-hand\\\/#breadcrumb\"},\"inLanguage\":\"sv-SE\",\"potentialAction\":[{\"@type\":\"ReadAction\",\"target\":[\"https:\\\/\\\/me-cfs.se\\\/info\\\/patienters-berattelser\\\/dag-for-dag-hand-i-hand\\\/\"]}]},{\"@type\":\"BreadcrumbList\",\"@id\":\"https:\\\/\\\/me-cfs.se\\\/info\\\/patienters-berattelser\\\/dag-for-dag-hand-i-hand\\\/#breadcrumb\",\"itemListElement\":[{\"@type\":\"ListItem\",\"position\":1,\"name\":\"Hem\",\"item\":\"https:\\\/\\\/me-cfs.se\\\/info\\\/\"},{\"@type\":\"ListItem\",\"position\":2,\"name\":\"Patienters ber\u00e4ttelser\",\"item\":\"https:\\\/\\\/me-cfs.se\\\/info\\\/patienters-berattelser\\\/\"},{\"@type\":\"ListItem\",\"position\":3,\"name\":\"Dag f\u00f6r dag, hand i hand\"}]},{\"@type\":\"WebSite\",\"@id\":\"https:\\\/\\\/me-cfs.se\\\/info\\\/#website\",\"url\":\"https:\\\/\\\/me-cfs.se\\\/info\\\/\",\"name\":\"ME information\",\"description\":\"\",\"publisher\":{\"@id\":\"https:\\\/\\\/me-cfs.se\\\/info\\\/#organization\"},\"alternateName\":\"Information om den neuroimmuna sjukdomen myalgisk encefalomyelit\",\"potentialAction\":[{\"@type\":\"SearchAction\",\"target\":{\"@type\":\"EntryPoint\",\"urlTemplate\":\"https:\\\/\\\/me-cfs.se\\\/info\\\/?s={search_term_string}\"},\"query-input\":{\"@type\":\"PropertyValueSpecification\",\"valueRequired\":true,\"valueName\":\"search_term_string\"}}],\"inLanguage\":\"sv-SE\"},{\"@type\":\"Organization\",\"@id\":\"https:\\\/\\\/me-cfs.se\\\/info\\\/#organization\",\"name\":\"ME information\",\"alternateName\":\"Information om den neuroimmuna sjukdomen myalgisk encefalomyelit\",\"url\":\"https:\\\/\\\/me-cfs.se\\\/info\\\/\",\"logo\":{\"@type\":\"ImageObject\",\"inLanguage\":\"sv-SE\",\"@id\":\"https:\\\/\\\/me-cfs.se\\\/info\\\/#\\\/schema\\\/logo\\\/image\\\/\",\"url\":\"https:\\\/\\\/me-cfs.se\\\/info\\\/wp-content\\\/uploads\\\/2026\\\/04\\\/favicon-mecfsse-v3-512x512-1.png\",\"contentUrl\":\"https:\\\/\\\/me-cfs.se\\\/info\\\/wp-content\\\/uploads\\\/2026\\\/04\\\/favicon-mecfsse-v3-512x512-1.png\",\"width\":512,\"height\":512,\"caption\":\"ME information\"},\"image\":{\"@id\":\"https:\\\/\\\/me-cfs.se\\\/info\\\/#\\\/schema\\\/logo\\\/image\\\/\"}}]}<\/script>\n<!-- \/ Yoast SEO plugin. -->","yoast_head_json":{"title":"Dag f\u00f6r dag, hand i hand - ME information","robots":{"index":"index","follow":"follow","max-snippet":"max-snippet:-1","max-image-preview":"max-image-preview:large","max-video-preview":"max-video-preview:-1"},"canonical":"https:\/\/me-cfs.se\/info\/patienters-berattelser\/dag-for-dag-hand-i-hand\/","og_locale":"sv_SE","og_type":"article","og_title":"Dag f\u00f6r dag, hand i hand - ME information","og_description":"T\u00e4nk dig att du vaknar upp en morgon med feber, influensa och huvudv\u00e4rk. T\u00e4nk dig att du dessutom \u00e4r rej\u00e4lt bakfull och har hamnat i slagsm\u00e5l kv\u00e4llen innan. Varenda muskel och led i hela kroppen v\u00e4rker, du \u00e4r yr och illam\u00e5ende och du k\u00e4nner av en extrem tr\u00f6tthet som g\u00f6r dig of\u00f6rm\u00f6gen till att g\u00f6ra [&hellip;]","og_url":"https:\/\/me-cfs.se\/info\/patienters-berattelser\/dag-for-dag-hand-i-hand\/","og_site_name":"ME information","article_modified_time":"2026-04-05T19:55:04+00:00","twitter_card":"summary_large_image","twitter_misc":{"Ber\u00e4knad l\u00e4stid":"11 minuter"},"schema":{"@context":"https:\/\/schema.org","@graph":[{"@type":"WebPage","@id":"https:\/\/me-cfs.se\/info\/patienters-berattelser\/dag-for-dag-hand-i-hand\/","url":"https:\/\/me-cfs.se\/info\/patienters-berattelser\/dag-for-dag-hand-i-hand\/","name":"Dag f\u00f6r dag, hand i hand - ME information","isPartOf":{"@id":"https:\/\/me-cfs.se\/info\/#website"},"datePublished":"2026-04-04T11:47:48+00:00","dateModified":"2026-04-05T19:55:04+00:00","breadcrumb":{"@id":"https:\/\/me-cfs.se\/info\/patienters-berattelser\/dag-for-dag-hand-i-hand\/#breadcrumb"},"inLanguage":"sv-SE","potentialAction":[{"@type":"ReadAction","target":["https:\/\/me-cfs.se\/info\/patienters-berattelser\/dag-for-dag-hand-i-hand\/"]}]},{"@type":"BreadcrumbList","@id":"https:\/\/me-cfs.se\/info\/patienters-berattelser\/dag-for-dag-hand-i-hand\/#breadcrumb","itemListElement":[{"@type":"ListItem","position":1,"name":"Hem","item":"https:\/\/me-cfs.se\/info\/"},{"@type":"ListItem","position":2,"name":"Patienters ber\u00e4ttelser","item":"https:\/\/me-cfs.se\/info\/patienters-berattelser\/"},{"@type":"ListItem","position":3,"name":"Dag f\u00f6r dag, hand i hand"}]},{"@type":"WebSite","@id":"https:\/\/me-cfs.se\/info\/#website","url":"https:\/\/me-cfs.se\/info\/","name":"ME information","description":"","publisher":{"@id":"https:\/\/me-cfs.se\/info\/#organization"},"alternateName":"Information om den neuroimmuna sjukdomen myalgisk encefalomyelit","potentialAction":[{"@type":"SearchAction","target":{"@type":"EntryPoint","urlTemplate":"https:\/\/me-cfs.se\/info\/?s={search_term_string}"},"query-input":{"@type":"PropertyValueSpecification","valueRequired":true,"valueName":"search_term_string"}}],"inLanguage":"sv-SE"},{"@type":"Organization","@id":"https:\/\/me-cfs.se\/info\/#organization","name":"ME information","alternateName":"Information om den neuroimmuna sjukdomen myalgisk encefalomyelit","url":"https:\/\/me-cfs.se\/info\/","logo":{"@type":"ImageObject","inLanguage":"sv-SE","@id":"https:\/\/me-cfs.se\/info\/#\/schema\/logo\/image\/","url":"https:\/\/me-cfs.se\/info\/wp-content\/uploads\/2026\/04\/favicon-mecfsse-v3-512x512-1.png","contentUrl":"https:\/\/me-cfs.se\/info\/wp-content\/uploads\/2026\/04\/favicon-mecfsse-v3-512x512-1.png","width":512,"height":512,"caption":"ME information"},"image":{"@id":"https:\/\/me-cfs.se\/info\/#\/schema\/logo\/image\/"}}]}},"_links":{"self":[{"href":"https:\/\/me-cfs.se\/info\/wp-json\/wp\/v2\/pages\/45","targetHints":{"allow":["GET"]}}],"collection":[{"href":"https:\/\/me-cfs.se\/info\/wp-json\/wp\/v2\/pages"}],"about":[{"href":"https:\/\/me-cfs.se\/info\/wp-json\/wp\/v2\/types\/page"}],"author":[{"embeddable":true,"href":"https:\/\/me-cfs.se\/info\/wp-json\/wp\/v2\/users\/1"}],"replies":[{"embeddable":true,"href":"https:\/\/me-cfs.se\/info\/wp-json\/wp\/v2\/comments?post=45"}],"version-history":[{"count":2,"href":"https:\/\/me-cfs.se\/info\/wp-json\/wp\/v2\/pages\/45\/revisions"}],"predecessor-version":[{"id":53,"href":"https:\/\/me-cfs.se\/info\/wp-json\/wp\/v2\/pages\/45\/revisions\/53"}],"up":[{"embeddable":true,"href":"https:\/\/me-cfs.se\/info\/wp-json\/wp\/v2\/pages\/42"}],"wp:attachment":[{"href":"https:\/\/me-cfs.se\/info\/wp-json\/wp\/v2\/media?parent=45"}],"curies":[{"name":"wp","href":"https:\/\/api.w.org\/{rel}","templated":true}]}}