{"id":47,"date":"2026-04-04T13:49:25","date_gmt":"2026-04-04T11:49:25","guid":{"rendered":"https:\/\/me-cfs.se\/info\/?page_id=47"},"modified":"2026-04-05T21:54:10","modified_gmt":"2026-04-05T19:54:10","slug":"litteraturlista","status":"publish","type":"page","link":"https:\/\/me-cfs.se\/info\/ovrigt\/litteraturlista\/","title":{"rendered":"Litteraturlista"},"content":{"rendered":"<ul>\n<li>Hillary Johnson. <strong>Osler\u2019s Web: <\/strong>Inside the labyrinth of the chronic fatigue syndrome epidemic. 2006 (andra upplagan). ISBN-10 0-595-34874-2, ISBN-13 978-0-595-34874-9. Journalist som under nio \u00e5r utrett varf\u00f6r det medicinska forskningsetablissemanget ej lyckats med att ta kroniskt tr\u00f6tthetssyndrom p\u00e5 allvar. Boken tar fram fakta om vad som h\u00e4nt under \u00e5ren 1984 till 1994.<\/li>\n<li>J\u00f8rgen Jelstad.<strong> De bortgjemte<\/strong>, og hvordan ME ble v\u00e5r tids mest omstridte sykdom. 2011. ISBN 8202348633. <a href=\u201dhttp:\/\/debortgjemte.com\/\u201d target=\u201d_blank\u201d rel=\u201dnoopener noreferrer\u201d>(f\u00f6rfattarens hemsida)<\/a><\/li>\n<\/ul>\n<h3>Ej ME specifikt<\/h3>\n<ul>\n<li>Jan Lidbeck.<strong> Shamanens s\u00e5ng &#8211;<\/strong> om en oundviklig m\u00e4nniska. 2011. ISBN 9163386747 <a href=\u201dhttp:\/\/www.shamanenssang.se\/\u201d target=\u201d_blank\u201d rel=\u201dnoopener noreferrer\u201d>(f\u00f6rfattarens hemsida)<br \/><\/a><em>&#8211; I detta samh\u00e4llsmedicinska drama vill jag bjuda in l\u00e4saren till f\u00f6rdolda verkligheter, tysta krig med konflikter mellan l\u00e4kare, patienter och l\u00e4kare, sjukskrivna och F\u00f6rs\u00e4kringskassan och mellan l\u00e4karetiken och statsmaktens \u201dspel om de sjukskrivna\u201d.<\/em><\/li>\n<li>Karl-Erik Tallmo.<strong> N\u00e4r livet tog en annan v\u00e4g<\/strong> \u2013 En sjukdomshistoria \u2013 Om amalgan, fibromyalgi och koncensus inom forskningen. 2004. ISBN: 91-974584-0-6. <a href=\u201dhttp:\/\/www.nisus.se\/fibro\/\u201d target=\u201d_blank\u201d rel=\u201dnoopener noreferrer\u201d>(bokens hemsida)<\/a><\/li>\n<li>Susanne Merz. <strong>Fr\u00e5n inbillningssjuk till d\u00f6dssjuk<\/strong> \u2013 Om sjukv\u00e5rdens haveri. 2014. ISBN 978-91-974584-4-3. (<a href=\u201dhttp:\/\/www.nisus.se\/merz\/\u201d target=\u201d_blank\u201d rel=\u201dnoopener noreferrer\u201d>l\u00e4nk<\/a>)<\/li>\n<\/ul>\n","protected":false},"excerpt":{"rendered":"<p>Hillary Johnson. Osler\u2019s Web: Inside the labyrinth of the chronic fatigue syndrome epidemic. 2006 (andra upplagan). ISBN-10 0-595-34874-2, ISBN-13 978-0-595-34874-9. Journalist som under nio \u00e5r utrett varf\u00f6r det medicinska forskningsetablissemanget ej lyckats med att ta kroniskt tr\u00f6tthetssyndrom p\u00e5 allvar. Boken tar fram fakta om vad som h\u00e4nt under \u00e5ren 1984 till 1994. J\u00f8rgen Jelstad. De [&hellip;]<\/p>\n","protected":false},"author":1,"featured_media":0,"parent":59,"menu_order":2,"comment_status":"closed","ping_status":"closed","template":"","meta":{"footnotes":""},"class_list":["post-47","page","type-page","status-publish","hentry"],"yoast_head":"<!-- This site is optimized with the Yoast SEO plugin v27.3 - https:\/\/yoast.com\/product\/yoast-seo-wordpress\/ -->\n<title>Litteraturlista - ME information<\/title>\n<meta name=\"robots\" content=\"index, follow, max-snippet:-1, max-image-preview:large, max-video-preview:-1\" \/>\n<link rel=\"canonical\" href=\"https:\/\/me-cfs.se\/info\/ovrigt\/litteraturlista\/\" \/>\n<meta property=\"og:locale\" content=\"sv_SE\" \/>\n<meta property=\"og:type\" content=\"article\" \/>\n<meta property=\"og:title\" content=\"Litteraturlista - ME information\" \/>\n<meta property=\"og:description\" content=\"Hillary Johnson. Osler\u2019s Web: Inside the labyrinth of the chronic fatigue syndrome epidemic. 2006 (andra upplagan). ISBN-10 0-595-34874-2, ISBN-13 978-0-595-34874-9. Journalist som under nio \u00e5r utrett varf\u00f6r det medicinska forskningsetablissemanget ej lyckats med att ta kroniskt tr\u00f6tthetssyndrom p\u00e5 allvar. Boken tar fram fakta om vad som h\u00e4nt under \u00e5ren 1984 till 1994. J\u00f8rgen Jelstad. De [&hellip;]\" \/>\n<meta property=\"og:url\" content=\"https:\/\/me-cfs.se\/info\/ovrigt\/litteraturlista\/\" \/>\n<meta property=\"og:site_name\" content=\"ME information\" \/>\n<meta property=\"article:modified_time\" content=\"2026-04-05T19:54:10+00:00\" \/>\n<meta name=\"twitter:card\" content=\"summary_large_image\" \/>\n<meta name=\"twitter:label1\" content=\"Ber\u00e4knad l\u00e4stid\" \/>\n\t<meta name=\"twitter:data1\" content=\"1 minut\" \/>\n<script type=\"application\/ld+json\" class=\"yoast-schema-graph\">{\"@context\":\"https:\\\/\\\/schema.org\",\"@graph\":[{\"@type\":\"WebPage\",\"@id\":\"https:\\\/\\\/me-cfs.se\\\/info\\\/ovrigt\\\/litteraturlista\\\/\",\"url\":\"https:\\\/\\\/me-cfs.se\\\/info\\\/ovrigt\\\/litteraturlista\\\/\",\"name\":\"Litteraturlista - ME information\",\"isPartOf\":{\"@id\":\"https:\\\/\\\/me-cfs.se\\\/info\\\/#website\"},\"datePublished\":\"2026-04-04T11:49:25+00:00\",\"dateModified\":\"2026-04-05T19:54:10+00:00\",\"breadcrumb\":{\"@id\":\"https:\\\/\\\/me-cfs.se\\\/info\\\/ovrigt\\\/litteraturlista\\\/#breadcrumb\"},\"inLanguage\":\"sv-SE\",\"potentialAction\":[{\"@type\":\"ReadAction\",\"target\":[\"https:\\\/\\\/me-cfs.se\\\/info\\\/ovrigt\\\/litteraturlista\\\/\"]}]},{\"@type\":\"BreadcrumbList\",\"@id\":\"https:\\\/\\\/me-cfs.se\\\/info\\\/ovrigt\\\/litteraturlista\\\/#breadcrumb\",\"itemListElement\":[{\"@type\":\"ListItem\",\"position\":1,\"name\":\"Hem\",\"item\":\"https:\\\/\\\/me-cfs.se\\\/info\\\/\"},{\"@type\":\"ListItem\",\"position\":2,\"name\":\"\u00d6vrigt\",\"item\":\"https:\\\/\\\/me-cfs.se\\\/info\\\/ovrigt\\\/\"},{\"@type\":\"ListItem\",\"position\":3,\"name\":\"Litteraturlista\"}]},{\"@type\":\"WebSite\",\"@id\":\"https:\\\/\\\/me-cfs.se\\\/info\\\/#website\",\"url\":\"https:\\\/\\\/me-cfs.se\\\/info\\\/\",\"name\":\"ME information\",\"description\":\"\",\"publisher\":{\"@id\":\"https:\\\/\\\/me-cfs.se\\\/info\\\/#organization\"},\"alternateName\":\"Information om den neuroimmuna sjukdomen myalgisk encefalomyelit\",\"potentialAction\":[{\"@type\":\"SearchAction\",\"target\":{\"@type\":\"EntryPoint\",\"urlTemplate\":\"https:\\\/\\\/me-cfs.se\\\/info\\\/?s={search_term_string}\"},\"query-input\":{\"@type\":\"PropertyValueSpecification\",\"valueRequired\":true,\"valueName\":\"search_term_string\"}}],\"inLanguage\":\"sv-SE\"},{\"@type\":\"Organization\",\"@id\":\"https:\\\/\\\/me-cfs.se\\\/info\\\/#organization\",\"name\":\"ME information\",\"alternateName\":\"Information om den neuroimmuna sjukdomen myalgisk encefalomyelit\",\"url\":\"https:\\\/\\\/me-cfs.se\\\/info\\\/\",\"logo\":{\"@type\":\"ImageObject\",\"inLanguage\":\"sv-SE\",\"@id\":\"https:\\\/\\\/me-cfs.se\\\/info\\\/#\\\/schema\\\/logo\\\/image\\\/\",\"url\":\"https:\\\/\\\/me-cfs.se\\\/info\\\/wp-content\\\/uploads\\\/2026\\\/04\\\/favicon-mecfsse-v3-512x512-1.png\",\"contentUrl\":\"https:\\\/\\\/me-cfs.se\\\/info\\\/wp-content\\\/uploads\\\/2026\\\/04\\\/favicon-mecfsse-v3-512x512-1.png\",\"width\":512,\"height\":512,\"caption\":\"ME information\"},\"image\":{\"@id\":\"https:\\\/\\\/me-cfs.se\\\/info\\\/#\\\/schema\\\/logo\\\/image\\\/\"}}]}<\/script>\n<!-- \/ Yoast SEO plugin. -->","yoast_head_json":{"title":"Litteraturlista - ME information","robots":{"index":"index","follow":"follow","max-snippet":"max-snippet:-1","max-image-preview":"max-image-preview:large","max-video-preview":"max-video-preview:-1"},"canonical":"https:\/\/me-cfs.se\/info\/ovrigt\/litteraturlista\/","og_locale":"sv_SE","og_type":"article","og_title":"Litteraturlista - ME information","og_description":"Hillary Johnson. Osler\u2019s Web: Inside the labyrinth of the chronic fatigue syndrome epidemic. 2006 (andra upplagan). ISBN-10 0-595-34874-2, ISBN-13 978-0-595-34874-9. Journalist som under nio \u00e5r utrett varf\u00f6r det medicinska forskningsetablissemanget ej lyckats med att ta kroniskt tr\u00f6tthetssyndrom p\u00e5 allvar. Boken tar fram fakta om vad som h\u00e4nt under \u00e5ren 1984 till 1994. J\u00f8rgen Jelstad. De [&hellip;]","og_url":"https:\/\/me-cfs.se\/info\/ovrigt\/litteraturlista\/","og_site_name":"ME information","article_modified_time":"2026-04-05T19:54:10+00:00","twitter_card":"summary_large_image","twitter_misc":{"Ber\u00e4knad l\u00e4stid":"1 minut"},"schema":{"@context":"https:\/\/schema.org","@graph":[{"@type":"WebPage","@id":"https:\/\/me-cfs.se\/info\/ovrigt\/litteraturlista\/","url":"https:\/\/me-cfs.se\/info\/ovrigt\/litteraturlista\/","name":"Litteraturlista - ME information","isPartOf":{"@id":"https:\/\/me-cfs.se\/info\/#website"},"datePublished":"2026-04-04T11:49:25+00:00","dateModified":"2026-04-05T19:54:10+00:00","breadcrumb":{"@id":"https:\/\/me-cfs.se\/info\/ovrigt\/litteraturlista\/#breadcrumb"},"inLanguage":"sv-SE","potentialAction":[{"@type":"ReadAction","target":["https:\/\/me-cfs.se\/info\/ovrigt\/litteraturlista\/"]}]},{"@type":"BreadcrumbList","@id":"https:\/\/me-cfs.se\/info\/ovrigt\/litteraturlista\/#breadcrumb","itemListElement":[{"@type":"ListItem","position":1,"name":"Hem","item":"https:\/\/me-cfs.se\/info\/"},{"@type":"ListItem","position":2,"name":"\u00d6vrigt","item":"https:\/\/me-cfs.se\/info\/ovrigt\/"},{"@type":"ListItem","position":3,"name":"Litteraturlista"}]},{"@type":"WebSite","@id":"https:\/\/me-cfs.se\/info\/#website","url":"https:\/\/me-cfs.se\/info\/","name":"ME information","description":"","publisher":{"@id":"https:\/\/me-cfs.se\/info\/#organization"},"alternateName":"Information om den neuroimmuna sjukdomen myalgisk encefalomyelit","potentialAction":[{"@type":"SearchAction","target":{"@type":"EntryPoint","urlTemplate":"https:\/\/me-cfs.se\/info\/?s={search_term_string}"},"query-input":{"@type":"PropertyValueSpecification","valueRequired":true,"valueName":"search_term_string"}}],"inLanguage":"sv-SE"},{"@type":"Organization","@id":"https:\/\/me-cfs.se\/info\/#organization","name":"ME information","alternateName":"Information om den neuroimmuna sjukdomen myalgisk encefalomyelit","url":"https:\/\/me-cfs.se\/info\/","logo":{"@type":"ImageObject","inLanguage":"sv-SE","@id":"https:\/\/me-cfs.se\/info\/#\/schema\/logo\/image\/","url":"https:\/\/me-cfs.se\/info\/wp-content\/uploads\/2026\/04\/favicon-mecfsse-v3-512x512-1.png","contentUrl":"https:\/\/me-cfs.se\/info\/wp-content\/uploads\/2026\/04\/favicon-mecfsse-v3-512x512-1.png","width":512,"height":512,"caption":"ME information"},"image":{"@id":"https:\/\/me-cfs.se\/info\/#\/schema\/logo\/image\/"}}]}},"_links":{"self":[{"href":"https:\/\/me-cfs.se\/info\/wp-json\/wp\/v2\/pages\/47","targetHints":{"allow":["GET"]}}],"collection":[{"href":"https:\/\/me-cfs.se\/info\/wp-json\/wp\/v2\/pages"}],"about":[{"href":"https:\/\/me-cfs.se\/info\/wp-json\/wp\/v2\/types\/page"}],"author":[{"embeddable":true,"href":"https:\/\/me-cfs.se\/info\/wp-json\/wp\/v2\/users\/1"}],"replies":[{"embeddable":true,"href":"https:\/\/me-cfs.se\/info\/wp-json\/wp\/v2\/comments?post=47"}],"version-history":[{"count":3,"href":"https:\/\/me-cfs.se\/info\/wp-json\/wp\/v2\/pages\/47\/revisions"}],"predecessor-version":[{"id":54,"href":"https:\/\/me-cfs.se\/info\/wp-json\/wp\/v2\/pages\/47\/revisions\/54"}],"up":[{"embeddable":true,"href":"https:\/\/me-cfs.se\/info\/wp-json\/wp\/v2\/pages\/59"}],"wp:attachment":[{"href":"https:\/\/me-cfs.se\/info\/wp-json\/wp\/v2\/media?parent=47"}],"curies":[{"name":"wp","href":"https:\/\/api.w.org\/{rel}","templated":true}]}}