{"id":55,"date":"2026-04-04T13:57:00","date_gmt":"2026-04-04T11:57:00","guid":{"rendered":"https:\/\/me-cfs.se\/info\/?page_id=55"},"modified":"2026-04-04T14:37:36","modified_gmt":"2026-04-04T12:37:36","slug":"skrivelser","status":"publish","type":"page","link":"https:\/\/me-cfs.se\/info\/ovrigt\/skrivelser\/","title":{"rendered":"Skrivelser"},"content":{"rendered":"<p><strong>Inneh\u00e5ll:<\/strong><\/p>\n<p class=\"tat\"><a href=\"#_efterfragas\">Vad som efterfr\u00e5gas inom sjukv\u00e5rden<\/a><\/p>\n<p class=\"tat\"><a href=\"#_dokument\">Dokument<\/a><\/p>\n<p class=\"tat\" style=\"padding-left: 30px;\"><a href=\"#_nyhetsbrev\">Nyhetsbrev<\/a><\/p>\n<p class=\"tat\" style=\"padding-left: 30px;\"><a href=\"#_regering\">Regering<\/a><\/p>\n<p class=\"tat\" style=\"padding-left: 30px;\"><a href=\"#_socialstyrelsen\">Socialstyrelsen<\/a><\/p>\n<p class=\"tat\" style=\"padding-left: 30px;\"><a href=\"#_oll\">\u00d6rebro l\u00e4ns landsting<\/a><\/p>\n<p class=\"tat\" style=\"padding-left: 30px;\"><a href=\"#_inlagg\">Inl\u00e4gg f\u00f6r media<\/a><\/p>\n<p class=\"tat\" style=\"padding-left: 30px;\"><a href=\"#_referenslistor\">Referenslistor<\/a><\/p>\n<p class=\"tat\" style=\"padding-left: 30px;\"><a href=\"#_handledningar\">Handledningar<\/a><\/p>\n<p class=\"tat\" style=\"padding-left: 30px;\"><a href=\"#_definition\">Definition of ME and CFS<\/a><\/p>\n<h1><a name=\"_efterfragas\"><\/a>Vad som efterfr\u00e5gas inom sjukv\u00e5rden<\/h1>\n<p>De allra flesta ME-sjuka har problem med att f\u00e5 diagnos och v\u00e5rd. M\u00e5nga f\u00e5r trots sin handikappande sjukdom k\u00e4mpa f\u00f6r att i \u00f6verhuvudtaget f\u00e5 en diagnos. Det finns m\u00e5nga som g\u00e5r sjuka i 5-10 \u00e5r innan de f\u00e5r diagnos.<\/p>\n<p>F\u00e5 lyckas f\u00e5 till en l\u00e4karkontakt som k\u00e4nner till ME, inte ens ang\u00e5ende grundl\u00e4ggande saker. M\u00e5nga patienter f\u00f6rs\u00f6ker behandla sig p\u00e5 egen hand genom att f\u00f6rs\u00f6ka l\u00e4sa in sig p\u00e5 forskning. Men problem uppkommer eftersom f\u00e5 \u00e4r l\u00e4karutbildade och har ej tillr\u00e4ckliga grundkunskaper f\u00f6r att f\u00f6rst\u00e5 forskningsartiklarna, d\u00e4rtill finns problemet att de inte sj\u00e4lva helt l\u00e4tt kan f\u00e5 relevanta prover tagna, unders\u00f6kningar gjorda och skriva ut recept.<\/p>\n<p>Det \u00e4r viktigt att ME-drabbade f\u00e5r en tidig diagnos f\u00f6r att minska risken att sjukdomen f\u00f6rv\u00e4rras. Sjukdomen \u00e4r ju livsl\u00e5ng och en f\u00f6rs\u00e4mring kan inneb\u00e4ra att man g\u00e5r med nedsatt funktion resten av livet. En prelimin\u00e4r diagnos b\u00f6r st\u00e4llas med hj\u00e4lp av kanadakriterierna inom 3 m\u00e5nader efter insjuknande samt bekr\u00e4ftas efter 6 m\u00e5nader. Ju tidigare prim\u00e4rsjukv\u00e5rden lyckas misst\u00e4nka ME, desto st\u00f6rre chans \u00e4r att man r\u00e4ddar patienten fr\u00e5n ett livsl\u00e5ngt lidande.<\/p>\n<p>Det vore en stor framg\u00e5ng f\u00f6r oss ME-drabbade om vi fick tillg\u00e5ng till en neurolog inom varje landsting som har l\u00e4st in sig p\u00e5 den stora volymen internationell forskning kring ME. Samma neurolog kan med f\u00f6rdel hantera MS (multipel skleros) och fibromyalgi d\u00e5 dessa sjukdomar har likheter med ME. Det finns en m\u00e4ngd rad symtom som \u00e4r handikappande som man kan f\u00e5 hj\u00e4lp med: s\u00f6mn, sm\u00e4rta, depression, ortostatisk intolerans, infektionsk\u00e4nslighet, funktionell hypotyroidism och funktionell kobalaminbrist. En del patienter blir hj\u00e4lpta av B-vitaminer, B12 injektioner, folsyra och\/eller magnesium.<\/p>\n<p>Det skall n\u00e4mnas att ME-drabbade ofta \u00e4r \u00f6verk\u00e4nsliga mot alkohol, kaffe, kemikalier och medicin. N\u00e5got som g\u00f6r att man m\u00e5ste v\u00e4lja medicin och dosering med h\u00e4nsyn till detta. ME-patienter t\u00e5l ofta inte vissa anestesimedel och har \u00f6kad och f\u00f6rl\u00e4ngd k\u00e4rlvidgning av acetylkolin. Detta g\u00f6r att anestesi kan vara komplicerad. Liten cirkulerande blodvolym och l\u00e5ga magnesiumniv\u00e5er f\u00f6rekommer ofta.<\/p>\n<p>Det \u00e4r uppenbart att h\u00e4lso- och sjukv\u00e5rden har brister i s\u00e4ttet att ta till sig internationell forskning kring sjukdomar och oms\u00e4tta dem i kliniskt arbete. Man kan fr\u00e5ga sig varf\u00f6r kunskapen om ME inom h\u00e4lso- och sjukv\u00e5rden \u00e4r otillr\u00e4cklig. Kan en f\u00f6rklaring vara det ej \u00e4nnu finns en medicinsk behandling emot ME som g\u00f6r l\u00e4kemedelsbolag intresserade av att h\u00e5lla vidareutbildningar f\u00f6r den svenska l\u00e4kark\u00e5ren? H\u00e4lso- och sjukv\u00e5rden borde se till att ha ett kvalitetss\u00e4kringssystem som ser till att det finns processer som g\u00f6r att man garanterar att alla sjukdomar finns representerade, och att inget ramlar mellan stolarna.<\/p>\n<p>\u00d6nskem\u00e5l som st\u00e4lles till h\u00e4lso- och sjukv\u00e5rden:<\/p>\n<ul>\n<li>Att prim\u00e4rv\u00e5rden \u00e4r uppm\u00e4rksam p\u00e5 ME och att de st\u00e4ller en prelimin\u00e4r diagnos inom 3 m\u00e5nader. Att l\u00e4karna k\u00e4nner till symtombilden hos ME och att de tidigt tar med ME i en differentialdiagnos.<\/li>\n<li>Att minst en neurolog med ME som specialitet finns tillg\u00e4nglig inom varje landsting.<\/li>\n<li>Att l\u00e4karutbildningen, samt fortbildningar, tar till sig internationell forskning om ME och \u00f6verf\u00f6r den kunskapen via kurser och utbildningar.<\/li>\n<li>Att pengar \u00f6ronm\u00e4rks f\u00f6r biomedicinsk forskning om ME med inriktning att hitta en orsak samt ett botemedel.<\/li>\n<li>Att man b\u00f6rjar anv\u00e4nda sig av Kanadas koncensusrapport i det kliniska arbetet f\u00f6r diagnos och behandling.<\/li>\n<li>Att man uppr\u00e4ttar en v\u00e4vnadsbank f\u00f6r biomedicinsk forskning kring ME.<\/li>\n<\/ul>\n<h1><a name=\"_dokument\"><\/a>Dokument<\/h1>\n<h2><a name=\"_nyhetsbrev\"><\/a>Nyhetsbrev<\/h2>\n<p>2006-11-27. The Gibson Inquiry i England: <a href=\"\/info\/dok\/gibson_inquiry.htm\" target=\"_blank\" title=\"gibson_inquiry.htm\">gibson_inquiry.htm<\/a><\/p>\n<p>2006-12-04. CDC h\u00f6ll informationskampanj om myalgisk encefalomyelit (ME) under h\u00f6sten 2006: <a href=\"\/info\/dok\/cdc_kampanj.htm\" target=\"_blank\">cdc_kampanj.htm<\/a><\/p>\n<p>2007-03-24. I Norge b\u00f6rjar politikerna ta ME p\u00e5 allvar: <a href=\"\/info\/dok\/norge.htm\" target=\"_blank\">norge.htm<\/a><\/p>\n<p>2007-03-30. FN-konventionen om funktionshindrades r\u00e4ttigheter: <a href=\"\/info\/dok\/UN_disability_rights.htm\" target=\"_blank\">UN_disability_rights.htm<\/a><\/p>\n<p>2007-08-21. Myalgisk Encefalomyelit (ME), kroniskt tr\u00f6tthetssyndrom &#8211; ej inbillning utan finns i cellerna: <a href=\"\/info\/dok\/me-maes.htm\" target=\"_blank\">me-maes.htm<\/a><\/p>\n<p>2007-12-01: <a href=\"\/info\/dok\/071201-nyheter.htm\" target=\"_blank\">071201-nyheter.htm<\/a><\/p>\n<ul>\n<li>Upprepat motionstest visar att ME \u00e4r en somatisk sjukdom,<\/li>\n<li>I Japan utvecklas ett diagnostiskt f\u00f6r ME,<\/li>\n<li>Progenica i Spanien utvecklar ett diagnostiskt test f\u00f6r ME och fibromyalgi,<\/li>\n<li>ME-drabbade med herpesinfektion kan botas med antivirala medel,<\/li>\n<li>F\u00f6rel\u00e4sningar p\u00e5 Universitetssjukhuset MAS i Malm\u00f6 om ME under h\u00f6sten 2007.<\/li>\n<\/ul>\n<p>2007-12-05. Rapport fr\u00e5n Norge ang\u00e5ende Myalgisk Encefalomyleit (ME) &#8211; Kroniskt Tr\u00f6tthetssyndrom: <a href=\"\/info\/dok\/071205-norge2.htm\" target=\"_blank\">071205-norge2.htm<\/a><\/p>\n<p>2008-10-11: <a href=\"\/info\/dok\/081011-nyhetsbrev.htm\" target=\"_blank\">081011-nyhetsbrev.htm<\/a><\/p>\n<ul>\n<li>Resultat av konferensen i baltimore om virus och ME<\/li>\n<li>Kommande stora internationella konferens om ME\/CFS<\/li>\n<li>Tre konferenser om ME som har h\u00e5llits i England 2008<\/li>\n<li>Konferens som nyss h\u00e5llits i japan<\/li>\n<li>ME\/CFS diagnosticeras med SPECT<\/li>\n<\/ul>\n<h2><a name=\"_who\"><\/a>WHO<\/h2>\n<p>Mejl till WHO om sitationen f\u00f6r ME drabbade i Sverige s\u00e4nt h\u00f6sten 2006: <a href=\"\/info\/dok\/who_email.htm\" target=\"_blank\">who_email.htm<\/a><\/p>\n<p>Email to WHO regional office for Europe 2007-04-05: <a href=\"\/info\/dok\/WHO_letter_070405.pdf\" target=\"_blank\">WHO_letter_070405.pdf<\/a><\/p>\n<h2><a name=\"_eu\"><\/a>EU<\/h2>\n<p>Mejl till EU 2006. The disease Myalgic Encephalomyelitis (ME) is discriminated in Swedish health and care system. Letter to the European Commission Directorate General Health and Consumer Protection the 22nd November 2006: <a href=\"\/info\/dok\/eu_email_2006.htm\" target=\"_blank\">eu_email_2006.htm<\/a><\/p>\n<p>Svar av EU 2006. Answer from European Commission Health &amp; Consumer Protection Directorate-General dated 19th December 2006: <a href=\"\/info\/dok\/answer_from_eu.htm\" target=\"_blank\">answer_from_eu.htm<\/a><\/p>\n<h2><a name=\"_regering\"><\/a>Regering<\/h2>\n<p>2006-11-24. Meddelande till Socialminister G\u00f6ran H\u00e4gglund (Kristdemokraterna): <a href=\"\/info\/dok\/061124-Goran-Hagglund.pdf\" target=\"_blank\">061124-Goran-Hagglund.pdf<\/a><\/p>\n<p>2007-02. Svar av Socialminister G\u00f6ran H\u00e4gglund (Kristdemokraterna): <a href=\"\/info\/dok\/070200-Goran-Hagglund.pdf\" target=\"_blank\">070200-Goran-Hagglund.pdf<\/a><\/p>\n<p>2007-05-29. Kommentar till interpellation 2006\/07:547 Situationen f\u00f6r patienter med ME, kroniskt tr\u00f6tthetssyndrom: <a href=\"\/info\/dok\/070529-kommentar-interpellation.pdf\" target=\"_blank\">070529-kommentar-interpellation.pdf<\/a><\/p>\n<p>2007-10-01. \u00d6ppet brev till Regeringen kring Myalgisk Encefalomyelit: <a href=\"\/info\/dok\/071001-till-Regering.pdf\" target=\"_blank\">071001-till-Regering.pdf<\/a><\/p>\n<h2><a id=\"_socialstyrelsen\" name=\"_socialstyrelsen\"><\/a>Socialstyrelsen<\/h2>\n<p>2006-01-03, Brev till Socialstyrelsen: <a href=\"\/info\/dok\/060103-socialstyrelsen.pdf\" target=\"_blank\">060103-socialstyrelsen.pdf<\/a><\/p>\n<p>2006-02-06, Svar fr\u00e5n Socialstyrelsen: <a href=\"\/info\/dok\/060206-socialstyrelsen-svar.pdf\" target=\"_blank\">060206-socialstyrelsen-svar.pdf<\/a><\/p>\n<p>2008-03-10, Brev till Socialstyrelsens Regionala tillsyningsenhet i \u00d6rebro: <a href=\"\/info\/dok\/080310-sos-tillsynsenhet.pdf\" target=\"_blank\">080310-sos-tillsynsenhet.pdf<\/a><\/p>\n<p>2008-07-15, Svar fr\u00e5n Socialstyrelsens Regionala tillsyningsenhet i \u00d6rebro: <a href=\"\/info\/dok\/080715-SOS-Tillsynsenhet.pdf\" target=\"_blank\">080715-SOS-Tillsynsenhet.pdf<\/a><\/p>\n<h2><a name=\"_oll\"><\/a>\u00d6rebro l\u00e4ns landsting<\/h2>\n<p>2006-01-03, Medborgarf\u00f6rslag f\u00f6r v\u00e5rd av ME drabbade: <a href=\"\/info\/dok\/medborgarforslag.htm\" target=\"_blank\">medborgarforslag.htm<\/a><\/p>\n<p>2006-06-12, Yttrande av Gottfries Clinic: <a href=\"\/info\/dok\/060612-Gottfries-Clinic-yttrande.pdf\" target=\"_blank\">060612-Gottfries-Clinic-yttrande.pdf<\/a><\/p>\n<p>2006, Replik till tj\u00e4nstemannayttrande fr\u00e5n \u00d6rebro L\u00e4ns Landsting: <a href=\"\/info\/dok\/MinReplik.htm\" target=\"_blank\">MinReplik.htm<\/a><\/p>\n<p>2006, Powerpointf\u00f6redrag f\u00f6r landstinget <a href=\"\/info\/dok\/presentation.pps\" target=\"_blank\">presentation.pps<\/a><\/p>\n<p>2006-10-17, \u00d6rebro L\u00e4ns Landstings yttrande p\u00e5 medborgarf\u00f6rslaget: <a href=\"\/info\/dok\/061017-OLL-yttrande.pdf\" target=\"_blank\">061017-OLL-yttrande.pdf<\/a><\/p>\n<p>2006-11-10, ME \u00e4r en specifik sjukdom: <a href=\"\/info\/dok\/ME_specifik_sjukdom.htm\" target=\"_blank\">ME_specifik_sjukdom.htm<\/a><\/p>\n<p>2007-10-15, \u00d6ppet brev till \u00d6rebro L\u00e4ns Landsting om Myalgisk Encefalomyelit: <a href=\"\/info\/dok\/071015-brev-till-OLL.pdf\" target=\"_blank\">071015-brev-till-OLL.pdf<\/a><\/p>\n<p>2007-10-15, F\u00f6rslag p\u00e5 handlingsplan f\u00f6r att f\u00f6rb\u00e4ttra kunskapsl\u00e4ge, diagnos och behandling av myalgisk encefalomyelit (ME) inom l\u00e4nssjukv\u00e5rden: <a href=\"\/info\/dok\/Handlingsprogram.pdf\" target=\"_blank\">Handlingsprogram.pdf<\/a><\/p>\n<p>2007-10-15, M\u00f6tesanteckningar fr\u00e5n m\u00f6te med H\u00e4lsokansliet i \u00d6rebro:<a href=\"\/info\/dok\/071015-mote-Halsokansliet-OLL.pdf\" target=\"_blank\"> 071015-mote-Halsokansliet-OLL.pdf<\/a><\/p>\n<p>2007-12-01, Fr\u00e5gor till \u00d6rebro L\u00e4ns Landsting:<a href=\"\/info\/dok\/071201-fragor-till-OLL.pdf\" target=\"_blank\"> 071201-fragor-till-OLL.pdf<\/a><\/p>\n<p>2007-12-10, Brev till H\u00e4lso- och sjukv\u00e5rdsn\u00e4mndens ordf\u00f6rande:<a href=\"\/info\/dok\/071210-Brev-till-Hakan-Bergman-OLL-HSN.pdf\" target=\"_blank\"> 071210-Brev-till-Hakan-Bergman-OLL-HSN.pdf<\/a><\/p>\n<p>2007-12-19, Kommentar till H\u00e4lso- och sjukv\u00e5rdsn\u00e4mndens sammantr\u00e4de inom \u00d6rebro l\u00e4ns landsting: <a href=\"\/info\/dok\/071219-orebro-lgg.htm\" target=\"_blank\">071219-orebro-lgg.htm<\/a><\/p>\n<p>2008-03-06, Nytt medborgarf\u00f6rslag ang\u00e5ende ME, \u00c4rende nr 29\/2008 (08OLL719): <a href=\"\/info\/dok\/080306-medborgarforslag-OLL.pdf\" target=\"_blank\">080306-medborgarforslag-OLL.pdf<\/a><\/p>\n<p>Bilagor till medborgarf\u00f6rslaget: <a href=\"\/info\/dok\/Handlingsprogram.pdf\" target=\"_blank\">Handlingsprogram.pdf<\/a> och <a href=\"\/info\/dok\/071015-brev-till-OLL.pdf\" target=\"_blank\">071015-brev-till-OLL.pdf<\/a><\/p>\n<p>2009-02-04. Yttrande \u00f6ver Kasper Ezelius medborgarf\u00f6rslag om f\u00f6rb\u00e4ttring av v\u00e5rd, utbildning och forskning kring myalgisk encefalomyleit ME. \u00d6rebro l\u00e4ns landstingsstyrelse. <a href=\"\/info\/dok\/090204-medborgarforslag-oll-yttrande.pdf\" target=\"_blank\">090204-medborgarforslag-oll-yttrande.pdf<\/a><\/p>\n<p>2009-03-01. Candides Resa &#8211; min historia om ME. Kasper Ezelius. <a href=\"\/info\/dok\/090301-candides-resa.pdf\" target=\"_blank\">090301-candides-resa.pdf<\/a><\/p>\n<p>2009-03-06. \u00d6rebro l\u00e4ns landsting klarar inte av sitt uppdrag. Nerikes Allehanda \u00c5sikter. Kasper Ezelius. <a href=\"\/info\/dok\/090306-NA-asikter.pdf\" target=\"_blank\">090306-NA-asikter.pdf<\/a><\/p>\n<p>2009-04-06, Kommentar till Lars-Gunnar Gunnarsons svar p\u00e5 \u00c5sikter 2009-04-06 i Nerikes Allehanda. Kasper Ezelius. <a href=\"\/info\/dok\/090406-NA-svarasnabbt.pdf\" target=\"_blank\">090406-NA-svarasnabbt.pdf<\/a><\/p>\n<p>2009-03-03. \u00d6rebro l\u00e4ns landsting klarar inte av sitt uppdrag. Inl\u00e4gg p\u00e5 debatt i n\u00e4ttidningen av Nerikes Allehanda. <a href=\"\/info\/dok\/090303-OLL-klarar-inte-av-sitt-uppdrag.htm\" target=\"_blank\">090303-OLL-klarar-inte-av-sitt-uppdrag.htm<\/a><\/p>\n<h2><a id=\"_inlagg\" name=\"_inlagg\"><\/a>Inl\u00e4gg f\u00f6r media<\/h2>\n<p>Det bortgl\u00f6mda folket: <a href=\"\/info\/dok\/bortglomda.htm\" target=\"_blank\">bortglomda.htm<\/a><\/p>\n<p>Drop CFS name. F\u00f6rslag att sluta anv\u00e4nda kroniskt tr\u00f6tthetssyndrom som term f\u00f6r ME d\u00e5 det \u00e4r en term som l\u00e4tt skapar f\u00f6rvirring: <a href=\"\/info\/dok\/name.htm\" target=\"_blank\">name.htm<\/a><\/p>\n<p>ME \u00e4r en Neuro-Endokrin-Immun-systems dysfunktion. Kommentar till artikeln &#8221;Motion och rutiner ger balans i livet&#8221; i DN m\u00e5ndag den 18 september 2006: <a href=\"\/info\/dok\/DN_Artikel.htm\" target=\"_blank\">DN_Artikel.htm<\/a><\/p>\n<p>CBT GET Wessely: <a href=\"\/info\/dok\/cbt_get_mm.htm\" target=\"_blank\">cbt_get_mm.htm<\/a><\/p>\n<p>Tvillingstudien 2006. Kommentar till media rapportering den 7 november 2006: <a href=\"\/info\/dok\/tvillingstudien.htm\" target=\"_blank\">tvillingstudien.htm<\/a><\/p>\n<h2><a id=\"_referenslistor\" name=\"_referenslistor\"><\/a>Referenslistor<\/h2>\n<p>Referenser till ME: forskningsartiklar, b\u00f6cker, DVDs, videoinslag, media, l\u00e4kare och test: <a href=\"\/info\/dok\/referenslista.htm\" target=\"_blank\">referenslista.htm<\/a><\/p>\n<p>L\u00e4karvetenskapliga forskningsartiklar om ME relaterade till infektion: <a href=\"\/info\/dok\/infektion.htm\" target=\"_blank\">infektion.htm<\/a><\/p>\n<h2><a id=\"_handledningar\" name=\"_handledningar\"><\/a>Handledningar<\/h2>\n<p>Sj\u00e4lvhj\u00e4lpsstrategier: <a href=\"\/info\/dok\/shs.htm\" target=\"_blank\">shs.htm<\/a><\/p>\n<p>L\u00e5ng l\u00e4nklista till patientorganisationer fr\u00e5n olika l\u00e4nder, mediareportage fr\u00e5n olika l\u00e4nder, mm. <a href=\"\/info\/dok\/mina_lankar.htm\" target=\"_blank\">mina_lankar.htm<\/a><\/p>\n<h2><a id=\"_definition\" name=\"_definition\"><\/a>Definition of ME and CFS<\/h2>\n<p>Use the Canadian criteria 2003 for CFS in the USA.<br \/>Kasper Ezelius. June 22, 2008. <a href=\"\/info\/dok\/080622-Use-Canada-criteria-in-USA.pdf\" target=\"_blank\">l\u00e4nk<\/a><\/p>\n<p>Resolution in order to make cohorts less heterogeneous.<br \/>Kasper Ezelius. 1st of September 2008. <a href=\"\/info\/dok\/080901-mod-cfs.pdf\" target=\"_blank\">l\u00e4nk<\/a><\/p>\n<p>How to categorize ME and CFS.<br \/>Kasper Ezelius. 23 October 2008. <a href=\"\/info\/dok\/081023-categorize.pdf\" target=\"_blank\">l\u00e4nk<\/a><\/p>\n<p>CFS is no longer CFS, and it was never ME.<br \/>Kasper Ezelius. 5 December 2008. <a href=\"\/info\/dok\/081205-cfs-no-longer-cfs.pdf\" target=\"_blank\">l\u00e4nk<\/a><\/p>\n<p>CDC empiric definition for CFS from 2005.<br \/>Kasper Ezelius. September 28, 2009. <a href=\"\/info\/dok\/090929-CDC-CFS-Reeves-2005.htm\" target=\"_blank\">l\u00e4nk<\/a><\/p>\n<p>Input to the CFSAC Meeting October 29-30, 2009<br \/>Kasper Ezelius. October 6, 2009. <a href=\"\/info\/dok\/091006-CFSAC-USA.pdf\" target=\"_blank\">l\u00e4nk<\/a><\/p>\n<p>Email to the United States Secretary of Health and Human Services (HHS) Kathleen Sebelius: Please, stop muddling with definition, start serious funding of biomedical research. 28 October 2013. <a href=\"\/info\/email-to-kathleen-sebelius.html\">l\u00e4nk<\/a><\/p>\n<\/p><\/div>\n","protected":false},"excerpt":{"rendered":"<p>Inneh\u00e5ll: Vad som efterfr\u00e5gas inom sjukv\u00e5rden Dokument Nyhetsbrev Regering Socialstyrelsen \u00d6rebro l\u00e4ns landsting Inl\u00e4gg f\u00f6r media Referenslistor Handledningar Definition of ME and CFS Vad som efterfr\u00e5gas inom sjukv\u00e5rden De allra flesta ME-sjuka har problem med att f\u00e5 diagnos och v\u00e5rd. M\u00e5nga f\u00e5r trots sin handikappande sjukdom k\u00e4mpa f\u00f6r att i \u00f6verhuvudtaget f\u00e5 en diagnos. Det [&hellip;]<\/p>\n","protected":false},"author":1,"featured_media":0,"parent":59,"menu_order":5,"comment_status":"closed","ping_status":"closed","template":"","meta":{"footnotes":""},"class_list":["post-55","page","type-page","status-publish","hentry"],"yoast_head":"<!-- This site is optimized with the Yoast SEO plugin v27.3 - https:\/\/yoast.com\/product\/yoast-seo-wordpress\/ -->\n<title>Skrivelser - ME information<\/title>\n<meta name=\"robots\" content=\"index, follow, max-snippet:-1, max-image-preview:large, max-video-preview:-1\" \/>\n<link rel=\"canonical\" href=\"https:\/\/me-cfs.se\/info\/ovrigt\/skrivelser\/\" \/>\n<meta property=\"og:locale\" content=\"sv_SE\" \/>\n<meta property=\"og:type\" content=\"article\" \/>\n<meta property=\"og:title\" content=\"Skrivelser - ME information\" \/>\n<meta property=\"og:description\" content=\"Inneh\u00e5ll: Vad som efterfr\u00e5gas inom sjukv\u00e5rden Dokument Nyhetsbrev Regering Socialstyrelsen \u00d6rebro l\u00e4ns landsting Inl\u00e4gg f\u00f6r media Referenslistor Handledningar Definition of ME and CFS Vad som efterfr\u00e5gas inom sjukv\u00e5rden De allra flesta ME-sjuka har problem med att f\u00e5 diagnos och v\u00e5rd. M\u00e5nga f\u00e5r trots sin handikappande sjukdom k\u00e4mpa f\u00f6r att i \u00f6verhuvudtaget f\u00e5 en diagnos. Det [&hellip;]\" \/>\n<meta property=\"og:url\" content=\"https:\/\/me-cfs.se\/info\/ovrigt\/skrivelser\/\" \/>\n<meta property=\"og:site_name\" content=\"ME information\" \/>\n<meta property=\"article:modified_time\" content=\"2026-04-04T12:37:36+00:00\" \/>\n<meta name=\"twitter:card\" content=\"summary_large_image\" \/>\n<meta name=\"twitter:label1\" content=\"Ber\u00e4knad l\u00e4stid\" \/>\n\t<meta name=\"twitter:data1\" content=\"8 minuter\" \/>\n<script type=\"application\/ld+json\" class=\"yoast-schema-graph\">{\"@context\":\"https:\\\/\\\/schema.org\",\"@graph\":[{\"@type\":\"WebPage\",\"@id\":\"https:\\\/\\\/me-cfs.se\\\/info\\\/ovrigt\\\/skrivelser\\\/\",\"url\":\"https:\\\/\\\/me-cfs.se\\\/info\\\/ovrigt\\\/skrivelser\\\/\",\"name\":\"Skrivelser - ME information\",\"isPartOf\":{\"@id\":\"https:\\\/\\\/me-cfs.se\\\/info\\\/#website\"},\"datePublished\":\"2026-04-04T11:57:00+00:00\",\"dateModified\":\"2026-04-04T12:37:36+00:00\",\"breadcrumb\":{\"@id\":\"https:\\\/\\\/me-cfs.se\\\/info\\\/ovrigt\\\/skrivelser\\\/#breadcrumb\"},\"inLanguage\":\"sv-SE\",\"potentialAction\":[{\"@type\":\"ReadAction\",\"target\":[\"https:\\\/\\\/me-cfs.se\\\/info\\\/ovrigt\\\/skrivelser\\\/\"]}]},{\"@type\":\"BreadcrumbList\",\"@id\":\"https:\\\/\\\/me-cfs.se\\\/info\\\/ovrigt\\\/skrivelser\\\/#breadcrumb\",\"itemListElement\":[{\"@type\":\"ListItem\",\"position\":1,\"name\":\"Hem\",\"item\":\"https:\\\/\\\/me-cfs.se\\\/info\\\/\"},{\"@type\":\"ListItem\",\"position\":2,\"name\":\"\u00d6vrigt\",\"item\":\"https:\\\/\\\/me-cfs.se\\\/info\\\/ovrigt\\\/\"},{\"@type\":\"ListItem\",\"position\":3,\"name\":\"Skrivelser\"}]},{\"@type\":\"WebSite\",\"@id\":\"https:\\\/\\\/me-cfs.se\\\/info\\\/#website\",\"url\":\"https:\\\/\\\/me-cfs.se\\\/info\\\/\",\"name\":\"ME information\",\"description\":\"\",\"publisher\":{\"@id\":\"https:\\\/\\\/me-cfs.se\\\/info\\\/#organization\"},\"alternateName\":\"Information om den neuroimmuna sjukdomen myalgisk encefalomyelit\",\"potentialAction\":[{\"@type\":\"SearchAction\",\"target\":{\"@type\":\"EntryPoint\",\"urlTemplate\":\"https:\\\/\\\/me-cfs.se\\\/info\\\/?s={search_term_string}\"},\"query-input\":{\"@type\":\"PropertyValueSpecification\",\"valueRequired\":true,\"valueName\":\"search_term_string\"}}],\"inLanguage\":\"sv-SE\"},{\"@type\":\"Organization\",\"@id\":\"https:\\\/\\\/me-cfs.se\\\/info\\\/#organization\",\"name\":\"ME information\",\"alternateName\":\"Information om den neuroimmuna sjukdomen myalgisk encefalomyelit\",\"url\":\"https:\\\/\\\/me-cfs.se\\\/info\\\/\",\"logo\":{\"@type\":\"ImageObject\",\"inLanguage\":\"sv-SE\",\"@id\":\"https:\\\/\\\/me-cfs.se\\\/info\\\/#\\\/schema\\\/logo\\\/image\\\/\",\"url\":\"https:\\\/\\\/me-cfs.se\\\/info\\\/wp-content\\\/uploads\\\/2026\\\/04\\\/favicon-mecfsse-v3-512x512-1.png\",\"contentUrl\":\"https:\\\/\\\/me-cfs.se\\\/info\\\/wp-content\\\/uploads\\\/2026\\\/04\\\/favicon-mecfsse-v3-512x512-1.png\",\"width\":512,\"height\":512,\"caption\":\"ME information\"},\"image\":{\"@id\":\"https:\\\/\\\/me-cfs.se\\\/info\\\/#\\\/schema\\\/logo\\\/image\\\/\"}}]}<\/script>\n<!-- \/ Yoast SEO plugin. -->","yoast_head_json":{"title":"Skrivelser - ME information","robots":{"index":"index","follow":"follow","max-snippet":"max-snippet:-1","max-image-preview":"max-image-preview:large","max-video-preview":"max-video-preview:-1"},"canonical":"https:\/\/me-cfs.se\/info\/ovrigt\/skrivelser\/","og_locale":"sv_SE","og_type":"article","og_title":"Skrivelser - ME information","og_description":"Inneh\u00e5ll: Vad som efterfr\u00e5gas inom sjukv\u00e5rden Dokument Nyhetsbrev Regering Socialstyrelsen \u00d6rebro l\u00e4ns landsting Inl\u00e4gg f\u00f6r media Referenslistor Handledningar Definition of ME and CFS Vad som efterfr\u00e5gas inom sjukv\u00e5rden De allra flesta ME-sjuka har problem med att f\u00e5 diagnos och v\u00e5rd. M\u00e5nga f\u00e5r trots sin handikappande sjukdom k\u00e4mpa f\u00f6r att i \u00f6verhuvudtaget f\u00e5 en diagnos. Det [&hellip;]","og_url":"https:\/\/me-cfs.se\/info\/ovrigt\/skrivelser\/","og_site_name":"ME information","article_modified_time":"2026-04-04T12:37:36+00:00","twitter_card":"summary_large_image","twitter_misc":{"Ber\u00e4knad l\u00e4stid":"8 minuter"},"schema":{"@context":"https:\/\/schema.org","@graph":[{"@type":"WebPage","@id":"https:\/\/me-cfs.se\/info\/ovrigt\/skrivelser\/","url":"https:\/\/me-cfs.se\/info\/ovrigt\/skrivelser\/","name":"Skrivelser - ME information","isPartOf":{"@id":"https:\/\/me-cfs.se\/info\/#website"},"datePublished":"2026-04-04T11:57:00+00:00","dateModified":"2026-04-04T12:37:36+00:00","breadcrumb":{"@id":"https:\/\/me-cfs.se\/info\/ovrigt\/skrivelser\/#breadcrumb"},"inLanguage":"sv-SE","potentialAction":[{"@type":"ReadAction","target":["https:\/\/me-cfs.se\/info\/ovrigt\/skrivelser\/"]}]},{"@type":"BreadcrumbList","@id":"https:\/\/me-cfs.se\/info\/ovrigt\/skrivelser\/#breadcrumb","itemListElement":[{"@type":"ListItem","position":1,"name":"Hem","item":"https:\/\/me-cfs.se\/info\/"},{"@type":"ListItem","position":2,"name":"\u00d6vrigt","item":"https:\/\/me-cfs.se\/info\/ovrigt\/"},{"@type":"ListItem","position":3,"name":"Skrivelser"}]},{"@type":"WebSite","@id":"https:\/\/me-cfs.se\/info\/#website","url":"https:\/\/me-cfs.se\/info\/","name":"ME information","description":"","publisher":{"@id":"https:\/\/me-cfs.se\/info\/#organization"},"alternateName":"Information om den neuroimmuna sjukdomen myalgisk encefalomyelit","potentialAction":[{"@type":"SearchAction","target":{"@type":"EntryPoint","urlTemplate":"https:\/\/me-cfs.se\/info\/?s={search_term_string}"},"query-input":{"@type":"PropertyValueSpecification","valueRequired":true,"valueName":"search_term_string"}}],"inLanguage":"sv-SE"},{"@type":"Organization","@id":"https:\/\/me-cfs.se\/info\/#organization","name":"ME information","alternateName":"Information om den neuroimmuna sjukdomen myalgisk encefalomyelit","url":"https:\/\/me-cfs.se\/info\/","logo":{"@type":"ImageObject","inLanguage":"sv-SE","@id":"https:\/\/me-cfs.se\/info\/#\/schema\/logo\/image\/","url":"https:\/\/me-cfs.se\/info\/wp-content\/uploads\/2026\/04\/favicon-mecfsse-v3-512x512-1.png","contentUrl":"https:\/\/me-cfs.se\/info\/wp-content\/uploads\/2026\/04\/favicon-mecfsse-v3-512x512-1.png","width":512,"height":512,"caption":"ME information"},"image":{"@id":"https:\/\/me-cfs.se\/info\/#\/schema\/logo\/image\/"}}]}},"_links":{"self":[{"href":"https:\/\/me-cfs.se\/info\/wp-json\/wp\/v2\/pages\/55","targetHints":{"allow":["GET"]}}],"collection":[{"href":"https:\/\/me-cfs.se\/info\/wp-json\/wp\/v2\/pages"}],"about":[{"href":"https:\/\/me-cfs.se\/info\/wp-json\/wp\/v2\/types\/page"}],"author":[{"embeddable":true,"href":"https:\/\/me-cfs.se\/info\/wp-json\/wp\/v2\/users\/1"}],"replies":[{"embeddable":true,"href":"https:\/\/me-cfs.se\/info\/wp-json\/wp\/v2\/comments?post=55"}],"version-history":[{"count":1,"href":"https:\/\/me-cfs.se\/info\/wp-json\/wp\/v2\/pages\/55\/revisions"}],"predecessor-version":[{"id":56,"href":"https:\/\/me-cfs.se\/info\/wp-json\/wp\/v2\/pages\/55\/revisions\/56"}],"up":[{"embeddable":true,"href":"https:\/\/me-cfs.se\/info\/wp-json\/wp\/v2\/pages\/59"}],"wp:attachment":[{"href":"https:\/\/me-cfs.se\/info\/wp-json\/wp\/v2\/media?parent=55"}],"curies":[{"name":"wp","href":"https:\/\/api.w.org\/{rel}","templated":true}]}}