{"id":7,"date":"2026-04-03T22:33:25","date_gmt":"2026-04-03T20:33:25","guid":{"rendered":"https:\/\/me-cfs.se\/info\/?page_id=7"},"modified":"2026-04-12T20:28:04","modified_gmt":"2026-04-12T18:28:04","slug":"myalgisk-encefalomyelit","status":"publish","type":"page","link":"https:\/\/me-cfs.se\/info\/","title":{"rendered":"Myalgisk Encefalomyelit"},"content":{"rendered":"\n<p>Myalgisk Encefalomyelit (ME) \u00e4r en sv\u00e5r kronisk funktionsneds\u00e4ttande neuroimmun sjukdom som drabbar b\u00e5de m\u00e4n, kvinnor och barn. Omkring 0,4% av befolkningen ber\u00e4knas vara drabbade av sjukdomen, vilket i Sverige blir 36\u202f000 personer. Insjuknandet \u00e4r ofta pl\u00f6tsligt, ofta i samband med infektion, men progressivt insjuknande f\u00f6rekommer ocks\u00e5. F\u00e4rre \u00e4n 6% tillfrisknar.<\/p>\n\n\n\n<p>Patienterna har st\u00f6rningar p\u00e5 autonoma nervsystemet, immunsystemet och neuroendokrina systemet. ME-patienter blir s\u00e4mre efter mental eller fysisk aktivitet och har en \u00e5terh\u00e4mtningsperiod p\u00e5 1-3 dagar, eller l\u00e4ngre. Symtomen varierar ofta dels p\u00e5 en kort tidsskala som kan r\u00f6ra sig om timmar och dagar; samt \u00f6ver en l\u00e4ngre tidsskala som handlar om \u00e5r.<\/p>\n\n\n\n<p>ME finns i b\u00e5de epidemisk och endemisk form. Sv\u00e5righetsgraden kan variera mycket fr\u00e5n individ till individ.<\/p>\n\n\n\n<p>Den internationella klassningskoden f\u00f6r ME  \u00e4r <strong>G93.3<\/strong> enligt WHO ICD-10, enligt den nyare ICD-11 \u00e4r koden <strong>8E49<\/strong>. Samma koder anv\u00e4nds ocks\u00e5 av Socialstyrelsen i Sverige. Sjukdomen \u00e4r kategoriserad som en neurologisk sjukdom. <\/p>\n\n\n\n<p>Trots ME \u00e4r en vanlig sjukdom \u00e4r medvetenheten inom v\u00e5rden begr\u00e4nsad. Likas\u00e5 sker inte mycket forskning kring botemedel.<\/p>\n\n\n\n<p>En tidig diagnos \u00e4r mycket viktigt f\u00f6r att f\u00f6rhindra att sjukdomen blir sv\u00e5rartad, eftersom det annars \u00e4r risk att patient och l\u00e4kare hanterar sjukdomen fel. F\u00f6r h\u00f6g fysisk eller mental belastning kan g\u00f6ra att sjukdomen f\u00f6rv\u00e4rras permanent, s\u00e5lunda kan r\u00e5d om att patienten skall aktivera sig eller motionera orsaka livsl\u00e5ng \u00f6kad invaliditet. Stimulantia, inklusive kaffe, eller \u00e5ngeststegring vid ins\u00e4ttning av antidepressiva kan ocks\u00e5 belasta kroppen s\u00e5 mycket att permanent f\u00f6rs\u00e4mring sker.<\/p>\n\n\n\n<h3 class=\"wp-block-heading\">Insjuknande<\/h3>\n\n\n\n<p>Insjuknandet kan vara pl\u00f6tsligt eller utan tydlig orsak, som i fallen n\u00e4r det f\u00f6rsta tecknet p\u00e5 sjukdom \u00e4r ett kraftigt yrselanfall, men ofta brukar finns det en historia med infektion i de \u00f6vre andningsv\u00e4garna och ibland i mag-tarmkanalen med illam\u00e5ende och\/eller kr\u00e4kningar <a class=\"inlref\" href=\"#ref3\">[3]<\/a>.<\/p>\n\n\n\n<p>Den initiala fasen vid insjuknande brukar uppvisa m\u00e5nga symtom s\u00e5som ymniga nattliga svettningar och frekvent urinering (stiga upp flera g\u00e5nger per natt), men dessa symtom brukar minska d\u00e5 sjukdomen etablerats.<\/p>\n\n\n\n<h3 class=\"wp-block-heading\">Symtom<\/h3>\n\n\n\n<p>Personer med Myalgisk Encefalomyelit har det karakt\u00e4ristiska symtomet postaktivitetsskov (post-activity relapse, PAR), som inneb\u00e4r att symtomkomplexet \u00f6kar efter mental eller fysisk anstr\u00e4ngning och det tar flera dagar att \u00e5terh\u00e4mta sig. Skovet kan komma med en f\u00f6rdr\u00f6jning (1-3 dagar, ibland l\u00e4ngre) och ben\u00e4mns d\u00e5 f\u00f6rdr\u00f6jt postaktivitetsskov (delayed post activity relapse, DPAR).<\/p>\n\n\n\n<p>Exempel p\u00e5 vanliga symtom \u00e4r kognitiva sv\u00e5righeter, mental dimma, v\u00e4rk, s\u00f6mnst\u00f6rningar, temperaturregleringsst\u00f6rningar, malaise, frekvent urinering, utmattning, tr\u00f6tthet, sjukdomsk\u00e4nsla, huvudv\u00e4rk, v\u00e4rk i muskler och leder, minnes- och koncentrationssv\u00e5righeter, k\u00e4nslighet f\u00f6r temperaturf\u00f6r\u00e4ndringar, frusenhet, of\u00f6rm\u00e5ga att bearbeta information, feberk\u00e4nsla, s\u00f6mnproblem, influensaliknande symtom, dimsyn, \u00f6verk\u00e4nslighet emot ljud (hyperakusi), \u00f6verk\u00e4nslighet emot ljus, \u00f6verk\u00e4nslighet emot ber\u00f6ring, allodyni <a class=\"inlref\" href=\"#nota\">[a]<\/a>, och \u00f6ronsusningar. Det \u00e4r vanligt med \u00f6verk\u00e4nslighet emot alkohol, medicin och f\u00f6do\u00e4mnen.<\/p>\n\n\n\n<p>Symtomen brukar \u00f6ka vid uppr\u00e4tt st\u00e4llning, speciellt ifall patienten \u00e4r extra utmattad eller sv\u00e5rt drabbad. N\u00e4r patienterna har en s\u00e4mre period, brukar de t.ex. beskriva det som om de \u00e4r k\u00f6rda genom ett tr\u00f6skverk eller \u00f6verk\u00f6rda av en lastbil; eller att det k\u00e4nns som att ha en sv\u00e5r influensa samtidigt som en rej\u00e4l bakfylla. Ljud kan upplevas som rena tortyren. Huvudv\u00e4rk kan vara sv\u00e5rartad och f\u00f6rekommer i m\u00e5nga olika former. Det kan t.e.x k\u00e4nnas som inflammation inne i huvudet, som huvudet pressas samman av ett skruvst\u00e4d eller som n\u00e5gon svetsar inne i huvudet.<\/p>\n\n\n\n<p>De v\u00e4rst drabbade patienterna \u00e4r s\u00e4ngbundna och klarar ej st\u00e5 upp, tolerar inte ljud eller ljus, varf\u00f6r de m\u00e5ste ligga ensamna i tysta m\u00f6rklagda rum. Dessa patienter har vad man brukar ben\u00e4mna mycket sv\u00e5r myalgisk encefalomyelit.<\/p>\n\n\n\n<h3 class=\"wp-block-heading\">Diagnos<\/h3>\n\n\n\n<p>Kriterier f\u00f6r diagnos finns i Internationella koncensuskriterierna 2011 <a class=\"inlref\" href=\"#ref7\">[7]<\/a> eller Kanadas koncensusdokument 2003 <a class=\"inlref\" href=\"#ref6\">[6]<\/a>. Sjukdomen beskrivs utf\u00f6rligt av E.D. Achesson 1959 <a class=\"inlref\" href=\"#ref5\">[5]<\/a>, A.L Wallis 1957 <a class=\"inlref\" href=\"#ref4\">[4]<\/a> och A. Melvin Ramsay <a class=\"inlref\" href=\"#ref1\">[1,2,3]<\/a>.<\/p>\n\n\n\n<p>Diagnosen st\u00e4lls ifall man uppfyller vissa kriterier samt genom att utesluta andra sjukdomar. Arbetet med att utesluta andra sjukdomar \u00e4r viktigt och f\u00e5r inte slarvas med. De internationella konsensus-kriterierna (2011) eller Kanada-kriterierna (2003) rekommenderas. De internationella konsensus-kriterierna \u00e4r i princip en f\u00f6rfining av Kanada-kriterierna.<\/p>\n\n\n\n<p>Myalgisk encefalomyelit \u00e4r en striktare diagnos \u00e4n kroniskt tr\u00f6tthetssyndrom (CFS), och Centers for Disease Control and Prevention (CDC) i USA som definierat kroniskt tr\u00f6tthetssyndrom menar att ME har neurologiska och muskul\u00e4ra tecken, och en fallbeskrivning (definition) som skiljer sig \u00e5t fr\u00e5n kroniskt tr\u00f6tthetssyndrom (CFS) <a class=\"inlref\" href=\"#ref8\">[8]<\/a>.<\/p>\n\n\n\n<p>Kriterierna fr\u00e5n 1994 (Fukuda) av CDC (Centers for disease control and prevention USA) f\u00f6r kroniskt tr\u00f6tthetssyndrom (cronic fatigue syndrome, CFS) \u00e4r luddiga. De engelska Oxfordkriterierna fr\u00e5n 1991 f\u00f6r kroniskt tr\u00f6tthetssyndrom kr\u00e4ver inte annat \u00e4n kronisk tr\u00f6tthet och borde inte kallas f\u00f6r ett syndrom. Den s\u00e5 kallade empiriska definitionen f\u00f6r kroniskt tr\u00f6tthetssyndrom fr\u00e5n 2005 av Reeves p\u00e5 CDC \u00e4r extremt mycket mer inkluderande \u00e4n Fukuda 1994 och definierar en helt annan population.<\/p>\n\n\n\n<h3 class=\"wp-block-heading\">Behandling<\/h3>\n\n\n\n<p>Behandlingen inriktas p\u00e5 att lindra de mest bev\u00e4rande symtomen. ME-patienter \u00e4r ofta \u00f6verk\u00e4nsliga mot l\u00e4kemedel, vilket p\u00e5verkar val av dos och typ av preparat. Doseringen b\u00f6r initialt vara mycket l\u00e5g och upptrappning f\u00f6rsiktig. M\u00e5nga patienter beh\u00f6ver hj\u00e4lp att styra s\u00f6mnrytmen (t.ex. amitriptylin, melatonin, prometazin, hydroxizin, propiomazin, zopiklon, klonazepam). Sm\u00e4rta kan beh\u00f6va behandlas (t.ex. NSAID, amitriptylin, gabapentin, pregabalin, duloxetin). Depressiva symtom kan beh\u00f6va behandlas (t.ex. escitalopram, sertralin, venlafaxin, duloxetin), och vid ins\u00e4ttning b\u00f6r \u00e5ngestd\u00e4mpande (t.ex. oxazepam) finnas tillg\u00e4ngligt f\u00f6r patienten kan f\u00e5 permanenta f\u00f6rs\u00e4mringar av stressen fr\u00e5n en initial \u00e5ngeststegring. M\u00e5nga patienter k\u00e4nner sig n\u00e5got b\u00e4ttre av B12-injektioner eller l\u00e5g dos naltrexon (low dose naltrexone, LDN). F\u00f6r att minska p\u00e5 symtomen \u00e4r det viktigt med en stressfri, lugn och tyst milj\u00f6 samt vila, lagom v\u00e4rme och frisk luft.<\/p>\n\n\n\n<h3 class=\"wp-block-heading\">R\u00e5d till patienten<\/h3>\n\n\n\n<p>Det \u00e4r viktigt att f\u00f6rs\u00f6ka l\u00e5ta bli faktorer som kan f\u00f6rs\u00e4mra h\u00e4lsotillst\u00e5ndet. Symtomet med malaise\/utmattning\/tr\u00f6tthet som varar mer \u00e4n 24 timmar efter mental eller fysisk anstr\u00e4ngning, kan hanteras genom att titta tillbaka 1-3 dagar och f\u00f6rs\u00f6ka identifiera vad som orsakat f\u00f6rs\u00e4mringen. Sedan anpassas aktiviteterna s\u00e5 f\u00f6rs\u00e4mringar p\u00e5 grund av \u00f6verdriven aktivering undvikes. Vilopauser l\u00e4gges in regelbundet. Saker som kan f\u00f6rv\u00e4rra tillst\u00e5ndet \u00e4r t.ex.: virusinfektioner, nedkylning, \u00f6verdrivna fysiska och mentala aktiviteter, kraftiga visuella\/akustiska exponeringar, intensiva och komplexa informationsfl\u00f6den, stress och tidspressade aktiviteter, att k\u00f6ra\/\u00e5ka bil l\u00e5nga str\u00e4ckor, l\u00e5nga flygresor, f\u00f6do\u00e4mnen som kan ge upphov till \u00f6verk\u00e4nslighetsreaktioner samt kaffe och alkohol.<\/p>\n\n\n\n<h3 class=\"wp-block-heading\">R\u00e5d till omgivningen<\/h3>\n\n\n\n<p>Det \u00e4r viktigt f\u00f6r n\u00e4rst\u00e5ende att inte f\u00f6rs\u00f6ka pressa den sjuke till aktiviteter som de inte klarar av. \u00c4ven en m\u00e5ttlig anstr\u00e4ngning kan ge f\u00f6ljder \u00f6ver ett antal dagar. F\u00f6rm\u00e5gan att klara av olika saker kan variera starkt fr\u00e5n dag till dag eller timme till timme. Stress och press f\u00f6rs\u00e4mrar tillst\u00e5ndet. Barn har oftast ett mera varierande sjukdomstillst\u00e5nd \u00e4n vuxna. De kan beh\u00f6va hemundervisning eller p\u00e5 annat s\u00e4tt anpassade studier.<\/p>\n\n\n\n<h2 class=\"wp-block-heading\">Ordf\u00f6rklaringar<\/h2>\n\n\n\n<p id=\"nota\">a. Allodyni inneb\u00e4r att stimuli, som normalt sett inte upplevs sm\u00e4rtsamt, upplevs sm\u00e4rtsamt. J\u00e4mf\u00f6r med hyperalgesi som inneb\u00e4r att ett stimuli, som normalt sett \u00e4r sm\u00e4rtsamt, upplevs \u00e4nnu mer sm\u00e4rtsamt.<\/p>\n\n\n\n<h2 class=\"wp-block-heading\">Referenser<\/h2>\n\n\n\n<p id=\"ref1\">1. Ramsay AM, O\u2019Sullivan E. <em>\u201cEncephalomyelitis simulating poliomyelitis\u201d<\/em>. Lancet 1956; 1: 761\u20136.<\/p>\n\n\n\n<p id=\"ref2\">2. A. Melvin Ramsay <em>\u201cPostviral fatigue syndrome &#8211; The saga of the Royal Free Disease\u201d<\/em>, Gower Medical Publishing London 1986<\/p>\n\n\n\n<p id=\"ref3\">3. A. Melvin Ramsay<em> \u201cMyalgic Encephalomyelitis and Postviral Fatigue States: The Sage of Royal Free disease\u201d<\/em>, 2nd edition Gower Medical Publishing London 1988 ISBN 0906923999, reprint 2012 ISBN 978-0-9550490-2-6 k\u00f6pes av <a href=\"https:\/\/meassociation.org.uk\/product\/saga-of-royal-free-disease\/\" target=\"_blank\" rel=\"alternate\">ME Association<\/a><\/p>\n\n\n\n<p id=\"ref4\">4. Andrew (Lachlan) Wallis. <em>\u201cAn investigation into an unusual disease seen in epidemic and sporadic form in a general practice in Cumberland in 1955 and subsequent years\u201d<\/em>. MD Thesis. University of Edinburgh, 1957<\/p>\n\n\n\n<p id=\"ref5\">5. (Ernest) Donald Acheson. <em>\u201cThe Clinical Syndrome Variously Called Benign Myalgic Encephalomyelitis, Iceland Disease and Epidemic Neuromyasthenia\u201d<\/em>. American Journal of Medicine 1959; 26: 569\u2013595<\/p>\n\n\n\n<p id=\"ref6\">6. Kanadas konsensusdokument: <em>\u201cMyalgic Encephalomyelitis\/Chronic Fatigue Syndrome: <a href=\"https:\/\/me-foreningen.se\/filer\/Canada-2003.pdf\" target=\"_blank\" rel=\"alternate\">Clinical Working Case Definition, Diagnostic and Treatment Protocols<\/a>\u201d<\/em>. Journal of Chronic Fatigue Syndrome, Volume 11, Number 1, 2003, ISBN: 0-7890-2207-9<\/p>\n\n\n\n<p id=\"ref7\">7. <em>\u201cMyalgic encephalomyelitis: <a href=\"https:\/\/onlinelibrary.wiley.com\/doi\/10.1111\/j.1365-2796.2011.02428.x\/full\" target=\"_blank\" rel=\"alternate\">International Consensus Criteria<\/a>\u201d<\/em>. Carruthers BM et al. J Intern Med. 2011 Oct;270(4):327-38<\/p>\n\n\n\n<p id=\"ref8\">8. <a href=\"https:\/\/web.archive.org\/web\/20100928184236\/http:\/\/www.cdc.gov\/cfs\/education\/wb1032\/chapter1-1.html\" target=\"_blank\" rel=\"noreferrer noopener\">CDC continuous medical education<\/a> Citation: \u201cThe name myalgic encephalomyelitis (ME) was coined in the 1950s to clarify well-documented outbreaks of disease; however, ME is accompanied by neurologic and muscular signs and has a case definition distinct from that of CFS.\u201d<\/p>\n\n\n\n<p><\/p>\n","protected":false},"excerpt":{"rendered":"<p>Myalgisk Encefalomyelit (ME) \u00e4r en sv\u00e5r kronisk funktionsneds\u00e4ttande neuroimmun sjukdom som drabbar b\u00e5de m\u00e4n, kvinnor och barn. Omkring 0,4% av befolkningen ber\u00e4knas vara drabbade av sjukdomen, vilket i Sverige blir 36\u202f000 personer. Insjuknandet \u00e4r ofta pl\u00f6tsligt, ofta i samband med infektion, men progressivt insjuknande f\u00f6rekommer ocks\u00e5. F\u00e4rre \u00e4n 6% tillfrisknar. Patienterna har st\u00f6rningar p\u00e5 autonoma [&hellip;]<\/p>\n","protected":false},"author":1,"featured_media":0,"parent":0,"menu_order":0,"comment_status":"closed","ping_status":"closed","template":"","meta":{"footnotes":""},"class_list":["post-7","page","type-page","status-publish","hentry"],"yoast_head":"<!-- This site is optimized with the Yoast SEO plugin v27.3 - https:\/\/yoast.com\/product\/yoast-seo-wordpress\/ -->\n<title>Myalgisk Encefalomyelit - ME information<\/title>\n<meta name=\"robots\" content=\"index, follow, max-snippet:-1, max-image-preview:large, max-video-preview:-1\" \/>\n<link rel=\"canonical\" href=\"https:\/\/me-cfs.se\/info\/\" \/>\n<meta property=\"og:locale\" content=\"sv_SE\" \/>\n<meta property=\"og:type\" content=\"article\" \/>\n<meta property=\"og:title\" content=\"Myalgisk Encefalomyelit - ME information\" \/>\n<meta property=\"og:description\" content=\"Myalgisk Encefalomyelit (ME) \u00e4r en sv\u00e5r kronisk funktionsneds\u00e4ttande neuroimmun sjukdom som drabbar b\u00e5de m\u00e4n, kvinnor och barn. Omkring 0,4% av befolkningen ber\u00e4knas vara drabbade av sjukdomen, vilket i Sverige blir 36\u202f000 personer. Insjuknandet \u00e4r ofta pl\u00f6tsligt, ofta i samband med infektion, men progressivt insjuknande f\u00f6rekommer ocks\u00e5. F\u00e4rre \u00e4n 6% tillfrisknar. Patienterna har st\u00f6rningar p\u00e5 autonoma [&hellip;]\" \/>\n<meta property=\"og:url\" content=\"https:\/\/me-cfs.se\/info\/\" \/>\n<meta property=\"og:site_name\" content=\"ME information\" \/>\n<meta property=\"article:modified_time\" content=\"2026-04-12T18:28:04+00:00\" \/>\n<meta name=\"twitter:card\" content=\"summary_large_image\" \/>\n<meta name=\"twitter:label1\" content=\"Ber\u00e4knad l\u00e4stid\" \/>\n\t<meta name=\"twitter:data1\" content=\"7 minuter\" \/>\n<script type=\"application\/ld+json\" class=\"yoast-schema-graph\">{\"@context\":\"https:\\\/\\\/schema.org\",\"@graph\":[{\"@type\":\"WebPage\",\"@id\":\"https:\\\/\\\/me-cfs.se\\\/info\\\/\",\"url\":\"https:\\\/\\\/me-cfs.se\\\/info\\\/\",\"name\":\"Myalgisk Encefalomyelit - ME information\",\"isPartOf\":{\"@id\":\"https:\\\/\\\/me-cfs.se\\\/info\\\/#website\"},\"datePublished\":\"2026-04-03T20:33:25+00:00\",\"dateModified\":\"2026-04-12T18:28:04+00:00\",\"breadcrumb\":{\"@id\":\"https:\\\/\\\/me-cfs.se\\\/info\\\/#breadcrumb\"},\"inLanguage\":\"sv-SE\",\"potentialAction\":[{\"@type\":\"ReadAction\",\"target\":[\"https:\\\/\\\/me-cfs.se\\\/info\\\/\"]}]},{\"@type\":\"BreadcrumbList\",\"@id\":\"https:\\\/\\\/me-cfs.se\\\/info\\\/#breadcrumb\",\"itemListElement\":[{\"@type\":\"ListItem\",\"position\":1,\"name\":\"Hem\",\"item\":\"https:\\\/\\\/me-cfs.se\\\/info\\\/\"},{\"@type\":\"ListItem\",\"position\":2,\"name\":\"Myalgisk Encefalomyelit\"}]},{\"@type\":\"WebSite\",\"@id\":\"https:\\\/\\\/me-cfs.se\\\/info\\\/#website\",\"url\":\"https:\\\/\\\/me-cfs.se\\\/info\\\/\",\"name\":\"ME information\",\"description\":\"\",\"publisher\":{\"@id\":\"https:\\\/\\\/me-cfs.se\\\/info\\\/#organization\"},\"alternateName\":\"Information om den neuroimmuna sjukdomen myalgisk encefalomyelit\",\"potentialAction\":[{\"@type\":\"SearchAction\",\"target\":{\"@type\":\"EntryPoint\",\"urlTemplate\":\"https:\\\/\\\/me-cfs.se\\\/info\\\/?s={search_term_string}\"},\"query-input\":{\"@type\":\"PropertyValueSpecification\",\"valueRequired\":true,\"valueName\":\"search_term_string\"}}],\"inLanguage\":\"sv-SE\"},{\"@type\":\"Organization\",\"@id\":\"https:\\\/\\\/me-cfs.se\\\/info\\\/#organization\",\"name\":\"ME information\",\"alternateName\":\"Information om den neuroimmuna sjukdomen myalgisk encefalomyelit\",\"url\":\"https:\\\/\\\/me-cfs.se\\\/info\\\/\",\"logo\":{\"@type\":\"ImageObject\",\"inLanguage\":\"sv-SE\",\"@id\":\"https:\\\/\\\/me-cfs.se\\\/info\\\/#\\\/schema\\\/logo\\\/image\\\/\",\"url\":\"https:\\\/\\\/me-cfs.se\\\/info\\\/wp-content\\\/uploads\\\/2026\\\/04\\\/favicon-mecfsse-v3-512x512-1.png\",\"contentUrl\":\"https:\\\/\\\/me-cfs.se\\\/info\\\/wp-content\\\/uploads\\\/2026\\\/04\\\/favicon-mecfsse-v3-512x512-1.png\",\"width\":512,\"height\":512,\"caption\":\"ME information\"},\"image\":{\"@id\":\"https:\\\/\\\/me-cfs.se\\\/info\\\/#\\\/schema\\\/logo\\\/image\\\/\"}}]}<\/script>\n<!-- \/ Yoast SEO plugin. -->","yoast_head_json":{"title":"Myalgisk Encefalomyelit - ME information","robots":{"index":"index","follow":"follow","max-snippet":"max-snippet:-1","max-image-preview":"max-image-preview:large","max-video-preview":"max-video-preview:-1"},"canonical":"https:\/\/me-cfs.se\/info\/","og_locale":"sv_SE","og_type":"article","og_title":"Myalgisk Encefalomyelit - ME information","og_description":"Myalgisk Encefalomyelit (ME) \u00e4r en sv\u00e5r kronisk funktionsneds\u00e4ttande neuroimmun sjukdom som drabbar b\u00e5de m\u00e4n, kvinnor och barn. Omkring 0,4% av befolkningen ber\u00e4knas vara drabbade av sjukdomen, vilket i Sverige blir 36\u202f000 personer. Insjuknandet \u00e4r ofta pl\u00f6tsligt, ofta i samband med infektion, men progressivt insjuknande f\u00f6rekommer ocks\u00e5. F\u00e4rre \u00e4n 6% tillfrisknar. Patienterna har st\u00f6rningar p\u00e5 autonoma [&hellip;]","og_url":"https:\/\/me-cfs.se\/info\/","og_site_name":"ME information","article_modified_time":"2026-04-12T18:28:04+00:00","twitter_card":"summary_large_image","twitter_misc":{"Ber\u00e4knad l\u00e4stid":"7 minuter"},"schema":{"@context":"https:\/\/schema.org","@graph":[{"@type":"WebPage","@id":"https:\/\/me-cfs.se\/info\/","url":"https:\/\/me-cfs.se\/info\/","name":"Myalgisk Encefalomyelit - ME information","isPartOf":{"@id":"https:\/\/me-cfs.se\/info\/#website"},"datePublished":"2026-04-03T20:33:25+00:00","dateModified":"2026-04-12T18:28:04+00:00","breadcrumb":{"@id":"https:\/\/me-cfs.se\/info\/#breadcrumb"},"inLanguage":"sv-SE","potentialAction":[{"@type":"ReadAction","target":["https:\/\/me-cfs.se\/info\/"]}]},{"@type":"BreadcrumbList","@id":"https:\/\/me-cfs.se\/info\/#breadcrumb","itemListElement":[{"@type":"ListItem","position":1,"name":"Hem","item":"https:\/\/me-cfs.se\/info\/"},{"@type":"ListItem","position":2,"name":"Myalgisk Encefalomyelit"}]},{"@type":"WebSite","@id":"https:\/\/me-cfs.se\/info\/#website","url":"https:\/\/me-cfs.se\/info\/","name":"ME information","description":"","publisher":{"@id":"https:\/\/me-cfs.se\/info\/#organization"},"alternateName":"Information om den neuroimmuna sjukdomen myalgisk encefalomyelit","potentialAction":[{"@type":"SearchAction","target":{"@type":"EntryPoint","urlTemplate":"https:\/\/me-cfs.se\/info\/?s={search_term_string}"},"query-input":{"@type":"PropertyValueSpecification","valueRequired":true,"valueName":"search_term_string"}}],"inLanguage":"sv-SE"},{"@type":"Organization","@id":"https:\/\/me-cfs.se\/info\/#organization","name":"ME information","alternateName":"Information om den neuroimmuna sjukdomen myalgisk encefalomyelit","url":"https:\/\/me-cfs.se\/info\/","logo":{"@type":"ImageObject","inLanguage":"sv-SE","@id":"https:\/\/me-cfs.se\/info\/#\/schema\/logo\/image\/","url":"https:\/\/me-cfs.se\/info\/wp-content\/uploads\/2026\/04\/favicon-mecfsse-v3-512x512-1.png","contentUrl":"https:\/\/me-cfs.se\/info\/wp-content\/uploads\/2026\/04\/favicon-mecfsse-v3-512x512-1.png","width":512,"height":512,"caption":"ME information"},"image":{"@id":"https:\/\/me-cfs.se\/info\/#\/schema\/logo\/image\/"}}]}},"_links":{"self":[{"href":"https:\/\/me-cfs.se\/info\/wp-json\/wp\/v2\/pages\/7","targetHints":{"allow":["GET"]}}],"collection":[{"href":"https:\/\/me-cfs.se\/info\/wp-json\/wp\/v2\/pages"}],"about":[{"href":"https:\/\/me-cfs.se\/info\/wp-json\/wp\/v2\/types\/page"}],"author":[{"embeddable":true,"href":"https:\/\/me-cfs.se\/info\/wp-json\/wp\/v2\/users\/1"}],"replies":[{"embeddable":true,"href":"https:\/\/me-cfs.se\/info\/wp-json\/wp\/v2\/comments?post=7"}],"version-history":[{"count":12,"href":"https:\/\/me-cfs.se\/info\/wp-json\/wp\/v2\/pages\/7\/revisions"}],"predecessor-version":[{"id":192,"href":"https:\/\/me-cfs.se\/info\/wp-json\/wp\/v2\/pages\/7\/revisions\/192"}],"wp:attachment":[{"href":"https:\/\/me-cfs.se\/info\/wp-json\/wp\/v2\/media?parent=7"}],"curies":[{"name":"wp","href":"https:\/\/api.w.org\/{rel}","templated":true}]}}